{"id":2391,"date":"2026-03-26T12:03:34","date_gmt":"2026-03-26T12:03:34","guid":{"rendered":"https:\/\/realestatezajac.com\/"},"modified":"2026-05-01T16:09:00","modified_gmt":"2026-05-01T16:09:00","slug":"viersen-germany-3-room-ground-floor-apartment-with-balcony","status":"publish","type":"product","link":"https:\/\/realestatezajac.com\/en\/estate\/viersen-germany-3-room-ground-floor-apartment-with-balcony\/","title":{"rendered":"Viersen, Germany \u2013 3.5-room ground floor apartment with balcony"},"content":{"rendered":"","protected":false},"excerpt":{"rendered":"<p>Modernized, high-quality finishes and ready to move in \u2013 your new home with character.<\/p>\n<p>This stylishly modernized apartment impresses with its high-quality furnishings, thoughtful details, and impeccable condition. The property has seen consistent investment in recent years \u2013 an ideal solution for discerning homeowners or investors seeking long-term value appreciation.<\/p>\n<p>The living space is bright and cozy, accentuated by large windows and a modern design. Almost all of the windows have been replaced in recent years\u2014the children's room and balcony doors were recently installed, and the remaining windows were modernized about three years ago.<\/p>\n<p>The completely renovated bathroom is an additional highlight: in addition to new plumbing, special emphasis was placed on design and quality. High-quality tiles and elegant Villeroy &amp; Boch ceramics, combined with modern, black designer tapware, create a sophisticated, timeless, and welcoming atmosphere. A new electronic instantaneous water heater ensures efficient and immediate hot water.<\/p>\n<p>The entire apartment features modern, high-quality wood-effect vinyl flooring, which is not only visually appealing but also easy to maintain and durable. All walls have been freshly wallpapered, enhancing the apartment's move-in-ready appearance.<\/p>\n<p>The smallest details create a coherent, overall design: new interior doors in classic white, combined with stylish black door handles, add modern accents and create a harmonious look.<\/p>\n<p>Another advantage is the recently renovated heating system throughout the building, which is scheduled for modernisation in 2023 \u2013 a key factor in energy efficiency and future planning security.<\/p>\n<p>Additionally, the housing association has a significant maintenance reserve of over 300.000\u20ac, demonstrating solid financial foundations and long-term value retention. This fully modernized apartment boasts high-quality furnishings, aesthetic design, and sustainable investments \u2013 move in and feel at home without any additional expense.<\/p>\n<p>Year of construction: 1965<\/p>","protected":false},"featured_media":2506,"template":"","meta":{"_acf_changed":false},"product_brand":[],"product_cat":[19,15],"product_tag":[],"class_list":{"0":"post-2391","1":"product","2":"type-product","3":"status-publish","4":"has-post-thumbnail","6":"product_cat-niemcy","7":"product_cat-wszystkie","9":"first","10":"instock","11":"shipping-taxable","12":"product-type-simple"},"acf":[],"yoast_head":"<!-- This site is optimized with the Yoast SEO plugin v27.1.1 - https:\/\/yoast.com\/product\/yoast-seo-wordpress\/ -->\n<title>Viersen, Niemcy - Mieszkanie 3,5-pokojowe na parterze z balkonem - Karolina Zaj\u0105c mi\u0119dzynarodowy agent nieruchomo\u015bci<\/title>\n<meta name=\"robots\" content=\"index, follow, max-snippet:-1, max-image-preview:large, max-video-preview:-1\" \/>\n<link rel=\"canonical\" href=\"https:\/\/realestatezajac.com\/en\/estate\/viersen-germany-3-room-ground-floor-apartment-with-balcony\/\" \/>\n<meta property=\"og:locale\" content=\"en_GB\" \/>\n<meta property=\"og:type\" content=\"article\" \/>\n<meta property=\"og:title\" content=\"Viersen, Niemcy - Mieszkanie 3,5-pokojowe na parterze z balkonem - Karolina Zaj\u0105c mi\u0119dzynarodowy agent nieruchomo\u015bci\" \/>\n<meta property=\"og:description\" content=\"Zmodernizowane, wysokiej jako\u015bci wyko\u0144czenia i gotowe do zamieszkania - Tw\u00f3j nowy dom z charakterem.  To stylowo zmodernizowane mieszkanie zachwyca wysokiej jako\u015bci wyposa\u017ceniem, przemy\u015blanymi detalami i nienagannym stanem. W ostatnich latach konsekwentnie inwestowano w nieruchomo\u015b\u0107 - idealne rozwi\u0105zanie dla wymagaj\u0105cych w\u0142a\u015bcicieli lub inwestor\u00f3w poszukuj\u0105cych d\u0142ugoterminowego wzrostu warto\u015bci.  Przestrze\u0144 dzienna jest jasna i przytulna, podkre\u015blona du\u017cymi oknami i nowoczesnym designem. Prawie wszystkie okna zosta\u0142y wymienione w ostatnich latach - pok\u00f3j dzieci\u0119cy i drzwi balkonowe zosta\u0142y niedawno zainstalowane, a pozosta\u0142e okna zmodernizowano oko\u0142o trzy lata temu.  Dodatkowym atutem jest ca\u0142kowicie odnowiona \u0142azienka: opr\u00f3cz nowej instalacji wodno-kanalizacyjnej, szczeg\u00f3lny nacisk po\u0142o\u017cono na design i jako\u015b\u0107. Wysokiej jako\u015bci p\u0142ytki i elegancka ceramika Villeroy &amp; Boch w po\u0142\u0105czeniu z nowoczesn\u0105, czarn\u0105 armatur\u0105 designersk\u0105 tworz\u0105 wyrafinowan\u0105, ponadczasow\u0105 i przyjazn\u0105 atmosfer\u0119. Nowy elektroniczny przep\u0142ywowy podgrzewacz wody zapewnia wydajne i natychmiastowe dostarczanie ciep\u0142ej wody.  W ca\u0142ym mieszkaniu po\u0142o\u017cono nowoczesn\u0105 pod\u0142og\u0119 winylow\u0105 o wysokiej jako\u015bci imitacji drewna, kt\u00f3ra jest nie tylko atrakcyjna wizualnie, ale tak\u017ce \u0142atwa w piel\u0119gnacji i trwa\u0142a. Wszystkie \u015bciany zosta\u0142y \u015bwie\u017co wytapetowane, co podkre\u015bla stan apartamentu gotowego do zamieszkania.  Najdrobniejsze detale tworz\u0105 sp\u00f3jny, ca\u0142o\u015bciowy projekt: nowe drzwi wewn\u0119trzne w klasycznej bieli, w po\u0142\u0105czeniu ze stylowymi czarnymi klamkami, dodaj\u0105 nowoczesnych akcent\u00f3w i tworz\u0105 harmonijny wygl\u0105d.  Kolejnym atutem jest niedawno odnowiony system ogrzewania w ca\u0142ym budynku, kt\u00f3ry ma zosta\u0107 zmodernizowany w 2023 roku - kluczowy czynnik wp\u0142ywaj\u0105cy na efektywno\u015b\u0107 energetyczn\u0105 i bezpiecze\u0144stwo planowania na przysz\u0142o\u015b\u0107.  Dodatkowo, wsp\u00f3lnota mieszkaniowa dysponuje znacznym rezerw\u0105 na koszty utrzymania w wysoko\u015bci ponad 300 000 euro, co \u015bwiadczy o solidnych fundamentach finansowych i d\u0142ugoterminowym utrzymaniu warto\u015bci. Ca\u0142kowicie zmodernizowany apartament z wysokiej jako\u015bci wyposa\u017ceniem, estetycznym designem i zr\u00f3wnowa\u017conymi inwestycjami - zamieszkaj i poczuj si\u0119 jak w domu bez dodatkowych nak\u0142ad\u00f3w.  Rok budowy: 1965 r.\" \/>\n<meta property=\"og:url\" content=\"https:\/\/realestatezajac.com\/en\/estate\/viersen-germany-3-room-ground-floor-apartment-with-balcony\/\" \/>\n<meta property=\"og:site_name\" content=\"Karolina Zaj\u0105c mi\u0119dzynarodowy agent nieruchomo\u015bci\" \/>\n<meta property=\"article:modified_time\" content=\"2026-05-01T16:09:00+00:00\" \/>\n<meta property=\"og:image\" content=\"https:\/\/realestatezajac.com\/wp-content\/uploads\/2026\/03\/OSI0006-HDR-Edytuj-scaled.jpg\" \/>\n\t<meta property=\"og:image:width\" content=\"2560\" \/>\n\t<meta property=\"og:image:height\" content=\"1707\" \/>\n\t<meta property=\"og:image:type\" content=\"image\/jpeg\" \/>\n<meta name=\"twitter:card\" content=\"summary_large_image\" \/>\n<meta name=\"twitter:label1\" content=\"Estimated reading time\" \/>\n\t<meta name=\"twitter:data1\" content=\"1 minute\" \/>\n<script type=\"application\/ld+json\" class=\"yoast-schema-graph\">{\"@context\":\"https:\/\/schema.org\",\"@graph\":[{\"@type\":\"WebPage\",\"@id\":\"https:\/\/realestatezajac.com\/nieruchomosc\/viersen-niemcy-mieszkanie-3-pokojowe-na-parterze-z-balkonem\/\",\"url\":\"https:\/\/realestatezajac.com\/nieruchomosc\/viersen-niemcy-mieszkanie-3-pokojowe-na-parterze-z-balkonem\/\",\"name\":\"Viersen, Niemcy - Mieszkanie 3,5-pokojowe na parterze z balkonem - Karolina Zaj\u0105c mi\u0119dzynarodowy agent nieruchomo\u015bci\",\"isPartOf\":{\"@id\":\"https:\/\/realestatezajac.com\/#website\"},\"primaryImageOfPage\":{\"@id\":\"https:\/\/realestatezajac.com\/nieruchomosc\/viersen-niemcy-mieszkanie-3-pokojowe-na-parterze-z-balkonem\/#primaryimage\"},\"image\":{\"@id\":\"https:\/\/realestatezajac.com\/nieruchomosc\/viersen-niemcy-mieszkanie-3-pokojowe-na-parterze-z-balkonem\/#primaryimage\"},\"thumbnailUrl\":\"https:\/\/realestatezajac.com\/wp-content\/uploads\/2026\/03\/OSI0006-HDR-Edytuj-scaled.jpg\",\"datePublished\":\"2026-03-26T12:03:34+00:00\",\"dateModified\":\"2026-05-01T16:09:00+00:00\",\"breadcrumb\":{\"@id\":\"https:\/\/realestatezajac.com\/nieruchomosc\/viersen-niemcy-mieszkanie-3-pokojowe-na-parterze-z-balkonem\/#breadcrumb\"},\"inLanguage\":\"en-GB\",\"potentialAction\":[{\"@type\":\"ReadAction\",\"target\":[\"https:\/\/realestatezajac.com\/nieruchomosc\/viersen-niemcy-mieszkanie-3-pokojowe-na-parterze-z-balkonem\/\"]}]},{\"@type\":\"ImageObject\",\"inLanguage\":\"en-GB\",\"@id\":\"https:\/\/realestatezajac.com\/nieruchomosc\/viersen-niemcy-mieszkanie-3-pokojowe-na-parterze-z-balkonem\/#primaryimage\",\"url\":\"https:\/\/realestatezajac.com\/wp-content\/uploads\/2026\/03\/OSI0006-HDR-Edytuj-scaled.jpg\",\"contentUrl\":\"https:\/\/realestatezajac.com\/wp-content\/uploads\/2026\/03\/OSI0006-HDR-Edytuj-scaled.jpg\",\"width\":2560,\"height\":1707},{\"@type\":\"BreadcrumbList\",\"@id\":\"https:\/\/realestatezajac.com\/nieruchomosc\/viersen-niemcy-mieszkanie-3-pokojowe-na-parterze-z-balkonem\/#breadcrumb\",\"itemListElement\":[{\"@type\":\"ListItem\",\"position\":1,\"name\":\"Strona g\u0142\u00f3wna\",\"item\":\"https:\/\/realestatezajac.com\/\"},{\"@type\":\"ListItem\",\"position\":2,\"name\":\"Nieruchomo\u015bci\",\"item\":\"https:\/\/realestatezajac.com\/nieruchomosci\/\"},{\"@type\":\"ListItem\",\"position\":3,\"name\":\"Viersen, Niemcy &#8211; Mieszkanie 3,5-pokojowe na parterze z balkonem\"}]},{\"@type\":\"WebSite\",\"@id\":\"https:\/\/realestatezajac.com\/#website\",\"url\":\"https:\/\/realestatezajac.com\/\",\"name\":\"Karolina Zaj\u0105c mi\u0119dzynarodowy agent nieruchomo\u015bci\",\"description\":\"agent nieruchomo\u015bci Niemcy, Polska, Cypr\",\"potentialAction\":[{\"@type\":\"SearchAction\",\"target\":{\"@type\":\"EntryPoint\",\"urlTemplate\":\"https:\/\/realestatezajac.com\/?s={search_term_string}\"},\"query-input\":{\"@type\":\"PropertyValueSpecification\",\"valueRequired\":true,\"valueName\":\"search_term_string\"}}],\"inLanguage\":\"en-GB\"}]}<\/script>\n<!-- \/ Yoast SEO plugin. -->","yoast_head_json":{"title":"Viersen, Niemcy - Mieszkanie 3,5-pokojowe na parterze z balkonem - Karolina Zaj\u0105c mi\u0119dzynarodowy agent nieruchomo\u015bci","robots":{"index":"index","follow":"follow","max-snippet":"max-snippet:-1","max-image-preview":"max-image-preview:large","max-video-preview":"max-video-preview:-1"},"canonical":"https:\/\/realestatezajac.com\/en\/estate\/viersen-germany-3-room-ground-floor-apartment-with-balcony\/","og_locale":"en_GB","og_type":"article","og_title":"Viersen, Niemcy - Mieszkanie 3,5-pokojowe na parterze z balkonem - Karolina Zaj\u0105c mi\u0119dzynarodowy agent nieruchomo\u015bci","og_description":"Zmodernizowane, wysokiej jako\u015bci wyko\u0144czenia i gotowe do zamieszkania - Tw\u00f3j nowy dom z charakterem.  To stylowo zmodernizowane mieszkanie zachwyca wysokiej jako\u015bci wyposa\u017ceniem, przemy\u015blanymi detalami i nienagannym stanem. W ostatnich latach konsekwentnie inwestowano w nieruchomo\u015b\u0107 - idealne rozwi\u0105zanie dla wymagaj\u0105cych w\u0142a\u015bcicieli lub inwestor\u00f3w poszukuj\u0105cych d\u0142ugoterminowego wzrostu warto\u015bci.  Przestrze\u0144 dzienna jest jasna i przytulna, podkre\u015blona du\u017cymi oknami i nowoczesnym designem. Prawie wszystkie okna zosta\u0142y wymienione w ostatnich latach - pok\u00f3j dzieci\u0119cy i drzwi balkonowe zosta\u0142y niedawno zainstalowane, a pozosta\u0142e okna zmodernizowano oko\u0142o trzy lata temu.  Dodatkowym atutem jest ca\u0142kowicie odnowiona \u0142azienka: opr\u00f3cz nowej instalacji wodno-kanalizacyjnej, szczeg\u00f3lny nacisk po\u0142o\u017cono na design i jako\u015b\u0107. Wysokiej jako\u015bci p\u0142ytki i elegancka ceramika Villeroy &amp; Boch w po\u0142\u0105czeniu z nowoczesn\u0105, czarn\u0105 armatur\u0105 designersk\u0105 tworz\u0105 wyrafinowan\u0105, ponadczasow\u0105 i przyjazn\u0105 atmosfer\u0119. Nowy elektroniczny przep\u0142ywowy podgrzewacz wody zapewnia wydajne i natychmiastowe dostarczanie ciep\u0142ej wody.  W ca\u0142ym mieszkaniu po\u0142o\u017cono nowoczesn\u0105 pod\u0142og\u0119 winylow\u0105 o wysokiej jako\u015bci imitacji drewna, kt\u00f3ra jest nie tylko atrakcyjna wizualnie, ale tak\u017ce \u0142atwa w piel\u0119gnacji i trwa\u0142a. Wszystkie \u015bciany zosta\u0142y \u015bwie\u017co wytapetowane, co podkre\u015bla stan apartamentu gotowego do zamieszkania.  Najdrobniejsze detale tworz\u0105 sp\u00f3jny, ca\u0142o\u015bciowy projekt: nowe drzwi wewn\u0119trzne w klasycznej bieli, w po\u0142\u0105czeniu ze stylowymi czarnymi klamkami, dodaj\u0105 nowoczesnych akcent\u00f3w i tworz\u0105 harmonijny wygl\u0105d.  Kolejnym atutem jest niedawno odnowiony system ogrzewania w ca\u0142ym budynku, kt\u00f3ry ma zosta\u0107 zmodernizowany w 2023 roku - kluczowy czynnik wp\u0142ywaj\u0105cy na efektywno\u015b\u0107 energetyczn\u0105 i bezpiecze\u0144stwo planowania na przysz\u0142o\u015b\u0107.  Dodatkowo, wsp\u00f3lnota mieszkaniowa dysponuje znacznym rezerw\u0105 na koszty utrzymania w wysoko\u015bci ponad 300 000 euro, co \u015bwiadczy o solidnych fundamentach finansowych i d\u0142ugoterminowym utrzymaniu warto\u015bci. Ca\u0142kowicie zmodernizowany apartament z wysokiej jako\u015bci wyposa\u017ceniem, estetycznym designem i zr\u00f3wnowa\u017conymi inwestycjami - zamieszkaj i poczuj si\u0119 jak w domu bez dodatkowych nak\u0142ad\u00f3w.  Rok budowy: 1965 r.","og_url":"https:\/\/realestatezajac.com\/en\/estate\/viersen-germany-3-room-ground-floor-apartment-with-balcony\/","og_site_name":"Karolina Zaj\u0105c mi\u0119dzynarodowy agent nieruchomo\u015bci","article_modified_time":"2026-05-01T16:09:00+00:00","og_image":[{"width":2560,"height":1707,"url":"https:\/\/realestatezajac.com\/wp-content\/uploads\/2026\/03\/OSI0006-HDR-Edytuj-scaled.jpg","type":"image\/jpeg"}],"twitter_card":"summary_large_image","twitter_misc":{"Estimated reading time":"1 minute"},"schema":{"@context":"https:\/\/schema.org","@graph":[{"@type":"WebPage","@id":"https:\/\/realestatezajac.com\/nieruchomosc\/viersen-niemcy-mieszkanie-3-pokojowe-na-parterze-z-balkonem\/","url":"https:\/\/realestatezajac.com\/nieruchomosc\/viersen-niemcy-mieszkanie-3-pokojowe-na-parterze-z-balkonem\/","name":"Viersen, Niemcy - Mieszkanie 3,5-pokojowe na parterze z balkonem - Karolina Zaj\u0105c mi\u0119dzynarodowy agent nieruchomo\u015bci","isPartOf":{"@id":"https:\/\/realestatezajac.com\/#website"},"primaryImageOfPage":{"@id":"https:\/\/realestatezajac.com\/nieruchomosc\/viersen-niemcy-mieszkanie-3-pokojowe-na-parterze-z-balkonem\/#primaryimage"},"image":{"@id":"https:\/\/realestatezajac.com\/nieruchomosc\/viersen-niemcy-mieszkanie-3-pokojowe-na-parterze-z-balkonem\/#primaryimage"},"thumbnailUrl":"https:\/\/realestatezajac.com\/wp-content\/uploads\/2026\/03\/OSI0006-HDR-Edytuj-scaled.jpg","datePublished":"2026-03-26T12:03:34+00:00","dateModified":"2026-05-01T16:09:00+00:00","breadcrumb":{"@id":"https:\/\/realestatezajac.com\/nieruchomosc\/viersen-niemcy-mieszkanie-3-pokojowe-na-parterze-z-balkonem\/#breadcrumb"},"inLanguage":"en-GB","potentialAction":[{"@type":"ReadAction","target":["https:\/\/realestatezajac.com\/nieruchomosc\/viersen-niemcy-mieszkanie-3-pokojowe-na-parterze-z-balkonem\/"]}]},{"@type":"ImageObject","inLanguage":"en-GB","@id":"https:\/\/realestatezajac.com\/nieruchomosc\/viersen-niemcy-mieszkanie-3-pokojowe-na-parterze-z-balkonem\/#primaryimage","url":"https:\/\/realestatezajac.com\/wp-content\/uploads\/2026\/03\/OSI0006-HDR-Edytuj-scaled.jpg","contentUrl":"https:\/\/realestatezajac.com\/wp-content\/uploads\/2026\/03\/OSI0006-HDR-Edytuj-scaled.jpg","width":2560,"height":1707},{"@type":"BreadcrumbList","@id":"https:\/\/realestatezajac.com\/nieruchomosc\/viersen-niemcy-mieszkanie-3-pokojowe-na-parterze-z-balkonem\/#breadcrumb","itemListElement":[{"@type":"ListItem","position":1,"name":"Strona g\u0142\u00f3wna","item":"https:\/\/realestatezajac.com\/"},{"@type":"ListItem","position":2,"name":"Nieruchomo\u015bci","item":"https:\/\/realestatezajac.com\/nieruchomosci\/"},{"@type":"ListItem","position":3,"name":"Viersen, Niemcy &#8211; Mieszkanie 3,5-pokojowe na parterze z balkonem"}]},{"@type":"WebSite","@id":"https:\/\/realestatezajac.com\/#website","url":"https:\/\/realestatezajac.com\/","name":"Zajac Real Estate International Properties","description":"agent nieruchomo\u015bci Niemcy, Polska, Cypr","potentialAction":[{"@type":"SearchAction","target":{"@type":"EntryPoint","urlTemplate":"https:\/\/realestatezajac.com\/?s={search_term_string}"},"query-input":{"@type":"PropertyValueSpecification","valueRequired":true,"valueName":"search_term_string"}}],"inLanguage":"en-GB"}]}},"_links":{"self":[{"href":"https:\/\/realestatezajac.com\/en\/wp-json\/wp\/v2\/product\/2391","targetHints":{"allow":["GET"]}}],"collection":[{"href":"https:\/\/realestatezajac.com\/en\/wp-json\/wp\/v2\/product"}],"about":[{"href":"https:\/\/realestatezajac.com\/en\/wp-json\/wp\/v2\/types\/product"}],"version-history":[{"count":21,"href":"https:\/\/realestatezajac.com\/en\/wp-json\/wp\/v2\/product\/2391\/revisions"}],"predecessor-version":[{"id":2554,"href":"https:\/\/realestatezajac.com\/en\/wp-json\/wp\/v2\/product\/2391\/revisions\/2554"}],"wp:featuredmedia":[{"embeddable":true,"href":"https:\/\/realestatezajac.com\/en\/wp-json\/wp\/v2\/media\/2506"}],"wp:attachment":[{"href":"https:\/\/realestatezajac.com\/en\/wp-json\/wp\/v2\/media?parent=2391"}],"wp:term":[{"taxonomy":"product_brand","embeddable":true,"href":"https:\/\/realestatezajac.com\/en\/wp-json\/wp\/v2\/product_brand?post=2391"},{"taxonomy":"product_cat","embeddable":true,"href":"https:\/\/realestatezajac.com\/en\/wp-json\/wp\/v2\/product_cat?post=2391"},{"taxonomy":"product_tag","embeddable":true,"href":"https:\/\/realestatezajac.com\/en\/wp-json\/wp\/v2\/product_tag?post=2391"}],"curies":[{"name":"wp","href":"https:\/\/api.w.org\/{rel}","templated":true}]}}