{"id":2297,"date":"2026-02-03T10:54:59","date_gmt":"2026-02-03T10:54:59","guid":{"rendered":"https:\/\/realestatezajac.com\/?post_type=product&#038;p=2297"},"modified":"2026-04-16T23:12:03","modified_gmt":"2026-04-16T23:12:03","slug":"goch-germany-house-after-general-modernization-in-an-attractive-location","status":"publish","type":"product","link":"https:\/\/realestatezajac.com\/en\/estate\/goch-germany-house-after-general-modernization-in-an-attractive-location\/","title":{"rendered":"Goch, Germany \u2013 House after general renovation in an attractive location"},"content":{"rendered":"","protected":false},"excerpt":{"rendered":"<p>This semi-detached house has undergone a complete renovation, located in an attractive and quiet part of Goch, Germany. The property sits on a 180 m\u00b2 plot, and the house itself offers 67 m\u00b2 of living space, complemented by a fully developed basement. The interior has been designed in a modern style, with great attention to the quality of the materials used and the functionality of the space. The house was built around 1930 and has been systematically modernized over the years, combining solid construction with modern finishing standards. The kitchen was renovated in 2024, further enhancing the comfort of everyday use.<\/p>\n<p>This isn't a home for a large family. It's a compact, modern home that has undergone a complete renovation, ideal for singles, couples without children, seniors, or investors who don't want to renovate or maintain a large garden, but instead seek comfort, privacy, and functionality. The property offers a well-thought-out alternative to an apartment, offering a private entrance, private garden, garage, and complete independence\u2014values \u200b\u200brarely found in this price range.<\/p>\n<p>The house offers two bathrooms, a terrace, and an easy-to-maintain garden, as well as a garage and two parking spaces in front of the building. It is fully move-in ready, requires no additional financial outlay, and provides real comfort in everyday life \u2013 both for personal use and as a safe rental investment.<\/p>\n<p>The property is situated in a very good urban location in Goch, with the city center within 3-5 minutes, shops and drugstores in the immediate vicinity and a city park a few minutes from the house.<\/p>\n<p>An additional advantage is the proximity of the Dutch border - quick access to Nijmegen (25-30 min), Cuijk (25 min) and Venray (30 min), making the offer particularly attractive for those working cross-border. D\u00fcsseldorf Weeze Airport (NRN) is approximately 15 minutes away.<\/p>\n<p>This is an option for people who value comfort, a good location and peace, without compromise and without any upfront costs.<\/p>","protected":false},"featured_media":2298,"template":"","meta":{"_acf_changed":false},"product_brand":[],"product_cat":[19,15],"product_tag":[],"class_list":{"0":"post-2297","1":"product","2":"type-product","3":"status-publish","4":"has-post-thumbnail","6":"product_cat-niemcy","7":"product_cat-wszystkie","9":"first","10":"instock","11":"shipping-taxable","12":"product-type-simple"},"acf":[],"yoast_head":"<!-- This site is optimized with the Yoast SEO plugin v27.1.1 - https:\/\/yoast.com\/product\/yoast-seo-wordpress\/ -->\n<title>Goch, Niemcy - Dom po generalnej modernizacji w atrakcyjnej lokalizacji - Karolina Zaj\u0105c mi\u0119dzynarodowy agent nieruchomo\u015bci<\/title>\n<meta name=\"robots\" content=\"index, follow, max-snippet:-1, max-image-preview:large, max-video-preview:-1\" \/>\n<link rel=\"canonical\" href=\"https:\/\/realestatezajac.com\/en\/estate\/goch-germany-house-after-general-modernization-in-an-attractive-location\/\" \/>\n<meta property=\"og:locale\" content=\"en_GB\" \/>\n<meta property=\"og:type\" content=\"article\" \/>\n<meta property=\"og:title\" content=\"Goch, Niemcy - Dom po generalnej modernizacji w atrakcyjnej lokalizacji - Karolina Zaj\u0105c mi\u0119dzynarodowy agent nieruchomo\u015bci\" \/>\n<meta property=\"og:description\" content=\"Dom bli\u017aniak po generalnej modernizacji, po\u0142o\u017cony w atrakcyjnej i cichej cz\u0119\u015bci miejscowo\u015bci Goch w Niemczech. Nieruchomo\u015b\u0107 znajduje si\u0119 na dzia\u0142ce o powierzchni 180 m\u00b2, a sam dom ma 67 m\u00b2 powierzchni mieszkalnej, uzupe\u0142nionej o w pe\u0142ni zagospodarowan\u0105 piwnic\u0119. Wn\u0119trze zosta\u0142o zaprojektowane w nowoczesnym stylu, z du\u017c\u0105 dba\u0142o\u015bci\u0105 o jako\u015b\u0107 zastosowanych materia\u0142\u00f3w oraz funkcjonalno\u015b\u0107 przestrzeni. Dom zosta\u0142 wybudowany oko\u0142o 1930 roku i przez lata by\u0142 systematycznie modernizowany, dzi\u0119ki czemu \u0142\u0105czy w sobie solidn\u0105 konstrukcj\u0119 z nowoczesnym standardem wyko\u0144czenia. Kuchnia zosta\u0142a odnowiona w 2024 roku, co dodatkowo podnosi komfort codziennego u\u017cytkowania.  To nie jest dom dla du\u017cej rodziny. To kompaktowy, nowoczesny dom po generalnej modernizacji, idealny dla singli, par bez dzieci, os\u00f3b starszych lub inwestor\u00f3w, kt\u00f3rzy nie chc\u0105 remontowa\u0107 ani zajmowa\u0107 si\u0119 du\u017cym ogrodem, a zamiast tego szukaj\u0105 komfortu, prywatno\u015bci i funkcjonalno\u015bci. Nieruchomo\u015b\u0107 stanowi przemy\u015blan\u0105 alternatyw\u0119 dla mieszkania, oferuj\u0105c w\u0142asne wej\u015bcie, prywatny ogr\u00f3d, gara\u017c oraz pe\u0142n\u0105 niezale\u017cno\u015b\u0107\u00a0warto\u015bci rzadko dost\u0119pne w tym segmencie cenowym.  Dom oferuje dwie \u0142azienki, taras oraz \u0142atwy w utrzymaniu ogr\u00f3d, a tak\u017ce gara\u017c i dwa miejsca parkingowe przed budynkiem. Jest w pe\u0142ni gotowy do zamieszkania, nie wymaga \u017cadnych dodatkowych nak\u0142ad\u00f3w finansowych i zapewnia realny komfort codziennego \u017cycia- zar\u00f3wno do w\u0142asnego u\u017cytku, jak i jako bezpieczna inwestycja pod wynajem.  Nieruchomo\u015b\u0107 po\u0142o\u017cona jest w bardzo dobrej lokalizacji miejskiej w Goch, z centrum miasta w zasi\u0119gu 3\u20135 minut, sklepami i drogeriami w najbli\u017cszym otoczeniu oraz parkiem miejskim kilka minut od domu.  Dodatkowym atutem jest blisko\u015b\u0107 granicy z Holandi\u0105-\u00a0 szybki dojazd do Nijmegen (25\u201330 min), Cuijk (25 min) i Venray (30 min), co czyni ofert\u0119 szczeg\u00f3lnie atrakcyjn\u0105 dla os\u00f3b pracuj\u0105cych transgranicznie. Lotnisko D\u00fcsseldorf Weeze (NRN) oddalone jest o ok. 15 minut.  To propozycja dla os\u00f3b, kt\u00f3re ceni\u0105 wygod\u0119, dobr\u0105 lokalizacj\u0119 i spok\u00f3j, bez kompromis\u00f3w i bez koszt\u00f3w na start.\" \/>\n<meta property=\"og:url\" content=\"https:\/\/realestatezajac.com\/en\/estate\/goch-germany-house-after-general-modernization-in-an-attractive-location\/\" \/>\n<meta property=\"og:site_name\" content=\"Karolina Zaj\u0105c mi\u0119dzynarodowy agent nieruchomo\u015bci\" \/>\n<meta property=\"article:modified_time\" content=\"2026-04-16T23:12:03+00:00\" \/>\n<meta property=\"og:image\" content=\"https:\/\/realestatezajac.com\/wp-content\/uploads\/2026\/02\/DSC_0431-bewerkt-2-scaled.jpg\" \/>\n\t<meta property=\"og:image:width\" content=\"2560\" \/>\n\t<meta property=\"og:image:height\" content=\"1707\" \/>\n\t<meta property=\"og:image:type\" content=\"image\/jpeg\" \/>\n<meta name=\"twitter:card\" content=\"summary_large_image\" \/>\n<meta name=\"twitter:label1\" content=\"Estimated reading time\" \/>\n\t<meta name=\"twitter:data1\" content=\"1 minute\" \/>\n<script type=\"application\/ld+json\" class=\"yoast-schema-graph\">{\"@context\":\"https:\/\/schema.org\",\"@graph\":[{\"@type\":\"WebPage\",\"@id\":\"https:\/\/realestatezajac.com\/nieruchomosc\/goch-niemcy-dom-po-generalnej-modernizacji-w-atrakcyjnej-lokalizacji\/\",\"url\":\"https:\/\/realestatezajac.com\/nieruchomosc\/goch-niemcy-dom-po-generalnej-modernizacji-w-atrakcyjnej-lokalizacji\/\",\"name\":\"Goch, Niemcy - Dom po generalnej modernizacji w atrakcyjnej lokalizacji - Karolina Zaj\u0105c mi\u0119dzynarodowy agent nieruchomo\u015bci\",\"isPartOf\":{\"@id\":\"https:\/\/realestatezajac.com\/#website\"},\"primaryImageOfPage\":{\"@id\":\"https:\/\/realestatezajac.com\/nieruchomosc\/goch-niemcy-dom-po-generalnej-modernizacji-w-atrakcyjnej-lokalizacji\/#primaryimage\"},\"image\":{\"@id\":\"https:\/\/realestatezajac.com\/nieruchomosc\/goch-niemcy-dom-po-generalnej-modernizacji-w-atrakcyjnej-lokalizacji\/#primaryimage\"},\"thumbnailUrl\":\"https:\/\/realestatezajac.com\/wp-content\/uploads\/2026\/02\/DSC_0431-bewerkt-2-scaled.jpg\",\"datePublished\":\"2026-02-03T10:54:59+00:00\",\"dateModified\":\"2026-04-16T23:12:03+00:00\",\"breadcrumb\":{\"@id\":\"https:\/\/realestatezajac.com\/nieruchomosc\/goch-niemcy-dom-po-generalnej-modernizacji-w-atrakcyjnej-lokalizacji\/#breadcrumb\"},\"inLanguage\":\"en-GB\",\"potentialAction\":[{\"@type\":\"ReadAction\",\"target\":[\"https:\/\/realestatezajac.com\/nieruchomosc\/goch-niemcy-dom-po-generalnej-modernizacji-w-atrakcyjnej-lokalizacji\/\"]}]},{\"@type\":\"ImageObject\",\"inLanguage\":\"en-GB\",\"@id\":\"https:\/\/realestatezajac.com\/nieruchomosc\/goch-niemcy-dom-po-generalnej-modernizacji-w-atrakcyjnej-lokalizacji\/#primaryimage\",\"url\":\"https:\/\/realestatezajac.com\/wp-content\/uploads\/2026\/02\/DSC_0431-bewerkt-2-scaled.jpg\",\"contentUrl\":\"https:\/\/realestatezajac.com\/wp-content\/uploads\/2026\/02\/DSC_0431-bewerkt-2-scaled.jpg\",\"width\":2560,\"height\":1707},{\"@type\":\"BreadcrumbList\",\"@id\":\"https:\/\/realestatezajac.com\/nieruchomosc\/goch-niemcy-dom-po-generalnej-modernizacji-w-atrakcyjnej-lokalizacji\/#breadcrumb\",\"itemListElement\":[{\"@type\":\"ListItem\",\"position\":1,\"name\":\"Strona g\u0142\u00f3wna\",\"item\":\"https:\/\/realestatezajac.com\/\"},{\"@type\":\"ListItem\",\"position\":2,\"name\":\"Nieruchomo\u015bci\",\"item\":\"https:\/\/realestatezajac.com\/nieruchomosci\/\"},{\"@type\":\"ListItem\",\"position\":3,\"name\":\"Goch, Niemcy &#8211; Dom po generalnej modernizacji w atrakcyjnej lokalizacji\"}]},{\"@type\":\"WebSite\",\"@id\":\"https:\/\/realestatezajac.com\/#website\",\"url\":\"https:\/\/realestatezajac.com\/\",\"name\":\"Karolina Zaj\u0105c mi\u0119dzynarodowy agent nieruchomo\u015bci\",\"description\":\"agent nieruchomo\u015bci Niemcy, Polska, Cypr\",\"potentialAction\":[{\"@type\":\"SearchAction\",\"target\":{\"@type\":\"EntryPoint\",\"urlTemplate\":\"https:\/\/realestatezajac.com\/?s={search_term_string}\"},\"query-input\":{\"@type\":\"PropertyValueSpecification\",\"valueRequired\":true,\"valueName\":\"search_term_string\"}}],\"inLanguage\":\"en-GB\"}]}<\/script>\n<!-- \/ Yoast SEO plugin. -->","yoast_head_json":{"title":"Goch, Niemcy - Dom po generalnej modernizacji w atrakcyjnej lokalizacji - Karolina Zaj\u0105c mi\u0119dzynarodowy agent nieruchomo\u015bci","robots":{"index":"index","follow":"follow","max-snippet":"max-snippet:-1","max-image-preview":"max-image-preview:large","max-video-preview":"max-video-preview:-1"},"canonical":"https:\/\/realestatezajac.com\/en\/estate\/goch-germany-house-after-general-modernization-in-an-attractive-location\/","og_locale":"en_GB","og_type":"article","og_title":"Goch, Niemcy - Dom po generalnej modernizacji w atrakcyjnej lokalizacji - Karolina Zaj\u0105c mi\u0119dzynarodowy agent nieruchomo\u015bci","og_description":"Dom bli\u017aniak po generalnej modernizacji, po\u0142o\u017cony w atrakcyjnej i cichej cz\u0119\u015bci miejscowo\u015bci Goch w Niemczech. Nieruchomo\u015b\u0107 znajduje si\u0119 na dzia\u0142ce o powierzchni 180 m\u00b2, a sam dom ma 67 m\u00b2 powierzchni mieszkalnej, uzupe\u0142nionej o w pe\u0142ni zagospodarowan\u0105 piwnic\u0119. Wn\u0119trze zosta\u0142o zaprojektowane w nowoczesnym stylu, z du\u017c\u0105 dba\u0142o\u015bci\u0105 o jako\u015b\u0107 zastosowanych materia\u0142\u00f3w oraz funkcjonalno\u015b\u0107 przestrzeni. Dom zosta\u0142 wybudowany oko\u0142o 1930 roku i przez lata by\u0142 systematycznie modernizowany, dzi\u0119ki czemu \u0142\u0105czy w sobie solidn\u0105 konstrukcj\u0119 z nowoczesnym standardem wyko\u0144czenia. Kuchnia zosta\u0142a odnowiona w 2024 roku, co dodatkowo podnosi komfort codziennego u\u017cytkowania.  To nie jest dom dla du\u017cej rodziny. To kompaktowy, nowoczesny dom po generalnej modernizacji, idealny dla singli, par bez dzieci, os\u00f3b starszych lub inwestor\u00f3w, kt\u00f3rzy nie chc\u0105 remontowa\u0107 ani zajmowa\u0107 si\u0119 du\u017cym ogrodem, a zamiast tego szukaj\u0105 komfortu, prywatno\u015bci i funkcjonalno\u015bci. Nieruchomo\u015b\u0107 stanowi przemy\u015blan\u0105 alternatyw\u0119 dla mieszkania, oferuj\u0105c w\u0142asne wej\u015bcie, prywatny ogr\u00f3d, gara\u017c oraz pe\u0142n\u0105 niezale\u017cno\u015b\u0107\u00a0warto\u015bci rzadko dost\u0119pne w tym segmencie cenowym.  Dom oferuje dwie \u0142azienki, taras oraz \u0142atwy w utrzymaniu ogr\u00f3d, a tak\u017ce gara\u017c i dwa miejsca parkingowe przed budynkiem. Jest w pe\u0142ni gotowy do zamieszkania, nie wymaga \u017cadnych dodatkowych nak\u0142ad\u00f3w finansowych i zapewnia realny komfort codziennego \u017cycia- zar\u00f3wno do w\u0142asnego u\u017cytku, jak i jako bezpieczna inwestycja pod wynajem.  Nieruchomo\u015b\u0107 po\u0142o\u017cona jest w bardzo dobrej lokalizacji miejskiej w Goch, z centrum miasta w zasi\u0119gu 3\u20135 minut, sklepami i drogeriami w najbli\u017cszym otoczeniu oraz parkiem miejskim kilka minut od domu.  Dodatkowym atutem jest blisko\u015b\u0107 granicy z Holandi\u0105-\u00a0 szybki dojazd do Nijmegen (25\u201330 min), Cuijk (25 min) i Venray (30 min), co czyni ofert\u0119 szczeg\u00f3lnie atrakcyjn\u0105 dla os\u00f3b pracuj\u0105cych transgranicznie. Lotnisko D\u00fcsseldorf Weeze (NRN) oddalone jest o ok. 15 minut.  To propozycja dla os\u00f3b, kt\u00f3re ceni\u0105 wygod\u0119, dobr\u0105 lokalizacj\u0119 i spok\u00f3j, bez kompromis\u00f3w i bez koszt\u00f3w na start.","og_url":"https:\/\/realestatezajac.com\/en\/estate\/goch-germany-house-after-general-modernization-in-an-attractive-location\/","og_site_name":"Karolina Zaj\u0105c mi\u0119dzynarodowy agent nieruchomo\u015bci","article_modified_time":"2026-04-16T23:12:03+00:00","og_image":[{"width":2560,"height":1707,"url":"https:\/\/realestatezajac.com\/wp-content\/uploads\/2026\/02\/DSC_0431-bewerkt-2-scaled.jpg","type":"image\/jpeg"}],"twitter_card":"summary_large_image","twitter_misc":{"Estimated reading time":"1 minute"},"schema":{"@context":"https:\/\/schema.org","@graph":[{"@type":"WebPage","@id":"https:\/\/realestatezajac.com\/nieruchomosc\/goch-niemcy-dom-po-generalnej-modernizacji-w-atrakcyjnej-lokalizacji\/","url":"https:\/\/realestatezajac.com\/nieruchomosc\/goch-niemcy-dom-po-generalnej-modernizacji-w-atrakcyjnej-lokalizacji\/","name":"Goch, Niemcy - Dom po generalnej modernizacji w atrakcyjnej lokalizacji - Karolina Zaj\u0105c mi\u0119dzynarodowy agent nieruchomo\u015bci","isPartOf":{"@id":"https:\/\/realestatezajac.com\/#website"},"primaryImageOfPage":{"@id":"https:\/\/realestatezajac.com\/nieruchomosc\/goch-niemcy-dom-po-generalnej-modernizacji-w-atrakcyjnej-lokalizacji\/#primaryimage"},"image":{"@id":"https:\/\/realestatezajac.com\/nieruchomosc\/goch-niemcy-dom-po-generalnej-modernizacji-w-atrakcyjnej-lokalizacji\/#primaryimage"},"thumbnailUrl":"https:\/\/realestatezajac.com\/wp-content\/uploads\/2026\/02\/DSC_0431-bewerkt-2-scaled.jpg","datePublished":"2026-02-03T10:54:59+00:00","dateModified":"2026-04-16T23:12:03+00:00","breadcrumb":{"@id":"https:\/\/realestatezajac.com\/nieruchomosc\/goch-niemcy-dom-po-generalnej-modernizacji-w-atrakcyjnej-lokalizacji\/#breadcrumb"},"inLanguage":"en-GB","potentialAction":[{"@type":"ReadAction","target":["https:\/\/realestatezajac.com\/nieruchomosc\/goch-niemcy-dom-po-generalnej-modernizacji-w-atrakcyjnej-lokalizacji\/"]}]},{"@type":"ImageObject","inLanguage":"en-GB","@id":"https:\/\/realestatezajac.com\/nieruchomosc\/goch-niemcy-dom-po-generalnej-modernizacji-w-atrakcyjnej-lokalizacji\/#primaryimage","url":"https:\/\/realestatezajac.com\/wp-content\/uploads\/2026\/02\/DSC_0431-bewerkt-2-scaled.jpg","contentUrl":"https:\/\/realestatezajac.com\/wp-content\/uploads\/2026\/02\/DSC_0431-bewerkt-2-scaled.jpg","width":2560,"height":1707},{"@type":"BreadcrumbList","@id":"https:\/\/realestatezajac.com\/nieruchomosc\/goch-niemcy-dom-po-generalnej-modernizacji-w-atrakcyjnej-lokalizacji\/#breadcrumb","itemListElement":[{"@type":"ListItem","position":1,"name":"Strona g\u0142\u00f3wna","item":"https:\/\/realestatezajac.com\/"},{"@type":"ListItem","position":2,"name":"Nieruchomo\u015bci","item":"https:\/\/realestatezajac.com\/nieruchomosci\/"},{"@type":"ListItem","position":3,"name":"Goch, Niemcy &#8211; Dom po generalnej modernizacji w atrakcyjnej lokalizacji"}]},{"@type":"WebSite","@id":"https:\/\/realestatezajac.com\/#website","url":"https:\/\/realestatezajac.com\/","name":"Zajac Real Estate International Properties","description":"agent nieruchomo\u015bci Niemcy, Polska, Cypr","potentialAction":[{"@type":"SearchAction","target":{"@type":"EntryPoint","urlTemplate":"https:\/\/realestatezajac.com\/?s={search_term_string}"},"query-input":{"@type":"PropertyValueSpecification","valueRequired":true,"valueName":"search_term_string"}}],"inLanguage":"en-GB"}]}},"_links":{"self":[{"href":"https:\/\/realestatezajac.com\/en\/wp-json\/wp\/v2\/product\/2297","targetHints":{"allow":["GET"]}}],"collection":[{"href":"https:\/\/realestatezajac.com\/en\/wp-json\/wp\/v2\/product"}],"about":[{"href":"https:\/\/realestatezajac.com\/en\/wp-json\/wp\/v2\/types\/product"}],"version-history":[{"count":13,"href":"https:\/\/realestatezajac.com\/en\/wp-json\/wp\/v2\/product\/2297\/revisions"}],"predecessor-version":[{"id":2467,"href":"https:\/\/realestatezajac.com\/en\/wp-json\/wp\/v2\/product\/2297\/revisions\/2467"}],"wp:featuredmedia":[{"embeddable":true,"href":"https:\/\/realestatezajac.com\/en\/wp-json\/wp\/v2\/media\/2298"}],"wp:attachment":[{"href":"https:\/\/realestatezajac.com\/en\/wp-json\/wp\/v2\/media?parent=2297"}],"wp:term":[{"taxonomy":"product_brand","embeddable":true,"href":"https:\/\/realestatezajac.com\/en\/wp-json\/wp\/v2\/product_brand?post=2297"},{"taxonomy":"product_cat","embeddable":true,"href":"https:\/\/realestatezajac.com\/en\/wp-json\/wp\/v2\/product_cat?post=2297"},{"taxonomy":"product_tag","embeddable":true,"href":"https:\/\/realestatezajac.com\/en\/wp-json\/wp\/v2\/product_tag?post=2297"}],"curies":[{"name":"wp","href":"https:\/\/api.w.org\/{rel}","templated":true}]}}