{"id":2053,"date":"2025-12-04T14:28:03","date_gmt":"2025-12-04T14:28:03","guid":{"rendered":"https:\/\/realestatezajac.com\/?post_type=product&#038;p=2053"},"modified":"2025-12-15T19:13:18","modified_gmt":"2025-12-15T19:13:18","slug":"penthouse-with-pool-and-roof-garden-lennox-limassol-residence","status":"publish","type":"product","link":"https:\/\/realestatezajac.com\/en\/estate\/penthouse-with-pool-and-roof-garden-lennox-limassol-residence\/","title":{"rendered":"Penthouse with Pool and Roof Garden \u2013 Lennox Residence Limassol"},"content":{"rendered":"","protected":false},"excerpt":{"rendered":"<p class=\"translation-block\">An exclusive penthouse with a pool and rooftop garden at Lennox Residences\u2014the perfect option for those who value comfort, luxury, and tranquility. Located in the tranquil and desirable Agios Athanasios neighborhood, the complex comprises 19 carefully designed apartments, ranging from spacious one- and two-bedroom apartments to exclusive penthouses with private rooftop gardens.<\/p>\n<p data-start=\"490\" data-end=\"836\">The windows offer breathtaking views of the city, mountains, and sea. Thanks to excellent highway access, residents enjoy easy access to public transport while being just minutes from the bustling center of Limassol. Daily needs can be met quickly, with all necessary amenities nearby.<\/p>\n<p data-start=\"838\" data-end=\"1226\" data-is-last-node=\"\" data-is-only-node=\"\">The development's greatest asset is the spacious, communal swimming pool, which creates a unique relaxation and recreation area. Lennox Residences offers a perfect blend of modern living, high comfort, and a prime location\u2014a compelling investment opportunity in Limassol's dynamic real estate market, with significant potential for capital growth and rental income.<\/p>","protected":false},"featured_media":2054,"template":"","meta":{"_acf_changed":false},"product_brand":[],"product_cat":[21,15],"product_tag":[],"class_list":{"0":"post-2053","1":"product","2":"type-product","3":"status-publish","4":"has-post-thumbnail","6":"product_cat-cypr","7":"product_cat-wszystkie","9":"first","10":"instock","11":"shipping-taxable","12":"product-type-simple"},"acf":[],"yoast_head":"<!-- This site is optimized with the Yoast SEO plugin v27.1.1 - https:\/\/yoast.com\/product\/yoast-seo-wordpress\/ -->\n<title>Penthouse z basenem i ogrodem na dachu - Rezydencja Lennox Limassol - Karolina Zaj\u0105c mi\u0119dzynarodowy agent nieruchomo\u015bci<\/title>\n<meta name=\"robots\" content=\"index, follow, max-snippet:-1, max-image-preview:large, max-video-preview:-1\" \/>\n<link rel=\"canonical\" href=\"https:\/\/realestatezajac.com\/en\/estate\/penthouse-with-pool-and-roof-garden-lennox-limassol-residence\/\" \/>\n<meta property=\"og:locale\" content=\"en_GB\" \/>\n<meta property=\"og:type\" content=\"article\" \/>\n<meta property=\"og:title\" content=\"Penthouse z basenem i ogrodem na dachu - Rezydencja Lennox Limassol - Karolina Zaj\u0105c mi\u0119dzynarodowy agent nieruchomo\u015bci\" \/>\n<meta property=\"og:description\" content=\"Ekskluzywny penthouse z basenem i ogrodem na dachu w Lennox Residences w Limassol \u2014 idealna propozycja dla tych, kt\u00f3rzy ceni\u0105 komfort, luksus i spok\u00f3j. Zlokalizowany w spokojnej i po\u017c\u0105danej dzielnicy Agios Athanasios, kompleks sk\u0142ada si\u0119 z 19 starannie zaprojektowanych apartament\u00f3w: od ustawnych mieszka\u0144 z 1 i 2 sypialniami po ekskluzywne penthouse\u2019y z prywatnymi ogrodami na dachu. Z okien rozci\u0105gaj\u0105 si\u0119 zapieraj\u0105ce dech w piersiach widoki na miasto, g\u00f3ry i morze. Dzi\u0119ki doskona\u0142emu po\u0142\u0105czeniu z autostrad\u0105, mieszka\u0144cy maj\u0105 \u0142atwy dost\u0119p komunikacyjny, jednocze\u015bnie b\u0119d\u0105c zaledwie kilka minut od t\u0119tni\u0105cego \u017cyciem centrum Limassol. Codzienne potrzeby za\u0142atwisz szybko \u2014 w pobli\u017cu znajduj\u0105 si\u0119 wszystkie niezb\u0119dne udogodnienia. Najwi\u0119kszym atutem inwestycji jest przestronny, wsp\u00f3lny basen, kt\u00f3ry tworzy wyj\u0105tkow\u0105 stref\u0119 relaksu i rekreacji. Lennox Residences to idealne po\u0142\u0105czenie nowoczesnego stylu \u017cycia, wysokiego komfortu i doskona\u0142ej lokalizacji \u2014 to tak\u017ce atrakcyjna okazja inwestycyjna w dynamicznie rozwijaj\u0105cym si\u0119 rynku nieruchomo\u015bci Limassol, z du\u017cym potencja\u0142em kapita\u0142owego wzrostu i dochodu z wynajmu.\" \/>\n<meta property=\"og:url\" content=\"https:\/\/realestatezajac.com\/en\/estate\/penthouse-with-pool-and-roof-garden-lennox-limassol-residence\/\" \/>\n<meta property=\"og:site_name\" content=\"Karolina Zaj\u0105c mi\u0119dzynarodowy agent nieruchomo\u015bci\" \/>\n<meta property=\"article:modified_time\" content=\"2025-12-15T19:13:18+00:00\" \/>\n<meta property=\"og:image\" content=\"https:\/\/realestatezajac.com\/wp-content\/uploads\/2025\/12\/IMG_8-1.jpg\" \/>\n\t<meta property=\"og:image:width\" content=\"1920\" \/>\n\t<meta property=\"og:image:height\" content=\"1632\" \/>\n\t<meta property=\"og:image:type\" content=\"image\/jpeg\" \/>\n<meta name=\"twitter:card\" content=\"summary_large_image\" \/>\n<meta name=\"twitter:label1\" content=\"Estimated reading time\" \/>\n\t<meta name=\"twitter:data1\" content=\"1 minute\" \/>\n<script type=\"application\/ld+json\" class=\"yoast-schema-graph\">{\"@context\":\"https:\/\/schema.org\",\"@graph\":[{\"@type\":\"WebPage\",\"@id\":\"https:\/\/realestatezajac.com\/nieruchomosc\/penthouse-z-basenem-i-ogrodem-na-dachu-rezydencja-lennox-limassol\/\",\"url\":\"https:\/\/realestatezajac.com\/nieruchomosc\/penthouse-z-basenem-i-ogrodem-na-dachu-rezydencja-lennox-limassol\/\",\"name\":\"Penthouse z basenem i ogrodem na dachu - Rezydencja Lennox Limassol - Karolina Zaj\u0105c mi\u0119dzynarodowy agent nieruchomo\u015bci\",\"isPartOf\":{\"@id\":\"https:\/\/realestatezajac.com\/#website\"},\"primaryImageOfPage\":{\"@id\":\"https:\/\/realestatezajac.com\/nieruchomosc\/penthouse-z-basenem-i-ogrodem-na-dachu-rezydencja-lennox-limassol\/#primaryimage\"},\"image\":{\"@id\":\"https:\/\/realestatezajac.com\/nieruchomosc\/penthouse-z-basenem-i-ogrodem-na-dachu-rezydencja-lennox-limassol\/#primaryimage\"},\"thumbnailUrl\":\"https:\/\/realestatezajac.com\/wp-content\/uploads\/2025\/12\/IMG_8-1.jpg\",\"datePublished\":\"2025-12-04T14:28:03+00:00\",\"dateModified\":\"2025-12-15T19:13:18+00:00\",\"breadcrumb\":{\"@id\":\"https:\/\/realestatezajac.com\/nieruchomosc\/penthouse-z-basenem-i-ogrodem-na-dachu-rezydencja-lennox-limassol\/#breadcrumb\"},\"inLanguage\":\"en-GB\",\"potentialAction\":[{\"@type\":\"ReadAction\",\"target\":[\"https:\/\/realestatezajac.com\/nieruchomosc\/penthouse-z-basenem-i-ogrodem-na-dachu-rezydencja-lennox-limassol\/\"]}]},{\"@type\":\"ImageObject\",\"inLanguage\":\"en-GB\",\"@id\":\"https:\/\/realestatezajac.com\/nieruchomosc\/penthouse-z-basenem-i-ogrodem-na-dachu-rezydencja-lennox-limassol\/#primaryimage\",\"url\":\"https:\/\/realestatezajac.com\/wp-content\/uploads\/2025\/12\/IMG_8-1.jpg\",\"contentUrl\":\"https:\/\/realestatezajac.com\/wp-content\/uploads\/2025\/12\/IMG_8-1.jpg\",\"width\":1920,\"height\":1632},{\"@type\":\"BreadcrumbList\",\"@id\":\"https:\/\/realestatezajac.com\/nieruchomosc\/penthouse-z-basenem-i-ogrodem-na-dachu-rezydencja-lennox-limassol\/#breadcrumb\",\"itemListElement\":[{\"@type\":\"ListItem\",\"position\":1,\"name\":\"Strona g\u0142\u00f3wna\",\"item\":\"https:\/\/realestatezajac.com\/\"},{\"@type\":\"ListItem\",\"position\":2,\"name\":\"Nieruchomo\u015bci\",\"item\":\"https:\/\/realestatezajac.com\/nieruchomosci\/\"},{\"@type\":\"ListItem\",\"position\":3,\"name\":\"Penthouse z basenem i ogrodem na dachu &#8211; Rezydencja Lennox Limassol\"}]},{\"@type\":\"WebSite\",\"@id\":\"https:\/\/realestatezajac.com\/#website\",\"url\":\"https:\/\/realestatezajac.com\/\",\"name\":\"Karolina Zaj\u0105c mi\u0119dzynarodowy agent nieruchomo\u015bci\",\"description\":\"agent nieruchomo\u015bci Niemcy, Polska, Cypr\",\"potentialAction\":[{\"@type\":\"SearchAction\",\"target\":{\"@type\":\"EntryPoint\",\"urlTemplate\":\"https:\/\/realestatezajac.com\/?s={search_term_string}\"},\"query-input\":{\"@type\":\"PropertyValueSpecification\",\"valueRequired\":true,\"valueName\":\"search_term_string\"}}],\"inLanguage\":\"en-GB\"}]}<\/script>\n<!-- \/ Yoast SEO plugin. -->","yoast_head_json":{"title":"Penthouse z basenem i ogrodem na dachu - Rezydencja Lennox Limassol - Karolina Zaj\u0105c mi\u0119dzynarodowy agent nieruchomo\u015bci","robots":{"index":"index","follow":"follow","max-snippet":"max-snippet:-1","max-image-preview":"max-image-preview:large","max-video-preview":"max-video-preview:-1"},"canonical":"https:\/\/realestatezajac.com\/en\/estate\/penthouse-with-pool-and-roof-garden-lennox-limassol-residence\/","og_locale":"en_GB","og_type":"article","og_title":"Penthouse z basenem i ogrodem na dachu - Rezydencja Lennox Limassol - Karolina Zaj\u0105c mi\u0119dzynarodowy agent nieruchomo\u015bci","og_description":"Ekskluzywny penthouse z basenem i ogrodem na dachu w Lennox Residences w Limassol \u2014 idealna propozycja dla tych, kt\u00f3rzy ceni\u0105 komfort, luksus i spok\u00f3j. Zlokalizowany w spokojnej i po\u017c\u0105danej dzielnicy Agios Athanasios, kompleks sk\u0142ada si\u0119 z 19 starannie zaprojektowanych apartament\u00f3w: od ustawnych mieszka\u0144 z 1 i 2 sypialniami po ekskluzywne penthouse\u2019y z prywatnymi ogrodami na dachu. Z okien rozci\u0105gaj\u0105 si\u0119 zapieraj\u0105ce dech w piersiach widoki na miasto, g\u00f3ry i morze. Dzi\u0119ki doskona\u0142emu po\u0142\u0105czeniu z autostrad\u0105, mieszka\u0144cy maj\u0105 \u0142atwy dost\u0119p komunikacyjny, jednocze\u015bnie b\u0119d\u0105c zaledwie kilka minut od t\u0119tni\u0105cego \u017cyciem centrum Limassol. Codzienne potrzeby za\u0142atwisz szybko \u2014 w pobli\u017cu znajduj\u0105 si\u0119 wszystkie niezb\u0119dne udogodnienia. Najwi\u0119kszym atutem inwestycji jest przestronny, wsp\u00f3lny basen, kt\u00f3ry tworzy wyj\u0105tkow\u0105 stref\u0119 relaksu i rekreacji. Lennox Residences to idealne po\u0142\u0105czenie nowoczesnego stylu \u017cycia, wysokiego komfortu i doskona\u0142ej lokalizacji \u2014 to tak\u017ce atrakcyjna okazja inwestycyjna w dynamicznie rozwijaj\u0105cym si\u0119 rynku nieruchomo\u015bci Limassol, z du\u017cym potencja\u0142em kapita\u0142owego wzrostu i dochodu z wynajmu.","og_url":"https:\/\/realestatezajac.com\/en\/estate\/penthouse-with-pool-and-roof-garden-lennox-limassol-residence\/","og_site_name":"Karolina Zaj\u0105c mi\u0119dzynarodowy agent nieruchomo\u015bci","article_modified_time":"2025-12-15T19:13:18+00:00","og_image":[{"width":1920,"height":1632,"url":"https:\/\/realestatezajac.com\/wp-content\/uploads\/2025\/12\/IMG_8-1.jpg","type":"image\/jpeg"}],"twitter_card":"summary_large_image","twitter_misc":{"Estimated reading time":"1 minute"},"schema":{"@context":"https:\/\/schema.org","@graph":[{"@type":"WebPage","@id":"https:\/\/realestatezajac.com\/nieruchomosc\/penthouse-z-basenem-i-ogrodem-na-dachu-rezydencja-lennox-limassol\/","url":"https:\/\/realestatezajac.com\/nieruchomosc\/penthouse-z-basenem-i-ogrodem-na-dachu-rezydencja-lennox-limassol\/","name":"Penthouse z basenem i ogrodem na dachu - Rezydencja Lennox Limassol - Karolina Zaj\u0105c mi\u0119dzynarodowy agent nieruchomo\u015bci","isPartOf":{"@id":"https:\/\/realestatezajac.com\/#website"},"primaryImageOfPage":{"@id":"https:\/\/realestatezajac.com\/nieruchomosc\/penthouse-z-basenem-i-ogrodem-na-dachu-rezydencja-lennox-limassol\/#primaryimage"},"image":{"@id":"https:\/\/realestatezajac.com\/nieruchomosc\/penthouse-z-basenem-i-ogrodem-na-dachu-rezydencja-lennox-limassol\/#primaryimage"},"thumbnailUrl":"https:\/\/realestatezajac.com\/wp-content\/uploads\/2025\/12\/IMG_8-1.jpg","datePublished":"2025-12-04T14:28:03+00:00","dateModified":"2025-12-15T19:13:18+00:00","breadcrumb":{"@id":"https:\/\/realestatezajac.com\/nieruchomosc\/penthouse-z-basenem-i-ogrodem-na-dachu-rezydencja-lennox-limassol\/#breadcrumb"},"inLanguage":"en-GB","potentialAction":[{"@type":"ReadAction","target":["https:\/\/realestatezajac.com\/nieruchomosc\/penthouse-z-basenem-i-ogrodem-na-dachu-rezydencja-lennox-limassol\/"]}]},{"@type":"ImageObject","inLanguage":"en-GB","@id":"https:\/\/realestatezajac.com\/nieruchomosc\/penthouse-z-basenem-i-ogrodem-na-dachu-rezydencja-lennox-limassol\/#primaryimage","url":"https:\/\/realestatezajac.com\/wp-content\/uploads\/2025\/12\/IMG_8-1.jpg","contentUrl":"https:\/\/realestatezajac.com\/wp-content\/uploads\/2025\/12\/IMG_8-1.jpg","width":1920,"height":1632},{"@type":"BreadcrumbList","@id":"https:\/\/realestatezajac.com\/nieruchomosc\/penthouse-z-basenem-i-ogrodem-na-dachu-rezydencja-lennox-limassol\/#breadcrumb","itemListElement":[{"@type":"ListItem","position":1,"name":"Strona g\u0142\u00f3wna","item":"https:\/\/realestatezajac.com\/"},{"@type":"ListItem","position":2,"name":"Nieruchomo\u015bci","item":"https:\/\/realestatezajac.com\/nieruchomosci\/"},{"@type":"ListItem","position":3,"name":"Penthouse z basenem i ogrodem na dachu &#8211; Rezydencja Lennox Limassol"}]},{"@type":"WebSite","@id":"https:\/\/realestatezajac.com\/#website","url":"https:\/\/realestatezajac.com\/","name":"Zajac Real Estate International Properties","description":"agent nieruchomo\u015bci Niemcy, Polska, Cypr","potentialAction":[{"@type":"SearchAction","target":{"@type":"EntryPoint","urlTemplate":"https:\/\/realestatezajac.com\/?s={search_term_string}"},"query-input":{"@type":"PropertyValueSpecification","valueRequired":true,"valueName":"search_term_string"}}],"inLanguage":"en-GB"}]}},"_links":{"self":[{"href":"https:\/\/realestatezajac.com\/en\/wp-json\/wp\/v2\/product\/2053","targetHints":{"allow":["GET"]}}],"collection":[{"href":"https:\/\/realestatezajac.com\/en\/wp-json\/wp\/v2\/product"}],"about":[{"href":"https:\/\/realestatezajac.com\/en\/wp-json\/wp\/v2\/types\/product"}],"version-history":[{"count":2,"href":"https:\/\/realestatezajac.com\/en\/wp-json\/wp\/v2\/product\/2053\/revisions"}],"predecessor-version":[{"id":2096,"href":"https:\/\/realestatezajac.com\/en\/wp-json\/wp\/v2\/product\/2053\/revisions\/2096"}],"wp:featuredmedia":[{"embeddable":true,"href":"https:\/\/realestatezajac.com\/en\/wp-json\/wp\/v2\/media\/2054"}],"wp:attachment":[{"href":"https:\/\/realestatezajac.com\/en\/wp-json\/wp\/v2\/media?parent=2053"}],"wp:term":[{"taxonomy":"product_brand","embeddable":true,"href":"https:\/\/realestatezajac.com\/en\/wp-json\/wp\/v2\/product_brand?post=2053"},{"taxonomy":"product_cat","embeddable":true,"href":"https:\/\/realestatezajac.com\/en\/wp-json\/wp\/v2\/product_cat?post=2053"},{"taxonomy":"product_tag","embeddable":true,"href":"https:\/\/realestatezajac.com\/en\/wp-json\/wp\/v2\/product_tag?post=2053"}],"curies":[{"name":"wp","href":"https:\/\/api.w.org\/{rel}","templated":true}]}}