{"id":1955,"date":"2025-11-17T20:50:47","date_gmt":"2025-11-17T20:50:47","guid":{"rendered":"https:\/\/realestatezajac.com\/?post_type=product&#038;p=1955"},"modified":"2025-11-17T20:50:47","modified_gmt":"2025-11-17T20:50:47","slug":"villa-sunset-view","status":"publish","type":"product","link":"https:\/\/realestatezajac.com\/en\/estate\/villa-sunset-view\/","title":{"rendered":"Villa Sunset View"},"content":{"rendered":"","protected":false},"excerpt":{"rendered":"<p>Estate <strong data-start=\"73\" data-end=\"88\">Sunset View<\/strong> This intimate collection of 26 spacious villas with private pools, located in close proximity to shops, restaurants, and schools, offers a secure, exclusive community combining the highest levels of living comfort with premium amenities and stunning sea views.<\/p>\n<p data-start=\"373\" data-end=\"992\">The complex is located in one of the most beautiful parts of the island, near spectacular sea caves and the vibrant Coral Bay. The location offers the perfect balance between the tranquility of everyday life and convenient access to major attractions. Sunset View Villas is just a 5-minute walk from <strong data-start=\"721\" data-end=\"754\">Cap St Georges Hotel &amp; Resort<\/strong>, whose amenities are exclusively for residents' use. These include a club-caf\u00e9 with concierge services, a luxury spa, gourmet restaurants, sports facilities, private beaches, and a wide range of social activities.<\/p>\n<p data-start=\"994\" data-end=\"1252\">There's also a private school nearby, and recreational attractions include George's Horse Ranch, Paphos Zoo, and the charming Saint George Harbor. Paphos city center, the Old Town, and numerous cultural attractions are just a 20-minute drive away.<\/p>\n<p data-start=\"1254\" data-end=\"1627\">The villas are designed with maximum privacy and comfort in mind. Modern architecture, open spaces, extensive glazing, carefully landscaped gardens, and top-quality materials create a harmonious whole. The interiors and garden can be fully customized to perfectly match the owner's individual style.<\/p>\n<p data-start=\"1629\" data-end=\"1908\" data-is-last-node=\"\" data-is-only-node=\"\">Sunset View Villas is an ideal option for both those seeking peace and relaxation and those who value an active lifestyle. It's not only a prestigious place to live, but also a unique community, bringing together people with a similar approach to quality and beauty.<\/p>","protected":false},"featured_media":1957,"template":"","meta":{"_acf_changed":false},"product_brand":[],"product_cat":[21,15],"product_tag":[],"class_list":{"0":"post-1955","1":"product","2":"type-product","3":"status-publish","4":"has-post-thumbnail","6":"product_cat-cypr","7":"product_cat-wszystkie","9":"first","10":"instock","11":"shipping-taxable","12":"product-type-simple"},"acf":[],"yoast_head":"<!-- This site is optimized with the Yoast SEO plugin v27.1.1 - https:\/\/yoast.com\/product\/yoast-seo-wordpress\/ -->\n<title>Villa Sunset View - Karolina Zaj\u0105c mi\u0119dzynarodowy agent nieruchomo\u015bci<\/title>\n<meta name=\"robots\" content=\"index, follow, max-snippet:-1, max-image-preview:large, max-video-preview:-1\" \/>\n<link rel=\"canonical\" href=\"https:\/\/realestatezajac.com\/en\/estate\/villa-sunset-view\/\" \/>\n<meta property=\"og:locale\" content=\"en_GB\" \/>\n<meta property=\"og:type\" content=\"article\" \/>\n<meta property=\"og:title\" content=\"Villa Sunset View - Karolina Zaj\u0105c mi\u0119dzynarodowy agent nieruchomo\u015bci\" \/>\n<meta property=\"og:description\" content=\"Osiedle Sunset View to kameralna kolekcja 26 przestronnych willi z prywatnymi basenami, po\u0142o\u017conych w bezpo\u015brednim s\u0105siedztwie sklep\u00f3w, restauracji i szk\u00f3\u0142. To strze\u017cone, ekskluzywne osiedle \u0142\u0105czy komfort \u017cycia na najwy\u017cszym poziomie z udogodnieniami klasy premium oraz zachwycaj\u0105cymi widokami na morze. Kompleks znajduje si\u0119 w jednej z najpi\u0119kniejszych cz\u0119\u015bci wyspy \u2013 w pobli\u017cu spektakularnych jaski\u0144 morskich i t\u0119tni\u0105cej \u017cyciem Zatoki Koralowej. Lokalizacja zapewnia idealn\u0105 r\u00f3wnowag\u0119 mi\u0119dzy spokojem codziennego \u017cycia a wygod\u0105 dost\u0119pu do najwa\u017cniejszych atrakcji. Od Sunset View Villas dzieli zaledwie 5 minut spaceru od Cap St Georges Hotel &amp; Resort, kt\u00f3rego udogodnienia pozostaj\u0105 do wy\u0142\u0105cznej dyspozycji mieszka\u0144c\u00f3w. Nale\u017c\u0105 do nich m.in. klubokawiarnia z us\u0142ugami konsjer\u017ca, luksusowe spa, wykwintne restauracje, obiekty sportowe, prywatne pla\u017ce oraz bogata oferta \u017cycia towarzyskiego. W pobli\u017cu znajduje si\u0119 r\u00f3wnie\u017c prywatna szko\u0142a, a atrakcje rekreacyjne obejmuj\u0105 m.in. George\u2019s Horse Ranch, zoo w Pafos czy urokliwy port Saint George. Do centrum Pafos, Starego Miasta i licznych atrakcji kulturalnych mo\u017cna dotrze\u0107 w zaledwie 20 minut jazdy. Wille zosta\u0142y zaprojektowane z my\u015bl\u0105 o maksymalnej prywatno\u015bci i komforcie. Nowoczesna architektura, otwarte przestrzenie, du\u017ce przeszklenia, starannie zagospodarowane ogrody oraz materia\u0142y najwy\u017cszej jako\u015bci tworz\u0105 harmonijn\u0105 ca\u0142o\u015b\u0107. Istnieje mo\u017cliwo\u015b\u0107 pe\u0142nej personalizacji wn\u0119trz oraz aran\u017cacji ogrodu, tak aby dom idealnie odpowiada\u0142 indywidualnemu stylowi w\u0142a\u015bciciela. Sunset View Villas to idealna propozycja zar\u00f3wno dla os\u00f3b szukaj\u0105cych spokoju i relaksu, jak i dla tych, kt\u00f3rzy ceni\u0105 aktywny tryb \u017cycia. To nie tylko presti\u017cowe miejsce do zamieszkania, lecz tak\u017ce wyj\u0105tkowa spo\u0142eczno\u015b\u0107, skupiaj\u0105ca ludzi o podobnym podej\u015bciu do jako\u015bci i pi\u0119kna.\" \/>\n<meta property=\"og:url\" content=\"https:\/\/realestatezajac.com\/en\/estate\/villa-sunset-view\/\" \/>\n<meta property=\"og:site_name\" content=\"Karolina Zaj\u0105c mi\u0119dzynarodowy agent nieruchomo\u015bci\" \/>\n<meta property=\"og:image\" content=\"https:\/\/realestatezajac.com\/wp-content\/uploads\/2025\/11\/SUNSET_VIEW_49_-_P.2e16d0ba.fill-1300x975.jpegquality-75.jpg\" \/>\n\t<meta property=\"og:image:width\" content=\"1300\" \/>\n\t<meta property=\"og:image:height\" content=\"975\" \/>\n\t<meta property=\"og:image:type\" content=\"image\/jpeg\" \/>\n<meta name=\"twitter:card\" content=\"summary_large_image\" \/>\n<meta name=\"twitter:label1\" content=\"Estimated reading time\" \/>\n\t<meta name=\"twitter:data1\" content=\"1 minute\" \/>\n<script type=\"application\/ld+json\" class=\"yoast-schema-graph\">{\"@context\":\"https:\/\/schema.org\",\"@graph\":[{\"@type\":\"WebPage\",\"@id\":\"https:\/\/realestatezajac.com\/nieruchomosc\/villa-sunset-view\/\",\"url\":\"https:\/\/realestatezajac.com\/nieruchomosc\/villa-sunset-view\/\",\"name\":\"Villa Sunset View - Karolina Zaj\u0105c mi\u0119dzynarodowy agent nieruchomo\u015bci\",\"isPartOf\":{\"@id\":\"https:\/\/realestatezajac.com\/#website\"},\"primaryImageOfPage\":{\"@id\":\"https:\/\/realestatezajac.com\/nieruchomosc\/villa-sunset-view\/#primaryimage\"},\"image\":{\"@id\":\"https:\/\/realestatezajac.com\/nieruchomosc\/villa-sunset-view\/#primaryimage\"},\"thumbnailUrl\":\"https:\/\/realestatezajac.com\/wp-content\/uploads\/2025\/11\/SUNSET_VIEW_49_-_P.2e16d0ba.fill-1300x975.jpegquality-75.jpg\",\"datePublished\":\"2025-11-17T20:50:47+00:00\",\"breadcrumb\":{\"@id\":\"https:\/\/realestatezajac.com\/nieruchomosc\/villa-sunset-view\/#breadcrumb\"},\"inLanguage\":\"en-GB\",\"potentialAction\":[{\"@type\":\"ReadAction\",\"target\":[\"https:\/\/realestatezajac.com\/nieruchomosc\/villa-sunset-view\/\"]}]},{\"@type\":\"ImageObject\",\"inLanguage\":\"en-GB\",\"@id\":\"https:\/\/realestatezajac.com\/nieruchomosc\/villa-sunset-view\/#primaryimage\",\"url\":\"https:\/\/realestatezajac.com\/wp-content\/uploads\/2025\/11\/SUNSET_VIEW_49_-_P.2e16d0ba.fill-1300x975.jpegquality-75.jpg\",\"contentUrl\":\"https:\/\/realestatezajac.com\/wp-content\/uploads\/2025\/11\/SUNSET_VIEW_49_-_P.2e16d0ba.fill-1300x975.jpegquality-75.jpg\",\"width\":1300,\"height\":975},{\"@type\":\"BreadcrumbList\",\"@id\":\"https:\/\/realestatezajac.com\/nieruchomosc\/villa-sunset-view\/#breadcrumb\",\"itemListElement\":[{\"@type\":\"ListItem\",\"position\":1,\"name\":\"Strona g\u0142\u00f3wna\",\"item\":\"https:\/\/realestatezajac.com\/\"},{\"@type\":\"ListItem\",\"position\":2,\"name\":\"Nieruchomo\u015bci\",\"item\":\"https:\/\/realestatezajac.com\/nieruchomosci\/\"},{\"@type\":\"ListItem\",\"position\":3,\"name\":\"Villa Sunset View\"}]},{\"@type\":\"WebSite\",\"@id\":\"https:\/\/realestatezajac.com\/#website\",\"url\":\"https:\/\/realestatezajac.com\/\",\"name\":\"Karolina Zaj\u0105c mi\u0119dzynarodowy agent nieruchomo\u015bci\",\"description\":\"agent nieruchomo\u015bci Niemcy, Polska, Cypr\",\"potentialAction\":[{\"@type\":\"SearchAction\",\"target\":{\"@type\":\"EntryPoint\",\"urlTemplate\":\"https:\/\/realestatezajac.com\/?s={search_term_string}\"},\"query-input\":{\"@type\":\"PropertyValueSpecification\",\"valueRequired\":true,\"valueName\":\"search_term_string\"}}],\"inLanguage\":\"en-GB\"}]}<\/script>\n<!-- \/ Yoast SEO plugin. -->","yoast_head_json":{"title":"Villa Sunset View - Karolina Zaj\u0105c mi\u0119dzynarodowy agent nieruchomo\u015bci","robots":{"index":"index","follow":"follow","max-snippet":"max-snippet:-1","max-image-preview":"max-image-preview:large","max-video-preview":"max-video-preview:-1"},"canonical":"https:\/\/realestatezajac.com\/en\/estate\/villa-sunset-view\/","og_locale":"en_GB","og_type":"article","og_title":"Villa Sunset View - Karolina Zaj\u0105c mi\u0119dzynarodowy agent nieruchomo\u015bci","og_description":"Osiedle Sunset View to kameralna kolekcja 26 przestronnych willi z prywatnymi basenami, po\u0142o\u017conych w bezpo\u015brednim s\u0105siedztwie sklep\u00f3w, restauracji i szk\u00f3\u0142. To strze\u017cone, ekskluzywne osiedle \u0142\u0105czy komfort \u017cycia na najwy\u017cszym poziomie z udogodnieniami klasy premium oraz zachwycaj\u0105cymi widokami na morze. Kompleks znajduje si\u0119 w jednej z najpi\u0119kniejszych cz\u0119\u015bci wyspy \u2013 w pobli\u017cu spektakularnych jaski\u0144 morskich i t\u0119tni\u0105cej \u017cyciem Zatoki Koralowej. Lokalizacja zapewnia idealn\u0105 r\u00f3wnowag\u0119 mi\u0119dzy spokojem codziennego \u017cycia a wygod\u0105 dost\u0119pu do najwa\u017cniejszych atrakcji. Od Sunset View Villas dzieli zaledwie 5 minut spaceru od Cap St Georges Hotel &amp; Resort, kt\u00f3rego udogodnienia pozostaj\u0105 do wy\u0142\u0105cznej dyspozycji mieszka\u0144c\u00f3w. Nale\u017c\u0105 do nich m.in. klubokawiarnia z us\u0142ugami konsjer\u017ca, luksusowe spa, wykwintne restauracje, obiekty sportowe, prywatne pla\u017ce oraz bogata oferta \u017cycia towarzyskiego. W pobli\u017cu znajduje si\u0119 r\u00f3wnie\u017c prywatna szko\u0142a, a atrakcje rekreacyjne obejmuj\u0105 m.in. George\u2019s Horse Ranch, zoo w Pafos czy urokliwy port Saint George. Do centrum Pafos, Starego Miasta i licznych atrakcji kulturalnych mo\u017cna dotrze\u0107 w zaledwie 20 minut jazdy. Wille zosta\u0142y zaprojektowane z my\u015bl\u0105 o maksymalnej prywatno\u015bci i komforcie. Nowoczesna architektura, otwarte przestrzenie, du\u017ce przeszklenia, starannie zagospodarowane ogrody oraz materia\u0142y najwy\u017cszej jako\u015bci tworz\u0105 harmonijn\u0105 ca\u0142o\u015b\u0107. Istnieje mo\u017cliwo\u015b\u0107 pe\u0142nej personalizacji wn\u0119trz oraz aran\u017cacji ogrodu, tak aby dom idealnie odpowiada\u0142 indywidualnemu stylowi w\u0142a\u015bciciela. Sunset View Villas to idealna propozycja zar\u00f3wno dla os\u00f3b szukaj\u0105cych spokoju i relaksu, jak i dla tych, kt\u00f3rzy ceni\u0105 aktywny tryb \u017cycia. To nie tylko presti\u017cowe miejsce do zamieszkania, lecz tak\u017ce wyj\u0105tkowa spo\u0142eczno\u015b\u0107, skupiaj\u0105ca ludzi o podobnym podej\u015bciu do jako\u015bci i pi\u0119kna.","og_url":"https:\/\/realestatezajac.com\/en\/estate\/villa-sunset-view\/","og_site_name":"Karolina Zaj\u0105c mi\u0119dzynarodowy agent nieruchomo\u015bci","og_image":[{"width":1300,"height":975,"url":"https:\/\/realestatezajac.com\/wp-content\/uploads\/2025\/11\/SUNSET_VIEW_49_-_P.2e16d0ba.fill-1300x975.jpegquality-75.jpg","type":"image\/jpeg"}],"twitter_card":"summary_large_image","twitter_misc":{"Estimated reading time":"1 minute"},"schema":{"@context":"https:\/\/schema.org","@graph":[{"@type":"WebPage","@id":"https:\/\/realestatezajac.com\/nieruchomosc\/villa-sunset-view\/","url":"https:\/\/realestatezajac.com\/nieruchomosc\/villa-sunset-view\/","name":"Villa Sunset View - Karolina Zaj\u0105c mi\u0119dzynarodowy agent nieruchomo\u015bci","isPartOf":{"@id":"https:\/\/realestatezajac.com\/#website"},"primaryImageOfPage":{"@id":"https:\/\/realestatezajac.com\/nieruchomosc\/villa-sunset-view\/#primaryimage"},"image":{"@id":"https:\/\/realestatezajac.com\/nieruchomosc\/villa-sunset-view\/#primaryimage"},"thumbnailUrl":"https:\/\/realestatezajac.com\/wp-content\/uploads\/2025\/11\/SUNSET_VIEW_49_-_P.2e16d0ba.fill-1300x975.jpegquality-75.jpg","datePublished":"2025-11-17T20:50:47+00:00","breadcrumb":{"@id":"https:\/\/realestatezajac.com\/nieruchomosc\/villa-sunset-view\/#breadcrumb"},"inLanguage":"en-GB","potentialAction":[{"@type":"ReadAction","target":["https:\/\/realestatezajac.com\/nieruchomosc\/villa-sunset-view\/"]}]},{"@type":"ImageObject","inLanguage":"en-GB","@id":"https:\/\/realestatezajac.com\/nieruchomosc\/villa-sunset-view\/#primaryimage","url":"https:\/\/realestatezajac.com\/wp-content\/uploads\/2025\/11\/SUNSET_VIEW_49_-_P.2e16d0ba.fill-1300x975.jpegquality-75.jpg","contentUrl":"https:\/\/realestatezajac.com\/wp-content\/uploads\/2025\/11\/SUNSET_VIEW_49_-_P.2e16d0ba.fill-1300x975.jpegquality-75.jpg","width":1300,"height":975},{"@type":"BreadcrumbList","@id":"https:\/\/realestatezajac.com\/nieruchomosc\/villa-sunset-view\/#breadcrumb","itemListElement":[{"@type":"ListItem","position":1,"name":"Strona g\u0142\u00f3wna","item":"https:\/\/realestatezajac.com\/"},{"@type":"ListItem","position":2,"name":"Nieruchomo\u015bci","item":"https:\/\/realestatezajac.com\/nieruchomosci\/"},{"@type":"ListItem","position":3,"name":"Villa Sunset View"}]},{"@type":"WebSite","@id":"https:\/\/realestatezajac.com\/#website","url":"https:\/\/realestatezajac.com\/","name":"Zajac Real Estate International Properties","description":"agent nieruchomo\u015bci Niemcy, Polska, Cypr","potentialAction":[{"@type":"SearchAction","target":{"@type":"EntryPoint","urlTemplate":"https:\/\/realestatezajac.com\/?s={search_term_string}"},"query-input":{"@type":"PropertyValueSpecification","valueRequired":true,"valueName":"search_term_string"}}],"inLanguage":"en-GB"}]}},"_links":{"self":[{"href":"https:\/\/realestatezajac.com\/en\/wp-json\/wp\/v2\/product\/1955","targetHints":{"allow":["GET"]}}],"collection":[{"href":"https:\/\/realestatezajac.com\/en\/wp-json\/wp\/v2\/product"}],"about":[{"href":"https:\/\/realestatezajac.com\/en\/wp-json\/wp\/v2\/types\/product"}],"version-history":[{"count":2,"href":"https:\/\/realestatezajac.com\/en\/wp-json\/wp\/v2\/product\/1955\/revisions"}],"predecessor-version":[{"id":1976,"href":"https:\/\/realestatezajac.com\/en\/wp-json\/wp\/v2\/product\/1955\/revisions\/1976"}],"wp:featuredmedia":[{"embeddable":true,"href":"https:\/\/realestatezajac.com\/en\/wp-json\/wp\/v2\/media\/1957"}],"wp:attachment":[{"href":"https:\/\/realestatezajac.com\/en\/wp-json\/wp\/v2\/media?parent=1955"}],"wp:term":[{"taxonomy":"product_brand","embeddable":true,"href":"https:\/\/realestatezajac.com\/en\/wp-json\/wp\/v2\/product_brand?post=1955"},{"taxonomy":"product_cat","embeddable":true,"href":"https:\/\/realestatezajac.com\/en\/wp-json\/wp\/v2\/product_cat?post=1955"},{"taxonomy":"product_tag","embeddable":true,"href":"https:\/\/realestatezajac.com\/en\/wp-json\/wp\/v2\/product_tag?post=1955"}],"curies":[{"name":"wp","href":"https:\/\/api.w.org\/{rel}","templated":true}]}}