{"id":1835,"date":"2025-11-08T21:11:45","date_gmt":"2025-11-08T21:11:45","guid":{"rendered":"https:\/\/realestatezajac.com\/?post_type=product&#038;p=1835"},"modified":"2026-04-27T17:12:57","modified_gmt":"2026-04-27T17:12:57","slug":"apartment-for-sale-germany-viersen","status":"publish","type":"product","link":"https:\/\/realestatezajac.com\/en\/estate\/apartment-for-sale-germany-viersen\/","title":{"rendered":"Viersen, Germany \u2013 Modern 5-room apartment with a large balcony and an additional room in the attic"},"content":{"rendered":"","protected":false},"excerpt":{"rendered":"<p>For sale a spacious, completely renovated apartment with an area of \u200b\u200bapprox. 100.72 m\u00b2 (with an additional room in the attic), located in a quiet yet central part of Viersen.<\/p>\n<p>The renovation is now in its final stages and will be completed in early 2026. The entire property is decorated in a modern, bright style and is ready for immediate occupancy.<\/p>\n<p>The apartment comprises five bright, functional rooms, including an attic room \u2013 perfect for a home office, study, or hobby space. A large balcony overlooking the greenery provides privacy and a sense of peace.<\/p>\n<p>The high standard of finish includes new tiles, a modern bathroom, high-quality flooring, and freshly painted interiors. The doors and windows remain in very good condition.<\/p>\n<p>Great location \u2013 a quiet street with quick access to the A61 and A52 motorways, as well as the Dutch border (Venlo, Roermond). Full infrastructure is nearby: shops, schools, restaurants, public transport, and recreational areas.<\/p>\n<p>An excellent option for those looking for a modern, move-in ready apartment in a strategic location \u2013 both for living and as a rental investment.<\/p>","protected":false},"featured_media":2128,"template":"","meta":{"_acf_changed":false},"product_brand":[],"product_cat":[19,15],"product_tag":[],"class_list":{"0":"post-1835","1":"product","2":"type-product","3":"status-publish","4":"has-post-thumbnail","6":"product_cat-niemcy","7":"product_cat-wszystkie","9":"first","10":"outofstock","11":"shipping-taxable","12":"product-type-simple"},"acf":[],"yoast_head":"<!-- This site is optimized with the Yoast SEO plugin v27.1.1 - https:\/\/yoast.com\/product\/yoast-seo-wordpress\/ -->\n<title>Viersen, Niemcy - Nowoczesne mieszkanie 5-pokojowe z du\u017cym balkonem i dodatkowym pokojem na poddaszu - Karolina Zaj\u0105c mi\u0119dzynarodowy agent nieruchomo\u015bci<\/title>\n<meta name=\"robots\" content=\"index, follow, max-snippet:-1, max-image-preview:large, max-video-preview:-1\" \/>\n<link rel=\"canonical\" href=\"https:\/\/realestatezajac.com\/en\/estate\/apartment-for-sale-germany-viersen\/\" \/>\n<meta property=\"og:locale\" content=\"en_GB\" \/>\n<meta property=\"og:type\" content=\"article\" \/>\n<meta property=\"og:title\" content=\"Viersen, Niemcy - Nowoczesne mieszkanie 5-pokojowe z du\u017cym balkonem i dodatkowym pokojem na poddaszu - Karolina Zaj\u0105c mi\u0119dzynarodowy agent nieruchomo\u015bci\" \/>\n<meta property=\"og:description\" content=\"Na sprzeda\u017c przestronne, ca\u0142kowicie odnowione mieszkanie o powierzchni ok. 100,72 m\u00b2 (z dodatkowym pokojem na poddaszu), po\u0142o\u017cone w spokojnej, a jednocze\u015bnie centralnej cz\u0119\u015bci Viersen.  Remont jest ju\u017c w fazie ko\u0144cowej i zako\u0144czy si\u0119 na pocz\u0105tku 2026 roku. Ca\u0142o\u015b\u0107 utrzymana w nowoczesnym, jasnym stylu, gotowa do natychmiastowego zamieszkania.  W sk\u0142ad mieszkania wchodzi 5 jasnych, funkcjonalnych pokoi, w tym pok\u00f3j na poddaszu \u2013 idealny na home office, gabinet lub przestrze\u0144 hobby. Du\u017cy balkon z widokiem na ziele\u0144 zapewnia prywatno\u015b\u0107 i poczucie spokoju.  Wysoki standard wyko\u0144czenia obejmuje nowe p\u0142ytki, nowoczesn\u0105 \u0142azienk\u0119, wysokiej jako\u015bci pod\u0142ogi oraz \u015bwie\u017co malowane wn\u0119trza. Stolarka drzwiowa i okienna pozosta\u0142a w bardzo dobrym stanie.  \u015awietna lokalizacja \u2013 spokojna ulica z szybkim dojazdem do autostrady A61 i A52, a tak\u017ce do granic Holandii (Venlo, Roermond). W pobli\u017cu pe\u0142na infrastruktura: sklepy, szko\u0142y, restauracje, komunikacja i tereny rekreacyjne.  Doskona\u0142a propozycja dla os\u00f3b szukaj\u0105cych nowoczesnego, gotowego do wprowadzenia mieszkania w strategicznej lokalizacji \u2013 zar\u00f3wno do zamieszkania, jak i jako inwestycja pod wynajem.\" \/>\n<meta property=\"og:url\" content=\"https:\/\/realestatezajac.com\/en\/estate\/apartment-for-sale-germany-viersen\/\" \/>\n<meta property=\"og:site_name\" content=\"Karolina Zaj\u0105c mi\u0119dzynarodowy agent nieruchomo\u015bci\" \/>\n<meta property=\"article:modified_time\" content=\"2026-04-27T17:12:57+00:00\" \/>\n<meta property=\"og:image\" content=\"https:\/\/realestatezajac.com\/wp-content\/uploads\/2025\/11\/sold-viersen-haus-real-estate-zajac.png\" \/>\n\t<meta property=\"og:image:width\" content=\"1536\" \/>\n\t<meta property=\"og:image:height\" content=\"1152\" \/>\n\t<meta property=\"og:image:type\" content=\"image\/png\" \/>\n<meta name=\"twitter:card\" content=\"summary_large_image\" \/>\n<meta name=\"twitter:label1\" content=\"Estimated reading time\" \/>\n\t<meta name=\"twitter:data1\" content=\"1 minute\" \/>\n<script type=\"application\/ld+json\" class=\"yoast-schema-graph\">{\"@context\":\"https:\/\/schema.org\",\"@graph\":[{\"@type\":\"WebPage\",\"@id\":\"https:\/\/realestatezajac.com\/nieruchomosc\/mieszkanie-na-sprzedaz-niemcy-viersen\/\",\"url\":\"https:\/\/realestatezajac.com\/nieruchomosc\/mieszkanie-na-sprzedaz-niemcy-viersen\/\",\"name\":\"Viersen, Niemcy - Nowoczesne mieszkanie 5-pokojowe z du\u017cym balkonem i dodatkowym pokojem na poddaszu - Karolina Zaj\u0105c mi\u0119dzynarodowy agent nieruchomo\u015bci\",\"isPartOf\":{\"@id\":\"https:\/\/realestatezajac.com\/#website\"},\"primaryImageOfPage\":{\"@id\":\"https:\/\/realestatezajac.com\/nieruchomosc\/mieszkanie-na-sprzedaz-niemcy-viersen\/#primaryimage\"},\"image\":{\"@id\":\"https:\/\/realestatezajac.com\/nieruchomosc\/mieszkanie-na-sprzedaz-niemcy-viersen\/#primaryimage\"},\"thumbnailUrl\":\"https:\/\/realestatezajac.com\/wp-content\/uploads\/2025\/11\/sold-viersen-haus-real-estate-zajac.png\",\"datePublished\":\"2025-11-08T21:11:45+00:00\",\"dateModified\":\"2026-04-27T17:12:57+00:00\",\"breadcrumb\":{\"@id\":\"https:\/\/realestatezajac.com\/nieruchomosc\/mieszkanie-na-sprzedaz-niemcy-viersen\/#breadcrumb\"},\"inLanguage\":\"en-GB\",\"potentialAction\":[{\"@type\":\"ReadAction\",\"target\":[\"https:\/\/realestatezajac.com\/nieruchomosc\/mieszkanie-na-sprzedaz-niemcy-viersen\/\"]}]},{\"@type\":\"ImageObject\",\"inLanguage\":\"en-GB\",\"@id\":\"https:\/\/realestatezajac.com\/nieruchomosc\/mieszkanie-na-sprzedaz-niemcy-viersen\/#primaryimage\",\"url\":\"https:\/\/realestatezajac.com\/wp-content\/uploads\/2025\/11\/sold-viersen-haus-real-estate-zajac.png\",\"contentUrl\":\"https:\/\/realestatezajac.com\/wp-content\/uploads\/2025\/11\/sold-viersen-haus-real-estate-zajac.png\",\"width\":1536,\"height\":1152},{\"@type\":\"BreadcrumbList\",\"@id\":\"https:\/\/realestatezajac.com\/nieruchomosc\/mieszkanie-na-sprzedaz-niemcy-viersen\/#breadcrumb\",\"itemListElement\":[{\"@type\":\"ListItem\",\"position\":1,\"name\":\"Strona g\u0142\u00f3wna\",\"item\":\"https:\/\/realestatezajac.com\/\"},{\"@type\":\"ListItem\",\"position\":2,\"name\":\"Nieruchomo\u015bci\",\"item\":\"https:\/\/realestatezajac.com\/nieruchomosci\/\"},{\"@type\":\"ListItem\",\"position\":3,\"name\":\"Viersen, Niemcy &#8211; Nowoczesne mieszkanie 5-pokojowe z du\u017cym balkonem i dodatkowym pokojem na poddaszu\"}]},{\"@type\":\"WebSite\",\"@id\":\"https:\/\/realestatezajac.com\/#website\",\"url\":\"https:\/\/realestatezajac.com\/\",\"name\":\"Karolina Zaj\u0105c mi\u0119dzynarodowy agent nieruchomo\u015bci\",\"description\":\"agent nieruchomo\u015bci Niemcy, Polska, Cypr\",\"potentialAction\":[{\"@type\":\"SearchAction\",\"target\":{\"@type\":\"EntryPoint\",\"urlTemplate\":\"https:\/\/realestatezajac.com\/?s={search_term_string}\"},\"query-input\":{\"@type\":\"PropertyValueSpecification\",\"valueRequired\":true,\"valueName\":\"search_term_string\"}}],\"inLanguage\":\"en-GB\"}]}<\/script>\n<!-- \/ Yoast SEO plugin. -->","yoast_head_json":{"title":"Viersen, Niemcy - Nowoczesne mieszkanie 5-pokojowe z du\u017cym balkonem i dodatkowym pokojem na poddaszu - Karolina Zaj\u0105c mi\u0119dzynarodowy agent nieruchomo\u015bci","robots":{"index":"index","follow":"follow","max-snippet":"max-snippet:-1","max-image-preview":"max-image-preview:large","max-video-preview":"max-video-preview:-1"},"canonical":"https:\/\/realestatezajac.com\/en\/estate\/apartment-for-sale-germany-viersen\/","og_locale":"en_GB","og_type":"article","og_title":"Viersen, Niemcy - Nowoczesne mieszkanie 5-pokojowe z du\u017cym balkonem i dodatkowym pokojem na poddaszu - Karolina Zaj\u0105c mi\u0119dzynarodowy agent nieruchomo\u015bci","og_description":"Na sprzeda\u017c przestronne, ca\u0142kowicie odnowione mieszkanie o powierzchni ok. 100,72 m\u00b2 (z dodatkowym pokojem na poddaszu), po\u0142o\u017cone w spokojnej, a jednocze\u015bnie centralnej cz\u0119\u015bci Viersen.  Remont jest ju\u017c w fazie ko\u0144cowej i zako\u0144czy si\u0119 na pocz\u0105tku 2026 roku. Ca\u0142o\u015b\u0107 utrzymana w nowoczesnym, jasnym stylu, gotowa do natychmiastowego zamieszkania.  W sk\u0142ad mieszkania wchodzi 5 jasnych, funkcjonalnych pokoi, w tym pok\u00f3j na poddaszu \u2013 idealny na home office, gabinet lub przestrze\u0144 hobby. Du\u017cy balkon z widokiem na ziele\u0144 zapewnia prywatno\u015b\u0107 i poczucie spokoju.  Wysoki standard wyko\u0144czenia obejmuje nowe p\u0142ytki, nowoczesn\u0105 \u0142azienk\u0119, wysokiej jako\u015bci pod\u0142ogi oraz \u015bwie\u017co malowane wn\u0119trza. Stolarka drzwiowa i okienna pozosta\u0142a w bardzo dobrym stanie.  \u015awietna lokalizacja \u2013 spokojna ulica z szybkim dojazdem do autostrady A61 i A52, a tak\u017ce do granic Holandii (Venlo, Roermond). W pobli\u017cu pe\u0142na infrastruktura: sklepy, szko\u0142y, restauracje, komunikacja i tereny rekreacyjne.  Doskona\u0142a propozycja dla os\u00f3b szukaj\u0105cych nowoczesnego, gotowego do wprowadzenia mieszkania w strategicznej lokalizacji \u2013 zar\u00f3wno do zamieszkania, jak i jako inwestycja pod wynajem.","og_url":"https:\/\/realestatezajac.com\/en\/estate\/apartment-for-sale-germany-viersen\/","og_site_name":"Karolina Zaj\u0105c mi\u0119dzynarodowy agent nieruchomo\u015bci","article_modified_time":"2026-04-27T17:12:57+00:00","og_image":[{"width":1536,"height":1152,"url":"https:\/\/realestatezajac.com\/wp-content\/uploads\/2025\/11\/sold-viersen-haus-real-estate-zajac.png","type":"image\/png"}],"twitter_card":"summary_large_image","twitter_misc":{"Estimated reading time":"1 minute"},"schema":{"@context":"https:\/\/schema.org","@graph":[{"@type":"WebPage","@id":"https:\/\/realestatezajac.com\/nieruchomosc\/mieszkanie-na-sprzedaz-niemcy-viersen\/","url":"https:\/\/realestatezajac.com\/nieruchomosc\/mieszkanie-na-sprzedaz-niemcy-viersen\/","name":"Viersen, Niemcy - Nowoczesne mieszkanie 5-pokojowe z du\u017cym balkonem i dodatkowym pokojem na poddaszu - Karolina Zaj\u0105c mi\u0119dzynarodowy agent nieruchomo\u015bci","isPartOf":{"@id":"https:\/\/realestatezajac.com\/#website"},"primaryImageOfPage":{"@id":"https:\/\/realestatezajac.com\/nieruchomosc\/mieszkanie-na-sprzedaz-niemcy-viersen\/#primaryimage"},"image":{"@id":"https:\/\/realestatezajac.com\/nieruchomosc\/mieszkanie-na-sprzedaz-niemcy-viersen\/#primaryimage"},"thumbnailUrl":"https:\/\/realestatezajac.com\/wp-content\/uploads\/2025\/11\/sold-viersen-haus-real-estate-zajac.png","datePublished":"2025-11-08T21:11:45+00:00","dateModified":"2026-04-27T17:12:57+00:00","breadcrumb":{"@id":"https:\/\/realestatezajac.com\/nieruchomosc\/mieszkanie-na-sprzedaz-niemcy-viersen\/#breadcrumb"},"inLanguage":"en-GB","potentialAction":[{"@type":"ReadAction","target":["https:\/\/realestatezajac.com\/nieruchomosc\/mieszkanie-na-sprzedaz-niemcy-viersen\/"]}]},{"@type":"ImageObject","inLanguage":"en-GB","@id":"https:\/\/realestatezajac.com\/nieruchomosc\/mieszkanie-na-sprzedaz-niemcy-viersen\/#primaryimage","url":"https:\/\/realestatezajac.com\/wp-content\/uploads\/2025\/11\/sold-viersen-haus-real-estate-zajac.png","contentUrl":"https:\/\/realestatezajac.com\/wp-content\/uploads\/2025\/11\/sold-viersen-haus-real-estate-zajac.png","width":1536,"height":1152},{"@type":"BreadcrumbList","@id":"https:\/\/realestatezajac.com\/nieruchomosc\/mieszkanie-na-sprzedaz-niemcy-viersen\/#breadcrumb","itemListElement":[{"@type":"ListItem","position":1,"name":"Strona g\u0142\u00f3wna","item":"https:\/\/realestatezajac.com\/"},{"@type":"ListItem","position":2,"name":"Nieruchomo\u015bci","item":"https:\/\/realestatezajac.com\/nieruchomosci\/"},{"@type":"ListItem","position":3,"name":"Viersen, Niemcy &#8211; Nowoczesne mieszkanie 5-pokojowe z du\u017cym balkonem i dodatkowym pokojem na poddaszu"}]},{"@type":"WebSite","@id":"https:\/\/realestatezajac.com\/#website","url":"https:\/\/realestatezajac.com\/","name":"Zajac Real Estate International Properties","description":"agent nieruchomo\u015bci Niemcy, Polska, Cypr","potentialAction":[{"@type":"SearchAction","target":{"@type":"EntryPoint","urlTemplate":"https:\/\/realestatezajac.com\/?s={search_term_string}"},"query-input":{"@type":"PropertyValueSpecification","valueRequired":true,"valueName":"search_term_string"}}],"inLanguage":"en-GB"}]}},"_links":{"self":[{"href":"https:\/\/realestatezajac.com\/en\/wp-json\/wp\/v2\/product\/1835","targetHints":{"allow":["GET"]}}],"collection":[{"href":"https:\/\/realestatezajac.com\/en\/wp-json\/wp\/v2\/product"}],"about":[{"href":"https:\/\/realestatezajac.com\/en\/wp-json\/wp\/v2\/types\/product"}],"version-history":[{"count":19,"href":"https:\/\/realestatezajac.com\/en\/wp-json\/wp\/v2\/product\/1835\/revisions"}],"predecessor-version":[{"id":2504,"href":"https:\/\/realestatezajac.com\/en\/wp-json\/wp\/v2\/product\/1835\/revisions\/2504"}],"wp:featuredmedia":[{"embeddable":true,"href":"https:\/\/realestatezajac.com\/en\/wp-json\/wp\/v2\/media\/2128"}],"wp:attachment":[{"href":"https:\/\/realestatezajac.com\/en\/wp-json\/wp\/v2\/media?parent=1835"}],"wp:term":[{"taxonomy":"product_brand","embeddable":true,"href":"https:\/\/realestatezajac.com\/en\/wp-json\/wp\/v2\/product_brand?post=1835"},{"taxonomy":"product_cat","embeddable":true,"href":"https:\/\/realestatezajac.com\/en\/wp-json\/wp\/v2\/product_cat?post=1835"},{"taxonomy":"product_tag","embeddable":true,"href":"https:\/\/realestatezajac.com\/en\/wp-json\/wp\/v2\/product_tag?post=1835"}],"curies":[{"name":"wp","href":"https:\/\/api.w.org\/{rel}","templated":true}]}}