{"id":1644,"date":"2025-09-08T21:12:36","date_gmt":"2025-09-08T21:12:36","guid":{"rendered":"https:\/\/realestatezajac.com\/?post_type=product&#038;p=1644"},"modified":"2025-10-07T20:06:06","modified_gmt":"2025-10-07T20:06:06","slug":"georgiana-residences-3-modern-villa-with-a-view-in-sunny-paphos","status":"publish","type":"product","link":"https:\/\/realestatezajac.com\/en\/estate\/georgiana-residences-3-modern-villa-with-a-view-in-sunny-paphos\/","title":{"rendered":"Georgiana Residences 3 \u2013 Contemporary Villa with Panoramic Views in Sunny Paphos"},"content":{"rendered":"","protected":false},"excerpt":{"rendered":"<p class=\"p1\"><b>Georgiana Residences <\/b>is a boutique project of modern villas located in the prestigious part of Pegeia\n\u2013 one of the most desirable areas on the western coast of Cyprus.<\/p>\n<p class=\"p1\">Surrounded by greenery, close to the sea, resorts, and international infrastructure, this investment\nperfectly combines privacy, comfort, and strong value growth potential.<\/p>\n<p class=\"p1\">Currently, the last villa is available<span class=\"Apple-converted-space\">\u00a0 <\/span>\u2013 exceptionally spacious, set on a large plot, offering generous\nliving space and the option for a complete turnkey finish.<\/p>","protected":false},"featured_media":914,"template":"","meta":{"_acf_changed":false},"product_brand":[],"product_cat":[21,15],"product_tag":[],"class_list":{"0":"post-1644","1":"product","2":"type-product","3":"status-publish","4":"has-post-thumbnail","6":"product_cat-cypr","7":"product_cat-wszystkie","9":"first","10":"instock","11":"shipping-taxable","12":"product-type-simple"},"acf":[],"yoast_head":"<!-- This site is optimized with the Yoast SEO plugin v27.1.1 - https:\/\/yoast.com\/product\/yoast-seo-wordpress\/ -->\n<title>Georgiana Residences 3 \u2013 Nowoczesna willa z widokiem w s\u0142onecznym Pafos - Karolina Zaj\u0105c mi\u0119dzynarodowy agent nieruchomo\u015bci<\/title>\n<meta name=\"robots\" content=\"index, follow, max-snippet:-1, max-image-preview:large, max-video-preview:-1\" \/>\n<link rel=\"canonical\" href=\"https:\/\/realestatezajac.com\/en\/estate\/georgiana-residences-3-modern-villa-with-a-view-in-sunny-paphos\/\" \/>\n<meta property=\"og:locale\" content=\"en_GB\" \/>\n<meta property=\"og:type\" content=\"article\" \/>\n<meta property=\"og:title\" content=\"Georgiana Residences 3 \u2013 Nowoczesna willa z widokiem w s\u0142onecznym Pafos - Karolina Zaj\u0105c mi\u0119dzynarodowy agent nieruchomo\u015bci\" \/>\n<meta property=\"og:description\" content=\"Georgiana Residences to butikowy projekt nowoczesnych willi po\u0142o\u017conych w presti\u017cowej cz\u0119\u015bci Pegei \u2013 jednej z najbardziej po\u017c\u0105danych lokalizacji na zachodnim wybrze\u017cu Cypru. Otoczenie zieleni, blisko\u015b\u0107 morza, resort\u00f3w i mi\u0119dzynarodowej infrastruktury sprawiaj\u0105, \u017ce inwestycja ta idealnie \u0142\u0105czy prywatno\u015b\u0107, wygod\u0119 i potencja\u0142 wzrostu warto\u015bci. Aktualnie dost\u0119pna jest ostatnia willa \u2013\u00a0 o wyj\u0105tkowo przestronnej dzia\u0142ce, z du\u017c\u0105 powierzchni\u0105 mieszkaln\u0105 i mo\u017cliwo\u015bci\u0105 pe\u0142nego wyko\u0144czenia pod klucz.\" \/>\n<meta property=\"og:url\" content=\"https:\/\/realestatezajac.com\/en\/estate\/georgiana-residences-3-modern-villa-with-a-view-in-sunny-paphos\/\" \/>\n<meta property=\"og:site_name\" content=\"Karolina Zaj\u0105c mi\u0119dzynarodowy agent nieruchomo\u015bci\" \/>\n<meta property=\"article:modified_time\" content=\"2025-10-07T20:06:06+00:00\" \/>\n<meta property=\"og:image\" content=\"https:\/\/realestatezajac.com\/wp-content\/uploads\/2025\/08\/IMG-20250709-WA0038.jpg\" \/>\n\t<meta property=\"og:image:width\" content=\"1024\" \/>\n\t<meta property=\"og:image:height\" content=\"576\" \/>\n\t<meta property=\"og:image:type\" content=\"image\/jpeg\" \/>\n<meta name=\"twitter:card\" content=\"summary_large_image\" \/>\n<meta name=\"twitter:label1\" content=\"Estimated reading time\" \/>\n\t<meta name=\"twitter:data1\" content=\"1 minute\" \/>\n<script type=\"application\/ld+json\" class=\"yoast-schema-graph\">{\"@context\":\"https:\/\/schema.org\",\"@graph\":[{\"@type\":\"WebPage\",\"@id\":\"https:\/\/realestatezajac.com\/nieruchomosc\/georgiana-residences-3-nowoczesna-willa-z-widokiem-w-slonecznym-pafos\/\",\"url\":\"https:\/\/realestatezajac.com\/nieruchomosc\/georgiana-residences-3-nowoczesna-willa-z-widokiem-w-slonecznym-pafos\/\",\"name\":\"Georgiana Residences 3 \u2013 Nowoczesna willa z widokiem w s\u0142onecznym Pafos - Karolina Zaj\u0105c mi\u0119dzynarodowy agent nieruchomo\u015bci\",\"isPartOf\":{\"@id\":\"https:\/\/realestatezajac.com\/#website\"},\"primaryImageOfPage\":{\"@id\":\"https:\/\/realestatezajac.com\/nieruchomosc\/georgiana-residences-3-nowoczesna-willa-z-widokiem-w-slonecznym-pafos\/#primaryimage\"},\"image\":{\"@id\":\"https:\/\/realestatezajac.com\/nieruchomosc\/georgiana-residences-3-nowoczesna-willa-z-widokiem-w-slonecznym-pafos\/#primaryimage\"},\"thumbnailUrl\":\"https:\/\/realestatezajac.com\/wp-content\/uploads\/2025\/08\/IMG-20250709-WA0038.jpg\",\"datePublished\":\"2025-09-08T21:12:36+00:00\",\"dateModified\":\"2025-10-07T20:06:06+00:00\",\"breadcrumb\":{\"@id\":\"https:\/\/realestatezajac.com\/nieruchomosc\/georgiana-residences-3-nowoczesna-willa-z-widokiem-w-slonecznym-pafos\/#breadcrumb\"},\"inLanguage\":\"en-GB\",\"potentialAction\":[{\"@type\":\"ReadAction\",\"target\":[\"https:\/\/realestatezajac.com\/nieruchomosc\/georgiana-residences-3-nowoczesna-willa-z-widokiem-w-slonecznym-pafos\/\"]}]},{\"@type\":\"ImageObject\",\"inLanguage\":\"en-GB\",\"@id\":\"https:\/\/realestatezajac.com\/nieruchomosc\/georgiana-residences-3-nowoczesna-willa-z-widokiem-w-slonecznym-pafos\/#primaryimage\",\"url\":\"https:\/\/realestatezajac.com\/wp-content\/uploads\/2025\/08\/IMG-20250709-WA0038.jpg\",\"contentUrl\":\"https:\/\/realestatezajac.com\/wp-content\/uploads\/2025\/08\/IMG-20250709-WA0038.jpg\",\"width\":1024,\"height\":576},{\"@type\":\"BreadcrumbList\",\"@id\":\"https:\/\/realestatezajac.com\/nieruchomosc\/georgiana-residences-3-nowoczesna-willa-z-widokiem-w-slonecznym-pafos\/#breadcrumb\",\"itemListElement\":[{\"@type\":\"ListItem\",\"position\":1,\"name\":\"Strona g\u0142\u00f3wna\",\"item\":\"https:\/\/realestatezajac.com\/\"},{\"@type\":\"ListItem\",\"position\":2,\"name\":\"Nieruchomo\u015bci\",\"item\":\"https:\/\/realestatezajac.com\/nieruchomosci\/\"},{\"@type\":\"ListItem\",\"position\":3,\"name\":\"Georgiana Residences 3 \u2013 Nowoczesna willa z&nbsp;widokiem w&nbsp;s\u0142onecznym Pafos\"}]},{\"@type\":\"WebSite\",\"@id\":\"https:\/\/realestatezajac.com\/#website\",\"url\":\"https:\/\/realestatezajac.com\/\",\"name\":\"Karolina Zaj\u0105c mi\u0119dzynarodowy agent nieruchomo\u015bci\",\"description\":\"agent nieruchomo\u015bci Niemcy, Polska, Cypr\",\"potentialAction\":[{\"@type\":\"SearchAction\",\"target\":{\"@type\":\"EntryPoint\",\"urlTemplate\":\"https:\/\/realestatezajac.com\/?s={search_term_string}\"},\"query-input\":{\"@type\":\"PropertyValueSpecification\",\"valueRequired\":true,\"valueName\":\"search_term_string\"}}],\"inLanguage\":\"en-GB\"}]}<\/script>\n<!-- \/ Yoast SEO plugin. -->","yoast_head_json":{"title":"Georgiana Residences 3 \u2013 Nowoczesna willa z widokiem w s\u0142onecznym Pafos - Karolina Zaj\u0105c mi\u0119dzynarodowy agent nieruchomo\u015bci","robots":{"index":"index","follow":"follow","max-snippet":"max-snippet:-1","max-image-preview":"max-image-preview:large","max-video-preview":"max-video-preview:-1"},"canonical":"https:\/\/realestatezajac.com\/en\/estate\/georgiana-residences-3-modern-villa-with-a-view-in-sunny-paphos\/","og_locale":"en_GB","og_type":"article","og_title":"Georgiana Residences 3 \u2013 Nowoczesna willa z widokiem w s\u0142onecznym Pafos - Karolina Zaj\u0105c mi\u0119dzynarodowy agent nieruchomo\u015bci","og_description":"Georgiana Residences to butikowy projekt nowoczesnych willi po\u0142o\u017conych w presti\u017cowej cz\u0119\u015bci Pegei \u2013 jednej z najbardziej po\u017c\u0105danych lokalizacji na zachodnim wybrze\u017cu Cypru. Otoczenie zieleni, blisko\u015b\u0107 morza, resort\u00f3w i mi\u0119dzynarodowej infrastruktury sprawiaj\u0105, \u017ce inwestycja ta idealnie \u0142\u0105czy prywatno\u015b\u0107, wygod\u0119 i potencja\u0142 wzrostu warto\u015bci. Aktualnie dost\u0119pna jest ostatnia willa \u2013\u00a0 o wyj\u0105tkowo przestronnej dzia\u0142ce, z du\u017c\u0105 powierzchni\u0105 mieszkaln\u0105 i mo\u017cliwo\u015bci\u0105 pe\u0142nego wyko\u0144czenia pod klucz.","og_url":"https:\/\/realestatezajac.com\/en\/estate\/georgiana-residences-3-modern-villa-with-a-view-in-sunny-paphos\/","og_site_name":"Karolina Zaj\u0105c mi\u0119dzynarodowy agent nieruchomo\u015bci","article_modified_time":"2025-10-07T20:06:06+00:00","og_image":[{"width":1024,"height":576,"url":"https:\/\/realestatezajac.com\/wp-content\/uploads\/2025\/08\/IMG-20250709-WA0038.jpg","type":"image\/jpeg"}],"twitter_card":"summary_large_image","twitter_misc":{"Estimated reading time":"1 minute"},"schema":{"@context":"https:\/\/schema.org","@graph":[{"@type":"WebPage","@id":"https:\/\/realestatezajac.com\/nieruchomosc\/georgiana-residences-3-nowoczesna-willa-z-widokiem-w-slonecznym-pafos\/","url":"https:\/\/realestatezajac.com\/nieruchomosc\/georgiana-residences-3-nowoczesna-willa-z-widokiem-w-slonecznym-pafos\/","name":"Georgiana Residences 3 \u2013 Nowoczesna willa z widokiem w s\u0142onecznym Pafos - Karolina Zaj\u0105c mi\u0119dzynarodowy agent nieruchomo\u015bci","isPartOf":{"@id":"https:\/\/realestatezajac.com\/#website"},"primaryImageOfPage":{"@id":"https:\/\/realestatezajac.com\/nieruchomosc\/georgiana-residences-3-nowoczesna-willa-z-widokiem-w-slonecznym-pafos\/#primaryimage"},"image":{"@id":"https:\/\/realestatezajac.com\/nieruchomosc\/georgiana-residences-3-nowoczesna-willa-z-widokiem-w-slonecznym-pafos\/#primaryimage"},"thumbnailUrl":"https:\/\/realestatezajac.com\/wp-content\/uploads\/2025\/08\/IMG-20250709-WA0038.jpg","datePublished":"2025-09-08T21:12:36+00:00","dateModified":"2025-10-07T20:06:06+00:00","breadcrumb":{"@id":"https:\/\/realestatezajac.com\/nieruchomosc\/georgiana-residences-3-nowoczesna-willa-z-widokiem-w-slonecznym-pafos\/#breadcrumb"},"inLanguage":"en-GB","potentialAction":[{"@type":"ReadAction","target":["https:\/\/realestatezajac.com\/nieruchomosc\/georgiana-residences-3-nowoczesna-willa-z-widokiem-w-slonecznym-pafos\/"]}]},{"@type":"ImageObject","inLanguage":"en-GB","@id":"https:\/\/realestatezajac.com\/nieruchomosc\/georgiana-residences-3-nowoczesna-willa-z-widokiem-w-slonecznym-pafos\/#primaryimage","url":"https:\/\/realestatezajac.com\/wp-content\/uploads\/2025\/08\/IMG-20250709-WA0038.jpg","contentUrl":"https:\/\/realestatezajac.com\/wp-content\/uploads\/2025\/08\/IMG-20250709-WA0038.jpg","width":1024,"height":576},{"@type":"BreadcrumbList","@id":"https:\/\/realestatezajac.com\/nieruchomosc\/georgiana-residences-3-nowoczesna-willa-z-widokiem-w-slonecznym-pafos\/#breadcrumb","itemListElement":[{"@type":"ListItem","position":1,"name":"Strona g\u0142\u00f3wna","item":"https:\/\/realestatezajac.com\/"},{"@type":"ListItem","position":2,"name":"Nieruchomo\u015bci","item":"https:\/\/realestatezajac.com\/nieruchomosci\/"},{"@type":"ListItem","position":3,"name":"Georgiana Residences 3 \u2013 Nowoczesna willa z&nbsp;widokiem w&nbsp;s\u0142onecznym Pafos"}]},{"@type":"WebSite","@id":"https:\/\/realestatezajac.com\/#website","url":"https:\/\/realestatezajac.com\/","name":"Zajac Real Estate International Properties","description":"agent nieruchomo\u015bci Niemcy, Polska, Cypr","potentialAction":[{"@type":"SearchAction","target":{"@type":"EntryPoint","urlTemplate":"https:\/\/realestatezajac.com\/?s={search_term_string}"},"query-input":{"@type":"PropertyValueSpecification","valueRequired":true,"valueName":"search_term_string"}}],"inLanguage":"en-GB"}]}},"_links":{"self":[{"href":"https:\/\/realestatezajac.com\/en\/wp-json\/wp\/v2\/product\/1644","targetHints":{"allow":["GET"]}}],"collection":[{"href":"https:\/\/realestatezajac.com\/en\/wp-json\/wp\/v2\/product"}],"about":[{"href":"https:\/\/realestatezajac.com\/en\/wp-json\/wp\/v2\/types\/product"}],"version-history":[{"count":6,"href":"https:\/\/realestatezajac.com\/en\/wp-json\/wp\/v2\/product\/1644\/revisions"}],"predecessor-version":[{"id":1875,"href":"https:\/\/realestatezajac.com\/en\/wp-json\/wp\/v2\/product\/1644\/revisions\/1875"}],"wp:featuredmedia":[{"embeddable":true,"href":"https:\/\/realestatezajac.com\/en\/wp-json\/wp\/v2\/media\/914"}],"wp:attachment":[{"href":"https:\/\/realestatezajac.com\/en\/wp-json\/wp\/v2\/media?parent=1644"}],"wp:term":[{"taxonomy":"product_brand","embeddable":true,"href":"https:\/\/realestatezajac.com\/en\/wp-json\/wp\/v2\/product_brand?post=1644"},{"taxonomy":"product_cat","embeddable":true,"href":"https:\/\/realestatezajac.com\/en\/wp-json\/wp\/v2\/product_cat?post=1644"},{"taxonomy":"product_tag","embeddable":true,"href":"https:\/\/realestatezajac.com\/en\/wp-json\/wp\/v2\/product_tag?post=1644"}],"curies":[{"name":"wp","href":"https:\/\/api.w.org\/{rel}","templated":true}]}}