{"id":1408,"date":"2025-09-05T20:34:38","date_gmt":"2025-09-05T20:34:38","guid":{"rendered":"https:\/\/realestatezajac.com\/?page_id=1408"},"modified":"2025-09-07T23:48:57","modified_gmt":"2025-09-07T23:48:57","slug":"privacy-policy","status":"publish","type":"page","link":"https:\/\/realestatezajac.com\/en\/privacy-policy\/","title":{"rendered":"Privacy Policy"},"content":{"rendered":"<div data-elementor-type=\"wp-page\" data-elementor-id=\"1408\" class=\"elementor elementor-1408\">\n\t\t\t\t<div class=\"wd-negative-gap elementor-element elementor-element-3a2679f e-flex e-con-boxed e-con e-parent\" data-id=\"3a2679f\" data-element_type=\"container\" data-e-type=\"container\">\n\t\t\t\t\t<div class=\"e-con-inner\">\n\t\t\t\t<div class=\"elementor-element elementor-element-f24e979 elementor-widget elementor-widget-heading\" data-id=\"f24e979\" data-element_type=\"widget\" data-e-type=\"widget\" data-widget_type=\"heading.default\">\n\t\t\t\t\t<h1 class=\"elementor-heading-title elementor-size-default\">Polityka prywatno\u015bci<\/h1>\t\t\t\t<\/div>\n\t\t\t\t<div class=\"elementor-element elementor-element-47c6d7a color-scheme-inherit text-left elementor-widget elementor-widget-text-editor\" data-id=\"47c6d7a\" data-element_type=\"widget\" data-e-type=\"widget\" data-widget_type=\"text-editor.default\">\n\t\t\t\t\t\t\t\t\t<h3><strong>1. Informacje og\u00f3lne<\/strong><\/h3>\n<p><!-- \/wp:heading --><\/p>\n<p><!-- wp:list {\"ordered\":true} --><\/p>\n<ol>\n<li class=\"translation-block\">Niniejsza polityka dotyczy Serwisu www, funkcjonuj\u0105cego pod&nbsp;adresem url:&nbsp;<strong>www.realestatezajac.com<\/strong><\/li>\n<li>Operatorem serwisu oraz\u00a0Administratorem danych osobowych jest: Karolina Zajac<\/li>\n<li>Adres kontaktowy poczty elektronicznej operatora: office@realestatezajac.com<\/li>\n<li>Operator jest Administratorem Twoich\u00a0danych osobowych w\u00a0odniesieniu do\u00a0danych podanych dobrowolnie w\u00a0Serwisie.<\/li>\n<li>Serwis wykorzystuje dane osobowe w\u00a0nast\u0119puj\u0105cych celach:\n<ul>\n<li>Prowadzenie rozm\u00f3w typu chat online<\/li>\n<li>Realizacja zam\u00f3wionych us\u0142ug<\/li>\n<li>Prezentacja oferty lub informacji<\/li>\n<\/ul>\n<\/li>\n<li>Serwis realizuje funkcje pozyskiwania informacji o\u00a0u\u017cytkownikach i\u00a0ich zachowaniu w\u00a0nast\u0119puj\u0105cy spos\u00f3b:\n<ol>\n<li>Poprzez dobrowolnie wprowadzone w\u00a0formularzach dane, kt\u00f3re zostaj\u0105 wprowadzone do\u00a0system\u00f3w Operatora.<\/li>\n<li>Poprzez zapisywanie w\u00a0urz\u0105dzeniach ko\u0144cowych plik\u00f3w cookie (tzw. \u201eciasteczka\u201d).<\/li>\n<\/ol>\n<\/li>\n<\/ol>\n<p><!-- \/wp:list --><\/p>\n<p><!-- wp:heading --><\/p>\n<h3><strong>2. Hosting<\/strong><\/h3>\n<p><!-- \/wp:heading --><\/p>\n<p><!-- wp:list {\"ordered\":true} --><\/p>\n<ol>\n<li>Serwis jest hostowany (technicznie utrzymywany) na\u00a0serwera operatora: zenbox.pl<\/li>\n<\/ol>\n<p><!-- \/wp:list --><\/p>\n<p><!-- wp:heading --><\/p>\n<h3><strong>3. Twoje\u00a0prawa i\u00a0dodatkowe informacje o\u00a0sposobie wykorzystania danych<\/strong><\/h3>\n<p><!-- \/wp:heading --><\/p>\n<p><!-- wp:list {\"ordered\":true} --><\/p>\n<ol>\n<li>W\u00a0niekt\u00f3rych sytuacjach Administrator ma prawo przekazywa\u0107 Twoje\u00a0dane osobowe innym odbiorcom, je\u015bli b\u0119dzie to\u00a0niezb\u0119dne do\u00a0wykonania zawartej z\u00a0Tob\u0105 umowy lub do\u00a0zrealizowania obowi\u0105zk\u00f3w ci\u0105\u017c\u0105cych na\u00a0Administratorze. Dotyczy to\u00a0takich grup odbiorc\u00f3w:\n<ul>\n<li>osoby upowa\u017cnione przez\u00a0nas, pracownicy i\u00a0wsp\u00f3\u0142prcownicy, kt\u00f3rzy\u00a0musz\u0105 mie\u0107 dost\u0119p do\u00a0danych osobowych w\u00a0celu wykonywania swoich obowi\u0105zk\u00f3w,<\/li>\n<li>firma hostingowa,<\/li>\n<li>firmy obs\u0142uguj\u0105ca mailingi,<\/li>\n<li>firmy obs\u0142uguj\u0105ca komunikaty SMS,<\/li>\n<li>firmy, z\u00a0kt\u00f3rymi Administrator wsp\u00f3\u0142pracuje w\u00a0zakresie marketingu w\u0142asnego,<\/li>\n<li>kurierzy,<\/li>\n<li>ubezpieczyciele,<\/li>\n<li>kancelarie prawne i\u00a0windykatorzy,<\/li>\n<li>banki,<\/li>\n<li>operatorzy p\u0142atno\u015bci,<\/li>\n<li>organy publiczne.<\/li>\n<\/ul>\n<\/li>\n<li>Twoje\u00a0dane osobowe przetwarzane przez\u00a0Administratora nie\u00a0d\u0142u\u017cej, ni\u017c jest to\u00a0konieczne do\u00a0wykonania zwi\u0105zanych z\u00a0nimi czynno\u015bci okre\u015blonych osobnymi przepisami (np.\u00a0o\u00a0prowadzeniu rachunkowo\u015bci). W\u00a0odniesieniu do\u00a0danych marketingowych dane nie\u00a0b\u0119d\u0105 przetwarzane d\u0142u\u017cej ni\u017c przez\u00a03 lata.<\/li>\n<li>Przys\u0142uguje Ci prawo \u017c\u0105dania od\u00a0Administratora:\n<ul>\n<li>dost\u0119pu do\u00a0danych osobowych Ciebie dotycz\u0105cych,<\/li>\n<li>ich sprostowania,<\/li>\n<li>usuni\u0119cia,<\/li>\n<li>ograniczenia przetwarzania,<\/li>\n<li>oraz\u00a0przenoszenia danych.<\/li>\n<\/ul>\n<\/li>\n<li>Przys\u0142uguje Ci prawo do\u00a0z\u0142o\u017cenia sprzeciwu w\u00a0zakresie przetwarzania wskazanego w\u00a0pkt 3.3 c) wobec przetwarzania danych osobowych w\u00a0celu wykonania prawnie uzasadnionych interes\u00f3w realizowanych przez\u00a0Administratora, w\u00a0tym profilowania, przy czym prawo sprzeciwu nie\u00a0b\u0119dzie mog\u0142o by\u0107 wykonane w\u00a0przypadku istnienia wa\u017cnych prawnie uzasadnionych podstaw do\u00a0przetwarzania, nadrz\u0119dnych wobec Ciebie interes\u00f3w, praw i\u00a0wolno\u015bci, w\u00a0szczeg\u00f3lno\u015bci ustalenia, dochodzenia lub obrony roszcze\u0144.<\/li>\n<li>Na\u00a0dzia\u0142ania Administratora przys\u0142uguje skarga do\u00a0Prezesa Urz\u0119du Ochrony Danych Osobowych, ul.\u00a0Stawki 2, 00-193 Warszawa.<\/li>\n<li>Podanie danych osobowych jest dobrowolne, lecz\u00a0niezb\u0119dne do\u00a0obs\u0142ugi Serwisu.<\/li>\n<li>W\u00a0stosunku do\u00a0Ciebie mog\u0105 by\u0107 podejmowane czynno\u015bci polegaj\u0105ce na\u00a0zautomatyzowanym podejmowaniu decyzji, w\u00a0tym profilowaniu w\u00a0celu \u015bwiadczenia us\u0142ug w\u00a0ramach zawartej umowy oraz\u00a0w\u00a0celu prowadzenia przez\u00a0Administratora marketingu bezpo\u015bredniego.<\/li>\n<li>Dane osobowe nie\u00a0s\u0105 przekazywane od\u00a0kraj\u00f3w trzecich w\u00a0rozumieniu przepis\u00f3w o\u00a0ochronie danych osobowych. Oznacza to, \u017ce\u00a0nie\u00a0przesy\u0142amy ich poza teren Unii Europejskiej.<\/li>\n<\/ol>\n<p><!-- \/wp:list --><\/p>\n<p><!-- wp:heading --><\/p>\n<h3><strong>4. Informacje w\u00a0formularzach<\/strong><\/h3>\n<p><!-- \/wp:heading --><\/p>\n<p><!-- wp:list {\"ordered\":true} --><\/p>\n<ol>\n<li>Serwis zbiera informacje podane dobrowolnie przez\u00a0u\u017cytkownika, w\u00a0tym dane osobowe, o\u00a0ile zostan\u0105 one podane.<\/li>\n<li>Serwis mo\u017ce zapisa\u0107 informacje o\u00a0parametrach po\u0142\u0105czenia (oznaczenie czasu, adres IP).<\/li>\n<li>Serwis, w\u00a0niekt\u00f3rych wypadkach, mo\u017ce zapisa\u0107 informacj\u0119 u\u0142atwiaj\u0105c\u0105 powi\u0105zanie danych w\u00a0formularzu z\u00a0adresem e-mail u\u017cytkownika wype\u0142niaj\u0105cego formularz. W\u00a0takim wypadku adres e-mail u\u017cytkownika pojawia si\u0119 wewn\u0105trz adresu url strony zawieraj\u0105cej formularz.<\/li>\n<li>Dane podane w\u00a0formularzu s\u0105 przetwarzane w\u00a0celu wynikaj\u0105cym z\u00a0funkcji konkretnego formularza, np.\u00a0w\u00a0celu dokonania procesu obs\u0142ugi zg\u0142oszenia serwisowego lub kontaktu handlowego, rejestracji us\u0142ug itp. Ka\u017cdorazowo kontekst i\u00a0opis formularza w\u00a0czytelny spos\u00f3b informuje, do\u00a0czego on s\u0142u\u017cy.<\/li>\n<\/ol>\n<p><!-- \/wp:list --><\/p>\n<p><!-- wp:heading --><\/p>\n<h3><strong>5. Logi Administratora<\/strong><\/h3>\n<p><!-- \/wp:heading --><\/p>\n<p><!-- wp:list {\"ordered\":true} --><\/p>\n<ol>\n<li>Informacje zachowaniu u\u017cytkownik\u00f3w w\u00a0serwisie mog\u0105 podlega\u0107 logowaniu. Dane te s\u0105 wykorzystywane w\u00a0celu administrowania serwisem.<\/li>\n<\/ol>\n<p><!-- \/wp:list --><\/p>\n<p><!-- wp:heading --><\/p>\n<h3><strong>6. Istotne techniki marketingowe<\/strong><\/h3>\n<p><br \/><!-- \/wp:heading --><\/p>\n<p><!-- wp:list {\"ordered\":true} --><\/p>\n<ol>\n<li>Operator stosuje analiz\u0119 statystyczn\u0105 ruchu na\u00a0stronie, poprzez Google Analytics (Google Inc. z\u00a0siedzib\u0105 w\u00a0USA). Operator nie\u00a0przekazuje do\u00a0operatora tej\u00a0us\u0142ugi danych osobowych, a\u00a0jedynie zanonimizowane informacje. Us\u0142uga bazuje na\u00a0wykorzystaniu ciasteczek w\u00a0urz\u0105dzeniu ko\u0144cowym u\u017cytkownika. W\u00a0zakresie informacji o\u00a0preferencjach u\u017cytkownika gromadzonych przez\u00a0sie\u0107 reklamow\u0105 Google u\u017cytkownik mo\u017ce przegl\u0105da\u0107 i\u00a0edytowa\u0107 informacje wynikaj\u0105ce z\u00a0plik\u00f3w cookies przy pomocy narz\u0119dzia: https:\/\/www.google.com\/ads\/preferences\/<\/li>\n<\/ol>\n<p><!-- \/wp:list --><\/p>\n<p><!-- wp:heading --><\/p>\n<h3><strong>7. Informacja o\u00a0plikach cookies<\/strong><\/h3>\n<p><!-- \/wp:heading --><\/p>\n<p><!-- wp:list {\"ordered\":true} --><\/p>\n<ol>\n<li>Serwis korzysta z\u00a0plik\u00f3w cookies.<\/li>\n<li>Pliki cookies (tzw. \u201eciasteczka\u201d) stanowi\u0105 dane informatyczne, w\u00a0szczeg\u00f3lno\u015bci pliki tekstowe, kt\u00f3re przechowywane s\u0105 w\u00a0urz\u0105dzeniu ko\u0144cowym U\u017cytkownika Serwisu i\u00a0przeznaczone s\u0105 do\u00a0korzystania ze\u00a0stron internetowych Serwisu. Cookies zazwyczaj zawieraj\u0105 nazw\u0119 strony internetowej, z\u00a0kt\u00f3rej\u00a0pochodz\u0105, czas przechowywania ich na\u00a0urz\u0105dzeniu ko\u0144cowym oraz\u00a0unikalny numer.<\/li>\n<li>Podmiotem zamieszczaj\u0105cym na\u00a0urz\u0105dzeniu ko\u0144cowym U\u017cytkownika Serwisu pliki cookies oraz\u00a0uzyskuj\u0105cym do\u00a0nich dost\u0119p jest operator Serwisu.<\/li>\n<li>Pliki cookies wykorzystywane s\u0105 w\u00a0nast\u0119puj\u0105cych celach:\n<ol>\n<li>utrzymanie sesji u\u017cytkownika Serwisu (po\u00a0zalogowaniu), dzi\u0119ki kt\u00f3rej\u00a0u\u017cytkownik nie\u00a0musi na\u00a0ka\u017cdej podstronie Serwisu ponownie wpisywa\u0107 loginu i\u00a0has\u0142a;<\/li>\n<li>realizacji cel\u00f3w okre\u015blonych powy\u017cej w\u00a0cz\u0119\u015bci &#8222;Istotne techniki marketingowe&#8221;;<\/li>\n<\/ol>\n<\/li>\n<li>W\u00a0ramach Serwisu stosowane s\u0105 dwa zasadnicze rodzaje plik\u00f3w cookies: \u201esesyjne\u201d (session cookies) oraz\u00a0\u201esta\u0142e\u201d (persistent cookies). Cookies \u201esesyjne\u201d s\u0105 plikami tymczasowymi, kt\u00f3re przechowywane s\u0105 w\u00a0urz\u0105dzeniu ko\u0144cowym U\u017cytkownika do\u00a0czasu wylogowania, opuszczenia strony internetowej lub wy\u0142\u0105czenia oprogramowania (przegl\u0105darki internetowej). \u201eSta\u0142e\u201d pliki cookies przechowywane s\u0105 w\u00a0urz\u0105dzeniu ko\u0144cowym U\u017cytkownika przez\u00a0czas okre\u015blony w\u00a0parametrach plik\u00f3w cookies lub do\u00a0czasu ich usuni\u0119cia przez\u00a0U\u017cytkownika.<\/li>\n<li>Oprogramowanie do\u00a0przegl\u0105dania stron internetowych (przegl\u0105darka internetowa) zazwyczaj domy\u015blnie dopuszcza przechowywanie plik\u00f3w cookies w\u00a0urz\u0105dzeniu ko\u0144cowym U\u017cytkownika. U\u017cytkownicy Serwisu mog\u0105 dokona\u0107 zmiany ustawie\u0144 w\u00a0tym zakresie.\u00a0Przegl\u0105darka internetowa umo\u017cliwia usuni\u0119cie plik\u00f3w cookies. Mo\u017cliwe jest tak\u017ce automatyczne blokowanie plik\u00f3w cookies Szczeg\u00f3\u0142owe informacje na\u00a0ten temat zawiera pomoc lub dokumentacja przegl\u0105darki internetowej.<\/li>\n<li>Ograniczenia stosowania plik\u00f3w cookies mog\u0105 wp\u0142yn\u0105\u0107 na\u00a0niekt\u00f3re funkcjonalno\u015bci dost\u0119pne na\u00a0stronach internetowych Serwisu.<\/li>\n<li>Pliki cookies zamieszczane w\u00a0urz\u0105dzeniu ko\u0144cowym U\u017cytkownika Serwisu wykorzystywane mog\u0105 by\u0107 r\u00f3wnie\u017c przez\u00a0wsp\u00f3\u0142pracuj\u0105ce z\u00a0operatorem Serwisu podmioty, w\u00a0szczeg\u00f3lno\u015bci dotyczy to\u00a0firm: Google (Google Inc. z\u00a0siedzib\u0105 w\u00a0USA), Facebook (Facebook Inc. z\u00a0siedzib\u0105 w\u00a0USA), Twitter (Twitter Inc. z\u00a0siedzib\u0105 w\u00a0USA).<\/li>\n<\/ol>\n<p><!-- \/wp:list --><\/p>\n<p><!-- wp:heading --><\/p>\n<h3><strong>8. Zarz\u0105dzanie plikami cookies \u2013 jak w\u00a0praktyce wyra\u017ca\u0107 i\u00a0cofa\u0107 zgod\u0119?<\/strong><\/h3>\n<p><!-- \/wp:heading --><\/p>\n<p><!-- wp:list {\"ordered\":true} --><\/p>\n<ol>\n<li>Je\u015bli u\u017cytkownik nie\u00a0chce otrzymywa\u0107 plik\u00f3w cookies, mo\u017ce zmieni\u0107 ustawienia przegl\u0105darki. Zastrzegamy, \u017ce\u00a0wy\u0142\u0105czenie obs\u0142ugi plik\u00f3w cookies niezb\u0119dnych dla proces\u00f3w uwierzytelniania, bezpiecze\u0144stwa, utrzymania preferencji u\u017cytkownika mo\u017ce utrudni\u0107,\u00a0a\u00a0w\u00a0skrajnych przypadkach mo\u017ce uniemo\u017cliwi\u0107 korzystanie ze\u00a0stron www<\/li>\n<li>W\u00a0celu zarz\u0105dzania ustawienia cookies wybierz z\u00a0listy poni\u017cej przegl\u0105dark\u0119 internetow\u0105, kt\u00f3rej\u00a0u\u017cywasz i\u00a0post\u0119puj zgodnie z\u00a0instrukcjami:\n<ul>\n<li><a href=\"https:\/\/support.microsoft.com\/pl-pl\/help\/10607\/microsoft-edge-view-delete-browser-history\">Edge<\/a><\/li>\n<li><a href=\"https:\/\/support.microsoft.com\/pl-pl\/help\/278835\/how-to-delete-cookie-files-in-internet-explorer\">Internet Explorer<\/a><\/li>\n<li><a href=\"http:\/\/support.google.com\/chrome\/bin\/answer.py?hl=pl&amp;answer=95647\">Chrome<\/a><\/li>\n<li><a href=\"http:\/\/support.apple.com\/kb\/PH5042\">Safari<\/a><\/li>\n<li><a href=\"http:\/\/support.mozilla.org\/pl\/kb\/W%C5%82%C4%85czanie%20i%20wy%C5%82%C4%85czanie%20obs%C5%82ugi%20ciasteczek\">Firefox<\/a><\/li>\n<li><a href=\"http:\/\/help.opera.com\/Windows\/12.10\/pl\/cookies.html\">Opera<\/a><\/li>\n<\/ul>\n<p>Urz\u0105dzenia mobilne:<\/p>\n<ul>\n<li><a href=\"http:\/\/support.google.com\/chrome\/bin\/answer.py?hl=pl&amp;answer=95647\">Android<\/a><\/li>\n<li><a href=\"http:\/\/support.apple.com\/kb\/HT1677?viewlocale=pl_PL\">Safari (iOS)<\/a><\/li>\n<li><a href=\"http:\/\/www.windowsphone.com\/pl-pl\/how-to\/wp7\/web\/changing-privacy-and-other-browser-settings\">Windows Phone<\/a><\/li>\n<\/ul>\n<\/li>\n<\/ol>\n<p><!-- \/wp:list --><\/p>\t\t\t\t\t\t\t\t<\/div>\n\t\t\t\t\t<\/div>\n\t\t\t\t<\/div>\n\t\t\t\t<\/div>","protected":false},"excerpt":{"rendered":"<p>Polityka prywatno\u015bci 1. Informacje og\u00f3lne Niniejsza polityka dotyczy Serwisu www, funkcjonuj\u0105cego pod\u00a0adresem url:\u00a0www.realestatezajac.com Operatorem serwisu oraz\u00a0Administratorem danych osobowych jest: Karolina<\/p>","protected":false},"author":1,"featured_media":0,"parent":0,"menu_order":0,"comment_status":"closed","ping_status":"closed","template":"","meta":{"_acf_changed":false,"footnotes":""},"class_list":["post-1408","page","type-page","status-publish","hentry"],"acf":[],"yoast_head":"<!-- This site is optimized with the Yoast SEO plugin v27.1.1 - https:\/\/yoast.com\/product\/yoast-seo-wordpress\/ -->\n<title>Polityka Prywatno\u015bci - Karolina Zaj\u0105c mi\u0119dzynarodowy agent nieruchomo\u015bci<\/title>\n<meta name=\"robots\" content=\"index, follow, max-snippet:-1, max-image-preview:large, max-video-preview:-1\" \/>\n<link rel=\"canonical\" href=\"https:\/\/realestatezajac.com\/en\/privacy-policy\/\" \/>\n<meta property=\"og:locale\" content=\"en_GB\" \/>\n<meta property=\"og:type\" content=\"article\" \/>\n<meta property=\"og:title\" content=\"Polityka Prywatno\u015bci - Karolina Zaj\u0105c mi\u0119dzynarodowy agent nieruchomo\u015bci\" \/>\n<meta property=\"og:description\" content=\"Polityka prywatno\u015bci 1. Informacje og\u00f3lne Niniejsza polityka dotyczy Serwisu www, funkcjonuj\u0105cego pod\u00a0adresem url:\u00a0www.realestatezajac.com Operatorem serwisu oraz\u00a0Administratorem danych osobowych jest: Karolina\" \/>\n<meta property=\"og:url\" content=\"https:\/\/realestatezajac.com\/en\/privacy-policy\/\" \/>\n<meta property=\"og:site_name\" content=\"Karolina Zaj\u0105c mi\u0119dzynarodowy agent nieruchomo\u015bci\" \/>\n<meta property=\"article:modified_time\" content=\"2025-09-07T23:48:57+00:00\" \/>\n<meta name=\"twitter:card\" content=\"summary_large_image\" \/>\n<meta name=\"twitter:label1\" content=\"Estimated reading time\" \/>\n\t<meta name=\"twitter:data1\" content=\"6 minutes\" \/>\n<script type=\"application\/ld+json\" class=\"yoast-schema-graph\">{\"@context\":\"https:\/\/schema.org\",\"@graph\":[{\"@type\":\"WebPage\",\"@id\":\"https:\/\/realestatezajac.com\/polityka-prywatnosci\/\",\"url\":\"https:\/\/realestatezajac.com\/polityka-prywatnosci\/\",\"name\":\"Polityka Prywatno\u015bci - Karolina Zaj\u0105c mi\u0119dzynarodowy agent nieruchomo\u015bci\",\"isPartOf\":{\"@id\":\"https:\/\/realestatezajac.com\/#website\"},\"datePublished\":\"2025-09-05T20:34:38+00:00\",\"dateModified\":\"2025-09-07T23:48:57+00:00\",\"breadcrumb\":{\"@id\":\"https:\/\/realestatezajac.com\/polityka-prywatnosci\/#breadcrumb\"},\"inLanguage\":\"en-GB\",\"potentialAction\":[{\"@type\":\"ReadAction\",\"target\":[\"https:\/\/realestatezajac.com\/polityka-prywatnosci\/\"]}]},{\"@type\":\"BreadcrumbList\",\"@id\":\"https:\/\/realestatezajac.com\/polityka-prywatnosci\/#breadcrumb\",\"itemListElement\":[{\"@type\":\"ListItem\",\"position\":1,\"name\":\"Strona g\u0142\u00f3wna\",\"item\":\"https:\/\/realestatezajac.com\/\"},{\"@type\":\"ListItem\",\"position\":2,\"name\":\"Polityka Prywatno\u015bci\"}]},{\"@type\":\"WebSite\",\"@id\":\"https:\/\/realestatezajac.com\/#website\",\"url\":\"https:\/\/realestatezajac.com\/\",\"name\":\"Karolina Zaj\u0105c mi\u0119dzynarodowy agent nieruchomo\u015bci\",\"description\":\"agent nieruchomo\u015bci Niemcy, Polska, Cypr\",\"potentialAction\":[{\"@type\":\"SearchAction\",\"target\":{\"@type\":\"EntryPoint\",\"urlTemplate\":\"https:\/\/realestatezajac.com\/?s={search_term_string}\"},\"query-input\":{\"@type\":\"PropertyValueSpecification\",\"valueRequired\":true,\"valueName\":\"search_term_string\"}}],\"inLanguage\":\"en-GB\"}]}<\/script>\n<!-- \/ Yoast SEO plugin. -->","yoast_head_json":{"title":"Polityka Prywatno\u015bci - Karolina Zaj\u0105c mi\u0119dzynarodowy agent nieruchomo\u015bci","robots":{"index":"index","follow":"follow","max-snippet":"max-snippet:-1","max-image-preview":"max-image-preview:large","max-video-preview":"max-video-preview:-1"},"canonical":"https:\/\/realestatezajac.com\/en\/privacy-policy\/","og_locale":"en_GB","og_type":"article","og_title":"Polityka Prywatno\u015bci - Karolina Zaj\u0105c mi\u0119dzynarodowy agent nieruchomo\u015bci","og_description":"Polityka prywatno\u015bci 1. Informacje og\u00f3lne Niniejsza polityka dotyczy Serwisu www, funkcjonuj\u0105cego pod\u00a0adresem url:\u00a0www.realestatezajac.com Operatorem serwisu oraz\u00a0Administratorem danych osobowych jest: Karolina","og_url":"https:\/\/realestatezajac.com\/en\/privacy-policy\/","og_site_name":"Karolina Zaj\u0105c mi\u0119dzynarodowy agent nieruchomo\u015bci","article_modified_time":"2025-09-07T23:48:57+00:00","twitter_card":"summary_large_image","twitter_misc":{"Estimated reading time":"6 minutes"},"schema":{"@context":"https:\/\/schema.org","@graph":[{"@type":"WebPage","@id":"https:\/\/realestatezajac.com\/polityka-prywatnosci\/","url":"https:\/\/realestatezajac.com\/polityka-prywatnosci\/","name":"Polityka Prywatno\u015bci - Karolina Zaj\u0105c mi\u0119dzynarodowy agent nieruchomo\u015bci","isPartOf":{"@id":"https:\/\/realestatezajac.com\/#website"},"datePublished":"2025-09-05T20:34:38+00:00","dateModified":"2025-09-07T23:48:57+00:00","breadcrumb":{"@id":"https:\/\/realestatezajac.com\/polityka-prywatnosci\/#breadcrumb"},"inLanguage":"en-GB","potentialAction":[{"@type":"ReadAction","target":["https:\/\/realestatezajac.com\/polityka-prywatnosci\/"]}]},{"@type":"BreadcrumbList","@id":"https:\/\/realestatezajac.com\/polityka-prywatnosci\/#breadcrumb","itemListElement":[{"@type":"ListItem","position":1,"name":"Strona g\u0142\u00f3wna","item":"https:\/\/realestatezajac.com\/"},{"@type":"ListItem","position":2,"name":"Polityka Prywatno\u015bci"}]},{"@type":"WebSite","@id":"https:\/\/realestatezajac.com\/#website","url":"https:\/\/realestatezajac.com\/","name":"Zajac Real Estate International Properties","description":"agent nieruchomo\u015bci Niemcy, Polska, Cypr","potentialAction":[{"@type":"SearchAction","target":{"@type":"EntryPoint","urlTemplate":"https:\/\/realestatezajac.com\/?s={search_term_string}"},"query-input":{"@type":"PropertyValueSpecification","valueRequired":true,"valueName":"search_term_string"}}],"inLanguage":"en-GB"}]}},"_links":{"self":[{"href":"https:\/\/realestatezajac.com\/en\/wp-json\/wp\/v2\/pages\/1408","targetHints":{"allow":["GET"]}}],"collection":[{"href":"https:\/\/realestatezajac.com\/en\/wp-json\/wp\/v2\/pages"}],"about":[{"href":"https:\/\/realestatezajac.com\/en\/wp-json\/wp\/v2\/types\/page"}],"author":[{"embeddable":true,"href":"https:\/\/realestatezajac.com\/en\/wp-json\/wp\/v2\/users\/1"}],"replies":[{"embeddable":true,"href":"https:\/\/realestatezajac.com\/en\/wp-json\/wp\/v2\/comments?post=1408"}],"version-history":[{"count":7,"href":"https:\/\/realestatezajac.com\/en\/wp-json\/wp\/v2\/pages\/1408\/revisions"}],"predecessor-version":[{"id":1628,"href":"https:\/\/realestatezajac.com\/en\/wp-json\/wp\/v2\/pages\/1408\/revisions\/1628"}],"wp:attachment":[{"href":"https:\/\/realestatezajac.com\/en\/wp-json\/wp\/v2\/media?parent=1408"}],"curies":[{"name":"wp","href":"https:\/\/api.w.org\/{rel}","templated":true}]}}