{"id":541,"date":"2025-08-24T01:45:21","date_gmt":"2025-08-24T01:45:21","guid":{"rendered":"https:\/\/www.realestatezajac.com\/?post_type=product&#038;p=541"},"modified":"2025-11-27T20:57:15","modified_gmt":"2025-11-27T20:57:15","slug":"akamas-4-exklusive-villa-im-herzen-der-zyprischen-natur","status":"publish","type":"product","link":"https:\/\/realestatezajac.com\/de\/immobilie\/akamas-4-exklusive-villa-im-herzen-der-zyprischen-natur\/","title":{"rendered":"Akamas 4 \u2013 Villa Nr. 1 | Moderne Eleganz in der N\u00e4he des Akamas-Reservats"},"content":{"rendered":"","protected":false},"excerpt":{"rendered":"<p><span style=\"font-weight: 400;\">Eine moderne Villa mit 3 Schlafzimmern in einer der prestigetr\u00e4chtigsten Lagen von Paphos \u2013 nur eine Minute vom neuen Resort entfernt und in der N\u00e4he des Akamas-Nationalparks.<\/span><\/p>\n<p><span style=\"font-weight: 400;\">Die Wohnfl\u00e4che betr\u00e4gt 200 m\u00b2, das Grundst\u00fcck 630 m\u00b2 \u2013 eine perfekte Kombination aus Raum, Komfort und Natur. Die Architektur vereint mediterranen Stil mit modernen Linien, Naturstein und gro\u00dffl\u00e4chigen Fenstern.<\/span><\/p>","protected":false},"featured_media":917,"template":"","meta":{"_acf_changed":false},"product_brand":[],"product_cat":[21,15],"product_tag":[],"class_list":{"0":"post-541","1":"product","2":"type-product","3":"status-publish","4":"has-post-thumbnail","6":"product_cat-cypr","7":"product_cat-wszystkie","9":"first","10":"instock","11":"shipping-taxable","12":"product-type-simple"},"acf":[],"yoast_head":"<!-- This site is optimized with the Yoast SEO plugin v27.1.1 - https:\/\/yoast.com\/product\/yoast-seo-wordpress\/ -->\n<title>Akamas 4 \u2013 Willa nr 1 | Nowoczesna elegancja blisko rezerwatu Akamas - Karolina Zaj\u0105c mi\u0119dzynarodowy agent nieruchomo\u015bci<\/title>\n<meta name=\"robots\" content=\"index, follow, max-snippet:-1, max-image-preview:large, max-video-preview:-1\" \/>\n<link rel=\"canonical\" href=\"https:\/\/realestatezajac.com\/de\/immobilie\/akamas-4-exklusive-villa-im-herzen-der-zyprischen-natur\/\" \/>\n<meta property=\"og:locale\" content=\"de_DE\" \/>\n<meta property=\"og:type\" content=\"article\" \/>\n<meta property=\"og:title\" content=\"Akamas 4 \u2013 Willa nr 1 | Nowoczesna elegancja blisko rezerwatu Akamas - Karolina Zaj\u0105c mi\u0119dzynarodowy agent nieruchomo\u015bci\" \/>\n<meta property=\"og:description\" content=\"Nowoczesna willa z 3 sypialniami po\u0142o\u017cona w jednej z najbardziej presti\u017cowych lokalizacji Pafos \u2013 zaledwie minut\u0119 od nowego resortu i w pobli\u017cu Parku Narodowego Akamas.  Powierzchnia ca\u0142kowita to 200 m\u00b2, dzia\u0142ka 630 m\u00b2 \u2013 idealne po\u0142\u0105czenie przestrzeni, komfortu i natury. Architektura \u0142\u0105czy \u015br\u00f3dziemnomorski styl z nowoczesnymi liniami, naturalnym kamieniem i du\u017cymi przeszkleniami.\" \/>\n<meta property=\"og:url\" content=\"https:\/\/realestatezajac.com\/de\/immobilie\/akamas-4-exklusive-villa-im-herzen-der-zyprischen-natur\/\" \/>\n<meta property=\"og:site_name\" content=\"Karolina Zaj\u0105c mi\u0119dzynarodowy agent nieruchomo\u015bci\" \/>\n<meta property=\"article:modified_time\" content=\"2025-11-27T20:57:15+00:00\" \/>\n<meta property=\"og:image\" content=\"https:\/\/realestatezajac.com\/wp-content\/uploads\/2025\/08\/IMG-20250709-WA0042.jpg\" \/>\n\t<meta property=\"og:image:width\" content=\"1024\" \/>\n\t<meta property=\"og:image:height\" content=\"576\" \/>\n\t<meta property=\"og:image:type\" content=\"image\/jpeg\" \/>\n<meta name=\"twitter:card\" content=\"summary_large_image\" \/>\n<meta name=\"twitter:label1\" content=\"Gesch\u00e4tzte Lesezeit\" \/>\n\t<meta name=\"twitter:data1\" content=\"1\u00a0Minute\" \/>\n<script type=\"application\/ld+json\" class=\"yoast-schema-graph\">{\"@context\":\"https:\/\/schema.org\",\"@graph\":[{\"@type\":\"WebPage\",\"@id\":\"https:\/\/realestatezajac.com\/nieruchomosc\/akamas-4-ekskluzywna-willa-w-sercu-cypryjskiej-natury\/\",\"url\":\"https:\/\/realestatezajac.com\/nieruchomosc\/akamas-4-ekskluzywna-willa-w-sercu-cypryjskiej-natury\/\",\"name\":\"Akamas 4 \u2013 Willa nr 1 | Nowoczesna elegancja blisko rezerwatu Akamas - Karolina Zaj\u0105c mi\u0119dzynarodowy agent nieruchomo\u015bci\",\"isPartOf\":{\"@id\":\"https:\/\/realestatezajac.com\/#website\"},\"primaryImageOfPage\":{\"@id\":\"https:\/\/realestatezajac.com\/nieruchomosc\/akamas-4-ekskluzywna-willa-w-sercu-cypryjskiej-natury\/#primaryimage\"},\"image\":{\"@id\":\"https:\/\/realestatezajac.com\/nieruchomosc\/akamas-4-ekskluzywna-willa-w-sercu-cypryjskiej-natury\/#primaryimage\"},\"thumbnailUrl\":\"https:\/\/realestatezajac.com\/wp-content\/uploads\/2025\/08\/IMG-20250709-WA0042.jpg\",\"datePublished\":\"2025-08-24T01:45:21+00:00\",\"dateModified\":\"2025-11-27T20:57:15+00:00\",\"breadcrumb\":{\"@id\":\"https:\/\/realestatezajac.com\/nieruchomosc\/akamas-4-ekskluzywna-willa-w-sercu-cypryjskiej-natury\/#breadcrumb\"},\"inLanguage\":\"de\",\"potentialAction\":[{\"@type\":\"ReadAction\",\"target\":[\"https:\/\/realestatezajac.com\/nieruchomosc\/akamas-4-ekskluzywna-willa-w-sercu-cypryjskiej-natury\/\"]}]},{\"@type\":\"ImageObject\",\"inLanguage\":\"de\",\"@id\":\"https:\/\/realestatezajac.com\/nieruchomosc\/akamas-4-ekskluzywna-willa-w-sercu-cypryjskiej-natury\/#primaryimage\",\"url\":\"https:\/\/realestatezajac.com\/wp-content\/uploads\/2025\/08\/IMG-20250709-WA0042.jpg\",\"contentUrl\":\"https:\/\/realestatezajac.com\/wp-content\/uploads\/2025\/08\/IMG-20250709-WA0042.jpg\",\"width\":1024,\"height\":576},{\"@type\":\"BreadcrumbList\",\"@id\":\"https:\/\/realestatezajac.com\/nieruchomosc\/akamas-4-ekskluzywna-willa-w-sercu-cypryjskiej-natury\/#breadcrumb\",\"itemListElement\":[{\"@type\":\"ListItem\",\"position\":1,\"name\":\"Strona g\u0142\u00f3wna\",\"item\":\"https:\/\/realestatezajac.com\/\"},{\"@type\":\"ListItem\",\"position\":2,\"name\":\"Nieruchomo\u015bci\",\"item\":\"https:\/\/realestatezajac.com\/nieruchomosci\/\"},{\"@type\":\"ListItem\",\"position\":3,\"name\":\"Akamas 4 \u2013 Willa nr 1 | Nowoczesna elegancja blisko rezerwatu Akamas\"}]},{\"@type\":\"WebSite\",\"@id\":\"https:\/\/realestatezajac.com\/#website\",\"url\":\"https:\/\/realestatezajac.com\/\",\"name\":\"Karolina Zaj\u0105c mi\u0119dzynarodowy agent nieruchomo\u015bci\",\"description\":\"agent nieruchomo\u015bci Niemcy, Polska, Cypr\",\"potentialAction\":[{\"@type\":\"SearchAction\",\"target\":{\"@type\":\"EntryPoint\",\"urlTemplate\":\"https:\/\/realestatezajac.com\/?s={search_term_string}\"},\"query-input\":{\"@type\":\"PropertyValueSpecification\",\"valueRequired\":true,\"valueName\":\"search_term_string\"}}],\"inLanguage\":\"de\"}]}<\/script>\n<!-- \/ Yoast SEO plugin. -->","yoast_head_json":{"title":"Akamas 4 \u2013 Willa nr 1 | Nowoczesna elegancja blisko rezerwatu Akamas - Karolina Zaj\u0105c mi\u0119dzynarodowy agent nieruchomo\u015bci","robots":{"index":"index","follow":"follow","max-snippet":"max-snippet:-1","max-image-preview":"max-image-preview:large","max-video-preview":"max-video-preview:-1"},"canonical":"https:\/\/realestatezajac.com\/de\/immobilie\/akamas-4-exklusive-villa-im-herzen-der-zyprischen-natur\/","og_locale":"de_DE","og_type":"article","og_title":"Akamas 4 \u2013 Willa nr 1 | Nowoczesna elegancja blisko rezerwatu Akamas - Karolina Zaj\u0105c mi\u0119dzynarodowy agent nieruchomo\u015bci","og_description":"Nowoczesna willa z 3 sypialniami po\u0142o\u017cona w jednej z najbardziej presti\u017cowych lokalizacji Pafos \u2013 zaledwie minut\u0119 od nowego resortu i w pobli\u017cu Parku Narodowego Akamas.  Powierzchnia ca\u0142kowita to 200 m\u00b2, dzia\u0142ka 630 m\u00b2 \u2013 idealne po\u0142\u0105czenie przestrzeni, komfortu i natury. Architektura \u0142\u0105czy \u015br\u00f3dziemnomorski styl z nowoczesnymi liniami, naturalnym kamieniem i du\u017cymi przeszkleniami.","og_url":"https:\/\/realestatezajac.com\/de\/immobilie\/akamas-4-exklusive-villa-im-herzen-der-zyprischen-natur\/","og_site_name":"Karolina Zaj\u0105c mi\u0119dzynarodowy agent nieruchomo\u015bci","article_modified_time":"2025-11-27T20:57:15+00:00","og_image":[{"width":1024,"height":576,"url":"https:\/\/realestatezajac.com\/wp-content\/uploads\/2025\/08\/IMG-20250709-WA0042.jpg","type":"image\/jpeg"}],"twitter_card":"summary_large_image","twitter_misc":{"Gesch\u00e4tzte Lesezeit":"1\u00a0Minute"},"schema":{"@context":"https:\/\/schema.org","@graph":[{"@type":"WebPage","@id":"https:\/\/realestatezajac.com\/nieruchomosc\/akamas-4-ekskluzywna-willa-w-sercu-cypryjskiej-natury\/","url":"https:\/\/realestatezajac.com\/nieruchomosc\/akamas-4-ekskluzywna-willa-w-sercu-cypryjskiej-natury\/","name":"Akamas 4 \u2013 Willa nr 1 | Nowoczesna elegancja blisko rezerwatu Akamas - Karolina Zaj\u0105c mi\u0119dzynarodowy agent nieruchomo\u015bci","isPartOf":{"@id":"https:\/\/realestatezajac.com\/#website"},"primaryImageOfPage":{"@id":"https:\/\/realestatezajac.com\/nieruchomosc\/akamas-4-ekskluzywna-willa-w-sercu-cypryjskiej-natury\/#primaryimage"},"image":{"@id":"https:\/\/realestatezajac.com\/nieruchomosc\/akamas-4-ekskluzywna-willa-w-sercu-cypryjskiej-natury\/#primaryimage"},"thumbnailUrl":"https:\/\/realestatezajac.com\/wp-content\/uploads\/2025\/08\/IMG-20250709-WA0042.jpg","datePublished":"2025-08-24T01:45:21+00:00","dateModified":"2025-11-27T20:57:15+00:00","breadcrumb":{"@id":"https:\/\/realestatezajac.com\/nieruchomosc\/akamas-4-ekskluzywna-willa-w-sercu-cypryjskiej-natury\/#breadcrumb"},"inLanguage":"de","potentialAction":[{"@type":"ReadAction","target":["https:\/\/realestatezajac.com\/nieruchomosc\/akamas-4-ekskluzywna-willa-w-sercu-cypryjskiej-natury\/"]}]},{"@type":"ImageObject","inLanguage":"de","@id":"https:\/\/realestatezajac.com\/nieruchomosc\/akamas-4-ekskluzywna-willa-w-sercu-cypryjskiej-natury\/#primaryimage","url":"https:\/\/realestatezajac.com\/wp-content\/uploads\/2025\/08\/IMG-20250709-WA0042.jpg","contentUrl":"https:\/\/realestatezajac.com\/wp-content\/uploads\/2025\/08\/IMG-20250709-WA0042.jpg","width":1024,"height":576},{"@type":"BreadcrumbList","@id":"https:\/\/realestatezajac.com\/nieruchomosc\/akamas-4-ekskluzywna-willa-w-sercu-cypryjskiej-natury\/#breadcrumb","itemListElement":[{"@type":"ListItem","position":1,"name":"Strona g\u0142\u00f3wna","item":"https:\/\/realestatezajac.com\/"},{"@type":"ListItem","position":2,"name":"Nieruchomo\u015bci","item":"https:\/\/realestatezajac.com\/nieruchomosci\/"},{"@type":"ListItem","position":3,"name":"Akamas 4 \u2013 Willa nr 1 | Nowoczesna elegancja blisko rezerwatu Akamas"}]},{"@type":"WebSite","@id":"https:\/\/realestatezajac.com\/#website","url":"https:\/\/realestatezajac.com\/","name":"Karolina Zaj\u0105c mi\u0119dzynarodowy agent nieruchomo\u015bci","description":"agent nieruchomo\u015bci Niemcy, Polska, Cypr","potentialAction":[{"@type":"SearchAction","target":{"@type":"EntryPoint","urlTemplate":"https:\/\/realestatezajac.com\/?s={search_term_string}"},"query-input":{"@type":"PropertyValueSpecification","valueRequired":true,"valueName":"search_term_string"}}],"inLanguage":"de"}]}},"_links":{"self":[{"href":"https:\/\/realestatezajac.com\/de\/wp-json\/wp\/v2\/product\/541","targetHints":{"allow":["GET"]}}],"collection":[{"href":"https:\/\/realestatezajac.com\/de\/wp-json\/wp\/v2\/product"}],"about":[{"href":"https:\/\/realestatezajac.com\/de\/wp-json\/wp\/v2\/types\/product"}],"version-history":[{"count":47,"href":"https:\/\/realestatezajac.com\/de\/wp-json\/wp\/v2\/product\/541\/revisions"}],"predecessor-version":[{"id":2018,"href":"https:\/\/realestatezajac.com\/de\/wp-json\/wp\/v2\/product\/541\/revisions\/2018"}],"wp:featuredmedia":[{"embeddable":true,"href":"https:\/\/realestatezajac.com\/de\/wp-json\/wp\/v2\/media\/917"}],"wp:attachment":[{"href":"https:\/\/realestatezajac.com\/de\/wp-json\/wp\/v2\/media?parent=541"}],"wp:term":[{"taxonomy":"product_brand","embeddable":true,"href":"https:\/\/realestatezajac.com\/de\/wp-json\/wp\/v2\/product_brand?post=541"},{"taxonomy":"product_cat","embeddable":true,"href":"https:\/\/realestatezajac.com\/de\/wp-json\/wp\/v2\/product_cat?post=541"},{"taxonomy":"product_tag","embeddable":true,"href":"https:\/\/realestatezajac.com\/de\/wp-json\/wp\/v2\/product_tag?post=541"}],"curies":[{"name":"wp","href":"https:\/\/api.w.org\/{rel}","templated":true}]}}