{"id":2423,"date":"2026-03-30T13:34:53","date_gmt":"2026-03-30T13:34:53","guid":{"rendered":"https:\/\/realestatezajac.com\/"},"modified":"2026-04-25T19:16:05","modified_gmt":"2026-04-25T19:16:05","slug":"haus-in-blankenbach-deutschland-das-in-einer-ruhigen-grunen-gegend-renoviert-werden-soll","status":"publish","type":"product","link":"https:\/\/realestatezajac.com\/de\/immobilie\/haus-in-blankenbach-deutschland-das-in-einer-ruhigen-grunen-gegend-renoviert-werden-soll\/","title":{"rendered":"Blankenbach, Bayern, Deutschland \u2013 Haus in ruhiger, gr\u00fcner Lage zu renovieren"},"content":{"rendered":"","protected":false},"excerpt":{"rendered":"<p>Zum Verkauf steht ein freistehendes Haus in ruhiger, erh\u00f6hter Lage in Blankenbach (Bayern), Gemeinde Sch\u00f6llkrippen. Die Immobilie befindet sich auf einem ca. 455 m\u00b2 gro\u00dfen Grundst\u00fcck und bietet eine Wohnfl\u00e4che von ca. 110 m\u00b2.<\/p>\n<p>Das urspr\u00fcnglich im Jahr 1957 erbaute und 1966 erweiterte Haus \u00fcberzeugt durch seine solide Bauweise und wurde in der Vergangenheit als Zweifamilienhaus genutzt. Eine Nutzung als gro\u00dfz\u00fcgiges Einfamilienhaus ist ebenfalls problemlos m\u00f6glich. Alternativ bietet sich die M\u00f6glichkeit, das Erdgeschoss selbst zu nutzen und das Obergeschoss als separate Wohneinheit zu vermieten.<\/p>\n<p>Die Immobilie wurde seit 2023 teilweise modernisiert. Das Erdgeschoss wurde in gro\u00dfen Teilen erneuert und bietet einen modernen, offenen Wohn-\/Essbereich mit K\u00fcche.<\/p>\n<p>Zus\u00e4tzlich wurden wichtige Arbeiten durchgef\u00fchrt, wie die neue Elektrik und der Einbau einer modernen W\u00e4rmepumpe.<\/p>\n<p>Das Haus ist aktuell bewohnt und grunds\u00e4tzlich nutzbar, erfordert weitere Renovierungs- und Fertigstellungsarbeiten.<\/p>\n<p>Dadurch bietet sich K\u00e4ufern die ideale M\u00f6glichkeit, die Immobilie nach eigenen Vorstellungen individuell zu gestalten und fertigzustellen.<\/p>\n<p>Zu den besonderen Highlights z\u00e4hlen der Garten, zwei Terrassen sowie die gro\u00dfz\u00fcgige Dachterrasse mit herrlichem Panoramablick.<\/p>\n<p>Die Raumaufteilung umfasst zwei Wohnbereiche, K\u00fcchenbereiche, Tageslichtb\u00e4der sowie zus\u00e4tzliche R\u00e4ume im Untergeschoss mit separatem Zugang, die vielseitig nutzbar sind.Ein funktionsf\u00e4higer Kamin sorgt zus\u00e4tzlich f\u00fcr eine angenehme Wohnatmosph\u00e4re.<\/p>\n<p>Eine Garage und mehrere Stellpl\u00e4tze direkt auf dem Grundst\u00fcck stehen zur Verf\u00fcgung.<\/p>\n<p>Die Immobilie befindet sich in einer ruhigen, gr\u00fcnen Wohnlage mit direktem Zugang zu W\u00e4ldern und Radwegen \u2013 ideal f\u00fcr Spazierg\u00e4nge und Freizeitaktivit\u00e4ten in der Natur.<\/p>","protected":false},"featured_media":2428,"template":"","meta":{"_acf_changed":false},"product_brand":[],"product_cat":[19,15],"product_tag":[],"class_list":{"0":"post-2423","1":"product","2":"type-product","3":"status-publish","4":"has-post-thumbnail","6":"product_cat-niemcy","7":"product_cat-wszystkie","9":"first","10":"instock","11":"shipping-taxable","12":"product-type-simple"},"acf":[],"yoast_head":"<!-- This site is optimized with the Yoast SEO plugin v27.1.1 - https:\/\/yoast.com\/product\/yoast-seo-wordpress\/ -->\n<title>Blankenbach, Bayern Niemcy - Dom do remontu w spokojnej, zielonej okolicy - Karolina Zaj\u0105c mi\u0119dzynarodowy agent nieruchomo\u015bci<\/title>\n<meta name=\"robots\" content=\"index, follow, max-snippet:-1, max-image-preview:large, max-video-preview:-1\" \/>\n<link rel=\"canonical\" href=\"https:\/\/realestatezajac.com\/de\/immobilie\/haus-in-blankenbach-deutschland-das-in-einer-ruhigen-grunen-gegend-renoviert-werden-soll\/\" \/>\n<meta property=\"og:locale\" content=\"de_DE\" \/>\n<meta property=\"og:type\" content=\"article\" \/>\n<meta property=\"og:title\" content=\"Blankenbach, Bayern Niemcy - Dom do remontu w spokojnej, zielonej okolicy - Karolina Zaj\u0105c mi\u0119dzynarodowy agent nieruchomo\u015bci\" \/>\n<meta property=\"og:description\" content=\"Na sprzeda\u017c dom wolnostoj\u0105cy w spokojnej, wzniesionej okolicy w Blankenbach (Bawaria), w gminie Sch\u00f6llkrippen. Nieruchomo\u015b\u0107 po\u0142o\u017cona jest na dzia\u0142ce o powierzchni oko\u0142o 455 m\u00b2 i oferuje powierzchni\u0119 u\u017cytkow\u0105 oko\u0142o 110 m\u00b2.  Dom, pierwotnie wybudowany w 1957 roku i rozbudowany w 1966 roku, charakteryzuje si\u0119 solidn\u0105 konstrukcj\u0105 i by\u0142 wcze\u015bniej wykorzystywany jako dom dwurodzinny. Mo\u017cliwa jest r\u00f3wnie\u017c jego przebudowa na przestronny dom jednorodzinny. Alternatywnie, parter mo\u017ce by\u0107 wykorzystywany przez w\u0142a\u015bciciela, a pi\u0119tro wynajmowane jako oddzielne mieszkanie.  Nieruchomo\u015b\u0107 przesz\u0142a cz\u0119\u015bciow\u0105 modernizacj\u0119 w 2023 roku. Parter zosta\u0142 gruntownie odnowiony i oferuje nowoczesny, otwarty salon z jadalni\u0105 i kuchni\u0105.  Przeprowadzono r\u00f3wnie\u017c dodatkowe, istotne prace remontowe, w tym now\u0105 instalacj\u0119 elektryczn\u0105 i instalacj\u0119 nowoczesnej pompy ciep\u0142a.  Dom jest obecnie zamieszkany i nadaje si\u0119 do og\u00f3lnego u\u017cytku, ale wymaga dalszych prac remontowych i wyko\u0144czeniowych.  Daje to nabywcom idealn\u0105 mo\u017cliwo\u015b\u0107 dostosowania i wyko\u0144czenia nieruchomo\u015bci zgodnie z w\u0142asnymi preferencjami.  Do szczeg\u00f3lnych atut\u00f3w nale\u017c\u0105 ogr\u00f3d, dwa tarasy oraz przestronny taras na dachu z przepi\u0119knym widokiem na panoram\u0119 miasta.  Uk\u0142ad obejmuje dwa salony, kuchnie, \u0142azienki z naturalnym o\u015bwietleniem oraz dodatkowe pomieszczenia w piwnicy z osobnym wej\u015bciem, oferuj\u0105ce r\u00f3\u017cnorodne mo\u017cliwo\u015bci wykorzystania. Przytulnej atmosfery dodaje dzia\u0142aj\u0105cy kominek.  Gara\u017c i kilka miejsc parkingowych dost\u0119pne s\u0105 bezpo\u015brednio na terenie posesji.  Nieruchomo\u015b\u0107 po\u0142o\u017cona jest w spokojnej, zielonej dzielnicy mieszkalnej z bezpo\u015brednim dost\u0119pem do las\u00f3w i \u015bcie\u017cek rowerowych \u2013 idealnej na spacery i rekreacj\u0119 na \u015bwie\u017cym powietrzu.\" \/>\n<meta property=\"og:url\" content=\"https:\/\/realestatezajac.com\/de\/immobilie\/haus-in-blankenbach-deutschland-das-in-einer-ruhigen-grunen-gegend-renoviert-werden-soll\/\" \/>\n<meta property=\"og:site_name\" content=\"Karolina Zaj\u0105c mi\u0119dzynarodowy agent nieruchomo\u015bci\" \/>\n<meta property=\"article:modified_time\" content=\"2026-04-25T19:16:05+00:00\" \/>\n<meta property=\"og:image\" content=\"https:\/\/realestatezajac.com\/wp-content\/uploads\/2026\/03\/11.jpg\" \/>\n\t<meta property=\"og:image:width\" content=\"1184\" \/>\n\t<meta property=\"og:image:height\" content=\"864\" \/>\n\t<meta property=\"og:image:type\" content=\"image\/jpeg\" \/>\n<meta name=\"twitter:card\" content=\"summary_large_image\" \/>\n<meta name=\"twitter:label1\" content=\"Gesch\u00e4tzte Lesezeit\" \/>\n\t<meta name=\"twitter:data1\" content=\"1\u00a0Minute\" \/>\n<script type=\"application\/ld+json\" class=\"yoast-schema-graph\">{\"@context\":\"https:\/\/schema.org\",\"@graph\":[{\"@type\":\"WebPage\",\"@id\":\"https:\/\/realestatezajac.com\/nieruchomosc\/blankenbach-niemcy-dom-do-remontu-w-spokojnej-zielonej-okolicy\/\",\"url\":\"https:\/\/realestatezajac.com\/nieruchomosc\/blankenbach-niemcy-dom-do-remontu-w-spokojnej-zielonej-okolicy\/\",\"name\":\"Blankenbach, Bayern Niemcy - Dom do remontu w spokojnej, zielonej okolicy - Karolina Zaj\u0105c mi\u0119dzynarodowy agent nieruchomo\u015bci\",\"isPartOf\":{\"@id\":\"https:\/\/realestatezajac.com\/#website\"},\"primaryImageOfPage\":{\"@id\":\"https:\/\/realestatezajac.com\/nieruchomosc\/blankenbach-niemcy-dom-do-remontu-w-spokojnej-zielonej-okolicy\/#primaryimage\"},\"image\":{\"@id\":\"https:\/\/realestatezajac.com\/nieruchomosc\/blankenbach-niemcy-dom-do-remontu-w-spokojnej-zielonej-okolicy\/#primaryimage\"},\"thumbnailUrl\":\"https:\/\/realestatezajac.com\/wp-content\/uploads\/2026\/03\/11.jpg\",\"datePublished\":\"2026-03-30T13:34:53+00:00\",\"dateModified\":\"2026-04-25T19:16:05+00:00\",\"breadcrumb\":{\"@id\":\"https:\/\/realestatezajac.com\/nieruchomosc\/blankenbach-niemcy-dom-do-remontu-w-spokojnej-zielonej-okolicy\/#breadcrumb\"},\"inLanguage\":\"de\",\"potentialAction\":[{\"@type\":\"ReadAction\",\"target\":[\"https:\/\/realestatezajac.com\/nieruchomosc\/blankenbach-niemcy-dom-do-remontu-w-spokojnej-zielonej-okolicy\/\"]}]},{\"@type\":\"ImageObject\",\"inLanguage\":\"de\",\"@id\":\"https:\/\/realestatezajac.com\/nieruchomosc\/blankenbach-niemcy-dom-do-remontu-w-spokojnej-zielonej-okolicy\/#primaryimage\",\"url\":\"https:\/\/realestatezajac.com\/wp-content\/uploads\/2026\/03\/11.jpg\",\"contentUrl\":\"https:\/\/realestatezajac.com\/wp-content\/uploads\/2026\/03\/11.jpg\",\"width\":1184,\"height\":864},{\"@type\":\"BreadcrumbList\",\"@id\":\"https:\/\/realestatezajac.com\/nieruchomosc\/blankenbach-niemcy-dom-do-remontu-w-spokojnej-zielonej-okolicy\/#breadcrumb\",\"itemListElement\":[{\"@type\":\"ListItem\",\"position\":1,\"name\":\"Strona g\u0142\u00f3wna\",\"item\":\"https:\/\/realestatezajac.com\/\"},{\"@type\":\"ListItem\",\"position\":2,\"name\":\"Nieruchomo\u015bci\",\"item\":\"https:\/\/realestatezajac.com\/nieruchomosci\/\"},{\"@type\":\"ListItem\",\"position\":3,\"name\":\"Blankenbach, Bayern Niemcy &#8211; Dom do remontu w spokojnej, zielonej okolicy\"}]},{\"@type\":\"WebSite\",\"@id\":\"https:\/\/realestatezajac.com\/#website\",\"url\":\"https:\/\/realestatezajac.com\/\",\"name\":\"Karolina Zaj\u0105c mi\u0119dzynarodowy agent nieruchomo\u015bci\",\"description\":\"agent nieruchomo\u015bci Niemcy, Polska, Cypr\",\"potentialAction\":[{\"@type\":\"SearchAction\",\"target\":{\"@type\":\"EntryPoint\",\"urlTemplate\":\"https:\/\/realestatezajac.com\/?s={search_term_string}\"},\"query-input\":{\"@type\":\"PropertyValueSpecification\",\"valueRequired\":true,\"valueName\":\"search_term_string\"}}],\"inLanguage\":\"de\"}]}<\/script>\n<!-- \/ Yoast SEO plugin. -->","yoast_head_json":{"title":"Blankenbach, Bayern Niemcy - Dom do remontu w spokojnej, zielonej okolicy - Karolina Zaj\u0105c mi\u0119dzynarodowy agent nieruchomo\u015bci","robots":{"index":"index","follow":"follow","max-snippet":"max-snippet:-1","max-image-preview":"max-image-preview:large","max-video-preview":"max-video-preview:-1"},"canonical":"https:\/\/realestatezajac.com\/de\/immobilie\/haus-in-blankenbach-deutschland-das-in-einer-ruhigen-grunen-gegend-renoviert-werden-soll\/","og_locale":"de_DE","og_type":"article","og_title":"Blankenbach, Bayern Niemcy - Dom do remontu w spokojnej, zielonej okolicy - Karolina Zaj\u0105c mi\u0119dzynarodowy agent nieruchomo\u015bci","og_description":"Na sprzeda\u017c dom wolnostoj\u0105cy w spokojnej, wzniesionej okolicy w Blankenbach (Bawaria), w gminie Sch\u00f6llkrippen. Nieruchomo\u015b\u0107 po\u0142o\u017cona jest na dzia\u0142ce o powierzchni oko\u0142o 455 m\u00b2 i oferuje powierzchni\u0119 u\u017cytkow\u0105 oko\u0142o 110 m\u00b2.  Dom, pierwotnie wybudowany w 1957 roku i rozbudowany w 1966 roku, charakteryzuje si\u0119 solidn\u0105 konstrukcj\u0105 i by\u0142 wcze\u015bniej wykorzystywany jako dom dwurodzinny. Mo\u017cliwa jest r\u00f3wnie\u017c jego przebudowa na przestronny dom jednorodzinny. Alternatywnie, parter mo\u017ce by\u0107 wykorzystywany przez w\u0142a\u015bciciela, a pi\u0119tro wynajmowane jako oddzielne mieszkanie.  Nieruchomo\u015b\u0107 przesz\u0142a cz\u0119\u015bciow\u0105 modernizacj\u0119 w 2023 roku. Parter zosta\u0142 gruntownie odnowiony i oferuje nowoczesny, otwarty salon z jadalni\u0105 i kuchni\u0105.  Przeprowadzono r\u00f3wnie\u017c dodatkowe, istotne prace remontowe, w tym now\u0105 instalacj\u0119 elektryczn\u0105 i instalacj\u0119 nowoczesnej pompy ciep\u0142a.  Dom jest obecnie zamieszkany i nadaje si\u0119 do og\u00f3lnego u\u017cytku, ale wymaga dalszych prac remontowych i wyko\u0144czeniowych.  Daje to nabywcom idealn\u0105 mo\u017cliwo\u015b\u0107 dostosowania i wyko\u0144czenia nieruchomo\u015bci zgodnie z w\u0142asnymi preferencjami.  Do szczeg\u00f3lnych atut\u00f3w nale\u017c\u0105 ogr\u00f3d, dwa tarasy oraz przestronny taras na dachu z przepi\u0119knym widokiem na panoram\u0119 miasta.  Uk\u0142ad obejmuje dwa salony, kuchnie, \u0142azienki z naturalnym o\u015bwietleniem oraz dodatkowe pomieszczenia w piwnicy z osobnym wej\u015bciem, oferuj\u0105ce r\u00f3\u017cnorodne mo\u017cliwo\u015bci wykorzystania. Przytulnej atmosfery dodaje dzia\u0142aj\u0105cy kominek.  Gara\u017c i kilka miejsc parkingowych dost\u0119pne s\u0105 bezpo\u015brednio na terenie posesji.  Nieruchomo\u015b\u0107 po\u0142o\u017cona jest w spokojnej, zielonej dzielnicy mieszkalnej z bezpo\u015brednim dost\u0119pem do las\u00f3w i \u015bcie\u017cek rowerowych \u2013 idealnej na spacery i rekreacj\u0119 na \u015bwie\u017cym powietrzu.","og_url":"https:\/\/realestatezajac.com\/de\/immobilie\/haus-in-blankenbach-deutschland-das-in-einer-ruhigen-grunen-gegend-renoviert-werden-soll\/","og_site_name":"Karolina Zaj\u0105c mi\u0119dzynarodowy agent nieruchomo\u015bci","article_modified_time":"2026-04-25T19:16:05+00:00","og_image":[{"width":1184,"height":864,"url":"https:\/\/realestatezajac.com\/wp-content\/uploads\/2026\/03\/11.jpg","type":"image\/jpeg"}],"twitter_card":"summary_large_image","twitter_misc":{"Gesch\u00e4tzte Lesezeit":"1\u00a0Minute"},"schema":{"@context":"https:\/\/schema.org","@graph":[{"@type":"WebPage","@id":"https:\/\/realestatezajac.com\/nieruchomosc\/blankenbach-niemcy-dom-do-remontu-w-spokojnej-zielonej-okolicy\/","url":"https:\/\/realestatezajac.com\/nieruchomosc\/blankenbach-niemcy-dom-do-remontu-w-spokojnej-zielonej-okolicy\/","name":"Blankenbach, Bayern Niemcy - Dom do remontu w spokojnej, zielonej okolicy - Karolina Zaj\u0105c mi\u0119dzynarodowy agent nieruchomo\u015bci","isPartOf":{"@id":"https:\/\/realestatezajac.com\/#website"},"primaryImageOfPage":{"@id":"https:\/\/realestatezajac.com\/nieruchomosc\/blankenbach-niemcy-dom-do-remontu-w-spokojnej-zielonej-okolicy\/#primaryimage"},"image":{"@id":"https:\/\/realestatezajac.com\/nieruchomosc\/blankenbach-niemcy-dom-do-remontu-w-spokojnej-zielonej-okolicy\/#primaryimage"},"thumbnailUrl":"https:\/\/realestatezajac.com\/wp-content\/uploads\/2026\/03\/11.jpg","datePublished":"2026-03-30T13:34:53+00:00","dateModified":"2026-04-25T19:16:05+00:00","breadcrumb":{"@id":"https:\/\/realestatezajac.com\/nieruchomosc\/blankenbach-niemcy-dom-do-remontu-w-spokojnej-zielonej-okolicy\/#breadcrumb"},"inLanguage":"de","potentialAction":[{"@type":"ReadAction","target":["https:\/\/realestatezajac.com\/nieruchomosc\/blankenbach-niemcy-dom-do-remontu-w-spokojnej-zielonej-okolicy\/"]}]},{"@type":"ImageObject","inLanguage":"de","@id":"https:\/\/realestatezajac.com\/nieruchomosc\/blankenbach-niemcy-dom-do-remontu-w-spokojnej-zielonej-okolicy\/#primaryimage","url":"https:\/\/realestatezajac.com\/wp-content\/uploads\/2026\/03\/11.jpg","contentUrl":"https:\/\/realestatezajac.com\/wp-content\/uploads\/2026\/03\/11.jpg","width":1184,"height":864},{"@type":"BreadcrumbList","@id":"https:\/\/realestatezajac.com\/nieruchomosc\/blankenbach-niemcy-dom-do-remontu-w-spokojnej-zielonej-okolicy\/#breadcrumb","itemListElement":[{"@type":"ListItem","position":1,"name":"Strona g\u0142\u00f3wna","item":"https:\/\/realestatezajac.com\/"},{"@type":"ListItem","position":2,"name":"Nieruchomo\u015bci","item":"https:\/\/realestatezajac.com\/nieruchomosci\/"},{"@type":"ListItem","position":3,"name":"Blankenbach, Bayern Niemcy &#8211; Dom do remontu w spokojnej, zielonej okolicy"}]},{"@type":"WebSite","@id":"https:\/\/realestatezajac.com\/#website","url":"https:\/\/realestatezajac.com\/","name":"Karolina Zaj\u0105c mi\u0119dzynarodowy agent nieruchomo\u015bci","description":"agent nieruchomo\u015bci Niemcy, Polska, Cypr","potentialAction":[{"@type":"SearchAction","target":{"@type":"EntryPoint","urlTemplate":"https:\/\/realestatezajac.com\/?s={search_term_string}"},"query-input":{"@type":"PropertyValueSpecification","valueRequired":true,"valueName":"search_term_string"}}],"inLanguage":"de"}]}},"_links":{"self":[{"href":"https:\/\/realestatezajac.com\/de\/wp-json\/wp\/v2\/product\/2423","targetHints":{"allow":["GET"]}}],"collection":[{"href":"https:\/\/realestatezajac.com\/de\/wp-json\/wp\/v2\/product"}],"about":[{"href":"https:\/\/realestatezajac.com\/de\/wp-json\/wp\/v2\/types\/product"}],"version-history":[{"count":15,"href":"https:\/\/realestatezajac.com\/de\/wp-json\/wp\/v2\/product\/2423\/revisions"}],"predecessor-version":[{"id":2484,"href":"https:\/\/realestatezajac.com\/de\/wp-json\/wp\/v2\/product\/2423\/revisions\/2484"}],"wp:featuredmedia":[{"embeddable":true,"href":"https:\/\/realestatezajac.com\/de\/wp-json\/wp\/v2\/media\/2428"}],"wp:attachment":[{"href":"https:\/\/realestatezajac.com\/de\/wp-json\/wp\/v2\/media?parent=2423"}],"wp:term":[{"taxonomy":"product_brand","embeddable":true,"href":"https:\/\/realestatezajac.com\/de\/wp-json\/wp\/v2\/product_brand?post=2423"},{"taxonomy":"product_cat","embeddable":true,"href":"https:\/\/realestatezajac.com\/de\/wp-json\/wp\/v2\/product_cat?post=2423"},{"taxonomy":"product_tag","embeddable":true,"href":"https:\/\/realestatezajac.com\/de\/wp-json\/wp\/v2\/product_tag?post=2423"}],"curies":[{"name":"wp","href":"https:\/\/api.w.org\/{rel}","templated":true}]}}