{"id":2132,"date":"2026-01-12T14:58:24","date_gmt":"2026-01-12T14:58:24","guid":{"rendered":"https:\/\/realestatezajac.com\/?post_type=product&#038;p=2132"},"modified":"2026-04-25T20:02:16","modified_gmt":"2026-04-25T20:02:16","slug":"in-exzellentem-zustand-voll-vermietetes-wohn-und-geschaftsgebaude-mit-tiefgarage-das-eine-rendite-von-uber-55-bietet","status":"publish","type":"product","link":"https:\/\/realestatezajac.com\/de\/immobilie\/in-exzellentem-zustand-voll-vermietetes-wohn-und-geschaftsgebaude-mit-tiefgarage-das-eine-rendite-von-uber-55-bietet\/","title":{"rendered":"Top Zustand! Vollvermietetes Wohn- und Gesch\u00e4ftshaus mit Tiefgarage \u00fcber 5,5 % Rendite"},"content":{"rendered":"","protected":false},"excerpt":{"rendered":"<p class=\"translation-block\">Zum Verkauf steht ein gepflegtes Wohn- und Gesch\u00e4ftshaus mit hohem Investitionspotenzial in zentraler und verkehrsg\u00fcnstiger Lage in Schwalmtal. Das 1992 erbaute Objekt befindet sich in gutem Zustand und ist voll vermietet, was ein stabiles Einkommen sichert. Die Gesamtmietfl\u00e4che betr\u00e4gt ca. 1.916 m\u00b2, davon \u00fcber 1.374 m\u00b2 Wohnfl\u00e4che und ca. 543 m\u00b2 Gewerbefl\u00e4che. Das Geb\u00e4ude steht auf einem 1.728 m\u00b2 gro\u00dfen Grundst\u00fcck und erstreckt sich \u00fcber drei Etagen mit Aufzug, was den Komfort und die Barrierefreiheit f\u00fcr alle Mieter erh\u00f6ht. Eine Tiefgarage mit 25 Stellpl\u00e4tzen bietet zus\u00e4tzlichen Nutzen f\u00fcr Bewohner und Mieter.<\/p>\n<p data-start=\"1037\" data-end=\"1637\" class=\"translation-block\">Das Geb\u00e4ude umfasst 22 Wohneinheiten (davon 10 mit \u00f6ffentlicher F\u00f6rderung) und zwei Gewerbefl\u00e4chen und bietet somit einen vielf\u00e4ltigen Mietermix. Regelm\u00e4\u00dfige Renovierungen und Modernisierungen gew\u00e4hrleisten, dass das Geb\u00e4ude attraktiv bleibt und ohne unmittelbare Investitionen weiterhin genutzt werden kann. Wichtig f\u00fcr Investoren: Bestehende Mietvertr\u00e4ge und Mietpreisbindungen k\u00f6nnen sich zuk\u00fcnftig \u00e4ndern, wodurch sich die M\u00f6glichkeit h\u00f6herer Mieteinnahmen ergibt.<\/p>\n<p data-start=\"1639\" data-end=\"2047\" class=\"translation-block\">Die hervorragende Lage bietet schnellen Zugang zu \u00f6ffentlichen Verkehrsmitteln (Bushaltestellen sind fu\u00dfl\u00e4ufig erreichbar), lokalen Dienstleistungen, Schulen und Gesch\u00e4ften sowie eine gute Anbindung an Hauptstra\u00dfen und Autobahnen. Das Objekt verf\u00fcgt \u00fcber eine Gaszentralheizung und der Ausstattungsstandard entspricht dem regionalen Standard f\u00fcr Immobilien dieser Art.<\/p>","protected":false},"featured_media":2135,"template":"","meta":{"_acf_changed":false},"product_brand":[],"product_cat":[19,15],"product_tag":[],"class_list":{"0":"post-2132","1":"product","2":"type-product","3":"status-publish","4":"has-post-thumbnail","6":"product_cat-niemcy","7":"product_cat-wszystkie","9":"first","10":"instock","11":"shipping-taxable","12":"product-type-simple"},"acf":[],"yoast_head":"<!-- This site is optimized with the Yoast SEO plugin v27.1.1 - https:\/\/yoast.com\/product\/yoast-seo-wordpress\/ -->\n<title>W doskona\u0142ym stanie! W pe\u0142ni wynaj\u0119ty budynek mieszkalno-us\u0142ugowy z parkingiem podziemnym, zapewniaj\u0105cy ponad 5,5% zwrotu z inwestycji - Karolina Zaj\u0105c mi\u0119dzynarodowy agent nieruchomo\u015bci<\/title>\n<meta name=\"robots\" content=\"index, follow, max-snippet:-1, max-image-preview:large, max-video-preview:-1\" \/>\n<link rel=\"canonical\" href=\"https:\/\/realestatezajac.com\/de\/immobilie\/in-exzellentem-zustand-voll-vermietetes-wohn-und-geschaftsgebaude-mit-tiefgarage-das-eine-rendite-von-uber-55-bietet\/\" \/>\n<meta property=\"og:locale\" content=\"de_DE\" \/>\n<meta property=\"og:type\" content=\"article\" \/>\n<meta property=\"og:title\" content=\"W doskona\u0142ym stanie! W pe\u0142ni wynaj\u0119ty budynek mieszkalno-us\u0142ugowy z parkingiem podziemnym, zapewniaj\u0105cy ponad 5,5% zwrotu z inwestycji - Karolina Zaj\u0105c mi\u0119dzynarodowy agent nieruchomo\u015bci\" \/>\n<meta property=\"og:description\" content=\"Na sprzeda\u017c zadbany budynek mieszkalno-us\u0142ugowy o wysokim potencjale inwestycyjnym, po\u0142o\u017cony w centralnej, dobrze skomunikowanej lokalizacji Schwalmtal. Nieruchomo\u015b\u0107 z 1992 roku utrzymana jest w dobrym stanie technicznym i jest w pe\u0142ni wynaj\u0119ta, co zapewnia stabilny doch\u00f3d. Ca\u0142kowita powierzchnia do wynaj\u0119cia wynosi ok. 1 916 m\u00b2, z czego ponad 1 374 m\u00b2 stanowi powierzchnia mieszkalna, a ok. 543 m\u00b2 powierzchnia us\u0142ugow\u0105. Obiekt posadowiony jest na dzia\u0142ce o powierzchni 1 728 m\u00b2 i sk\u0142ada si\u0119 z trzech kondygnacji, obs\u0142ugiwanych wind\u0105, co zwi\u0119ksza komfort u\u017cytkowania i dost\u0119p dla wszystkich najemc\u00f3w. Na terenie znajduje si\u0119 gara\u017c podziemny z 25 miejscami parkingowymi, co stanowi dodatkow\u0105 warto\u015b\u0107 dla mieszka\u0144c\u00f3w i klient\u00f3w lokali. Obiekt obejmuje 22 lokale mieszkalne\u00a0(w tym 10 dotowanych ze \u015brodk\u00f3w publicznych), oraz 2 powierzchnie komercyjne, co tworzy zr\u00f3\u017cnicowan\u0105 struktur\u0119 najemc\u00f3w. Regularne remonty i modernizacje sprawiaj\u0105, \u017ce budynek prezentuje si\u0119 atrakcyjnie i gotowy jest do dalszego u\u017cytkowania bez konieczno\u015bci natychmiastowych nak\u0142ad\u00f3w. Dla inwestora istotn\u0105 informacj\u0105 jest fakt, \u017ce obowi\u0105zuj\u0105ce umowy najmu oraz ograniczenia czynszowe mog\u0105 w przysz\u0142o\u015bci podlega\u0107 zmianom, co daje perspektyw\u0119 wzrostu dochod\u00f3w z nieruchomo\u015bci. Doskona\u0142a lokalizacja zapewnia szybki dost\u0119p do komunikacji publicznej (przystanek w odleg\u0142o\u015bci kr\u00f3tkiego spaceru), lokalnych us\u0142ug, szk\u00f3\u0142 i sklep\u00f3w, a tak\u017ce dogodny dojazd do g\u0142\u00f3wnych dr\u00f3g i autostrad. Energia cieplna w obiekcie dostarczana jest przez centralne ogrzewanie gazowe, a standard wyko\u0144czenia i instalacje s\u0105 typowe dla tego typu nieruchomo\u015bci w regionie.\" \/>\n<meta property=\"og:url\" content=\"https:\/\/realestatezajac.com\/de\/immobilie\/in-exzellentem-zustand-voll-vermietetes-wohn-und-geschaftsgebaude-mit-tiefgarage-das-eine-rendite-von-uber-55-bietet\/\" \/>\n<meta property=\"og:site_name\" content=\"Karolina Zaj\u0105c mi\u0119dzynarodowy agent nieruchomo\u015bci\" \/>\n<meta property=\"article:modified_time\" content=\"2026-04-25T20:02:16+00:00\" \/>\n<meta property=\"og:image\" content=\"https:\/\/realestatezajac.com\/wp-content\/uploads\/2026\/01\/viersen-wohn-maklen-zajac-karolina1.webp\" \/>\n\t<meta property=\"og:image:width\" content=\"1106\" \/>\n\t<meta property=\"og:image:height\" content=\"737\" \/>\n\t<meta property=\"og:image:type\" content=\"image\/webp\" \/>\n<meta name=\"twitter:card\" content=\"summary_large_image\" \/>\n<meta name=\"twitter:label1\" content=\"Gesch\u00e4tzte Lesezeit\" \/>\n\t<meta name=\"twitter:data1\" content=\"1\u00a0Minute\" \/>\n<script type=\"application\/ld+json\" class=\"yoast-schema-graph\">{\"@context\":\"https:\/\/schema.org\",\"@graph\":[{\"@type\":\"WebPage\",\"@id\":\"https:\/\/realestatezajac.com\/nieruchomosc\/w-doskonalym-stanie-w-pelni-wynajety-budynek-mieszkalno-uslugowy-z-parkingiem-podziemnym-zapewniajacy-ponad-55-zwrotu-z-inwestycji\/\",\"url\":\"https:\/\/realestatezajac.com\/nieruchomosc\/w-doskonalym-stanie-w-pelni-wynajety-budynek-mieszkalno-uslugowy-z-parkingiem-podziemnym-zapewniajacy-ponad-55-zwrotu-z-inwestycji\/\",\"name\":\"W doskona\u0142ym stanie! W pe\u0142ni wynaj\u0119ty budynek mieszkalno-us\u0142ugowy z parkingiem podziemnym, zapewniaj\u0105cy ponad 5,5% zwrotu z inwestycji - Karolina Zaj\u0105c mi\u0119dzynarodowy agent nieruchomo\u015bci\",\"isPartOf\":{\"@id\":\"https:\/\/realestatezajac.com\/#website\"},\"primaryImageOfPage\":{\"@id\":\"https:\/\/realestatezajac.com\/nieruchomosc\/w-doskonalym-stanie-w-pelni-wynajety-budynek-mieszkalno-uslugowy-z-parkingiem-podziemnym-zapewniajacy-ponad-55-zwrotu-z-inwestycji\/#primaryimage\"},\"image\":{\"@id\":\"https:\/\/realestatezajac.com\/nieruchomosc\/w-doskonalym-stanie-w-pelni-wynajety-budynek-mieszkalno-uslugowy-z-parkingiem-podziemnym-zapewniajacy-ponad-55-zwrotu-z-inwestycji\/#primaryimage\"},\"thumbnailUrl\":\"https:\/\/realestatezajac.com\/wp-content\/uploads\/2026\/01\/viersen-wohn-maklen-zajac-karolina1.webp\",\"datePublished\":\"2026-01-12T14:58:24+00:00\",\"dateModified\":\"2026-04-25T20:02:16+00:00\",\"breadcrumb\":{\"@id\":\"https:\/\/realestatezajac.com\/nieruchomosc\/w-doskonalym-stanie-w-pelni-wynajety-budynek-mieszkalno-uslugowy-z-parkingiem-podziemnym-zapewniajacy-ponad-55-zwrotu-z-inwestycji\/#breadcrumb\"},\"inLanguage\":\"de\",\"potentialAction\":[{\"@type\":\"ReadAction\",\"target\":[\"https:\/\/realestatezajac.com\/nieruchomosc\/w-doskonalym-stanie-w-pelni-wynajety-budynek-mieszkalno-uslugowy-z-parkingiem-podziemnym-zapewniajacy-ponad-55-zwrotu-z-inwestycji\/\"]}]},{\"@type\":\"ImageObject\",\"inLanguage\":\"de\",\"@id\":\"https:\/\/realestatezajac.com\/nieruchomosc\/w-doskonalym-stanie-w-pelni-wynajety-budynek-mieszkalno-uslugowy-z-parkingiem-podziemnym-zapewniajacy-ponad-55-zwrotu-z-inwestycji\/#primaryimage\",\"url\":\"https:\/\/realestatezajac.com\/wp-content\/uploads\/2026\/01\/viersen-wohn-maklen-zajac-karolina1.webp\",\"contentUrl\":\"https:\/\/realestatezajac.com\/wp-content\/uploads\/2026\/01\/viersen-wohn-maklen-zajac-karolina1.webp\",\"width\":1106,\"height\":737},{\"@type\":\"BreadcrumbList\",\"@id\":\"https:\/\/realestatezajac.com\/nieruchomosc\/w-doskonalym-stanie-w-pelni-wynajety-budynek-mieszkalno-uslugowy-z-parkingiem-podziemnym-zapewniajacy-ponad-55-zwrotu-z-inwestycji\/#breadcrumb\",\"itemListElement\":[{\"@type\":\"ListItem\",\"position\":1,\"name\":\"Strona g\u0142\u00f3wna\",\"item\":\"https:\/\/realestatezajac.com\/\"},{\"@type\":\"ListItem\",\"position\":2,\"name\":\"Nieruchomo\u015bci\",\"item\":\"https:\/\/realestatezajac.com\/nieruchomosci\/\"},{\"@type\":\"ListItem\",\"position\":3,\"name\":\"W doskona\u0142ym stanie! W pe\u0142ni wynaj\u0119ty budynek mieszkalno-us\u0142ugowy z parkingiem podziemnym, zapewniaj\u0105cy ponad 5,5% zwrotu z inwestycji\"}]},{\"@type\":\"WebSite\",\"@id\":\"https:\/\/realestatezajac.com\/#website\",\"url\":\"https:\/\/realestatezajac.com\/\",\"name\":\"Karolina Zaj\u0105c mi\u0119dzynarodowy agent nieruchomo\u015bci\",\"description\":\"agent nieruchomo\u015bci Niemcy, Polska, Cypr\",\"potentialAction\":[{\"@type\":\"SearchAction\",\"target\":{\"@type\":\"EntryPoint\",\"urlTemplate\":\"https:\/\/realestatezajac.com\/?s={search_term_string}\"},\"query-input\":{\"@type\":\"PropertyValueSpecification\",\"valueRequired\":true,\"valueName\":\"search_term_string\"}}],\"inLanguage\":\"de\"}]}<\/script>\n<!-- \/ Yoast SEO plugin. -->","yoast_head_json":{"title":"W doskona\u0142ym stanie! W pe\u0142ni wynaj\u0119ty budynek mieszkalno-us\u0142ugowy z parkingiem podziemnym, zapewniaj\u0105cy ponad 5,5% zwrotu z inwestycji - Karolina Zaj\u0105c mi\u0119dzynarodowy agent nieruchomo\u015bci","robots":{"index":"index","follow":"follow","max-snippet":"max-snippet:-1","max-image-preview":"max-image-preview:large","max-video-preview":"max-video-preview:-1"},"canonical":"https:\/\/realestatezajac.com\/de\/immobilie\/in-exzellentem-zustand-voll-vermietetes-wohn-und-geschaftsgebaude-mit-tiefgarage-das-eine-rendite-von-uber-55-bietet\/","og_locale":"de_DE","og_type":"article","og_title":"W doskona\u0142ym stanie! W pe\u0142ni wynaj\u0119ty budynek mieszkalno-us\u0142ugowy z parkingiem podziemnym, zapewniaj\u0105cy ponad 5,5% zwrotu z inwestycji - Karolina Zaj\u0105c mi\u0119dzynarodowy agent nieruchomo\u015bci","og_description":"Na sprzeda\u017c zadbany budynek mieszkalno-us\u0142ugowy o wysokim potencjale inwestycyjnym, po\u0142o\u017cony w centralnej, dobrze skomunikowanej lokalizacji Schwalmtal. Nieruchomo\u015b\u0107 z 1992 roku utrzymana jest w dobrym stanie technicznym i jest w pe\u0142ni wynaj\u0119ta, co zapewnia stabilny doch\u00f3d. Ca\u0142kowita powierzchnia do wynaj\u0119cia wynosi ok. 1 916 m\u00b2, z czego ponad 1 374 m\u00b2 stanowi powierzchnia mieszkalna, a ok. 543 m\u00b2 powierzchnia us\u0142ugow\u0105. Obiekt posadowiony jest na dzia\u0142ce o powierzchni 1 728 m\u00b2 i sk\u0142ada si\u0119 z trzech kondygnacji, obs\u0142ugiwanych wind\u0105, co zwi\u0119ksza komfort u\u017cytkowania i dost\u0119p dla wszystkich najemc\u00f3w. Na terenie znajduje si\u0119 gara\u017c podziemny z 25 miejscami parkingowymi, co stanowi dodatkow\u0105 warto\u015b\u0107 dla mieszka\u0144c\u00f3w i klient\u00f3w lokali. Obiekt obejmuje 22 lokale mieszkalne\u00a0(w tym 10 dotowanych ze \u015brodk\u00f3w publicznych), oraz 2 powierzchnie komercyjne, co tworzy zr\u00f3\u017cnicowan\u0105 struktur\u0119 najemc\u00f3w. Regularne remonty i modernizacje sprawiaj\u0105, \u017ce budynek prezentuje si\u0119 atrakcyjnie i gotowy jest do dalszego u\u017cytkowania bez konieczno\u015bci natychmiastowych nak\u0142ad\u00f3w. Dla inwestora istotn\u0105 informacj\u0105 jest fakt, \u017ce obowi\u0105zuj\u0105ce umowy najmu oraz ograniczenia czynszowe mog\u0105 w przysz\u0142o\u015bci podlega\u0107 zmianom, co daje perspektyw\u0119 wzrostu dochod\u00f3w z nieruchomo\u015bci. Doskona\u0142a lokalizacja zapewnia szybki dost\u0119p do komunikacji publicznej (przystanek w odleg\u0142o\u015bci kr\u00f3tkiego spaceru), lokalnych us\u0142ug, szk\u00f3\u0142 i sklep\u00f3w, a tak\u017ce dogodny dojazd do g\u0142\u00f3wnych dr\u00f3g i autostrad. Energia cieplna w obiekcie dostarczana jest przez centralne ogrzewanie gazowe, a standard wyko\u0144czenia i instalacje s\u0105 typowe dla tego typu nieruchomo\u015bci w regionie.","og_url":"https:\/\/realestatezajac.com\/de\/immobilie\/in-exzellentem-zustand-voll-vermietetes-wohn-und-geschaftsgebaude-mit-tiefgarage-das-eine-rendite-von-uber-55-bietet\/","og_site_name":"Karolina Zaj\u0105c mi\u0119dzynarodowy agent nieruchomo\u015bci","article_modified_time":"2026-04-25T20:02:16+00:00","og_image":[{"width":1106,"height":737,"url":"https:\/\/realestatezajac.com\/wp-content\/uploads\/2026\/01\/viersen-wohn-maklen-zajac-karolina1.webp","type":"image\/webp"}],"twitter_card":"summary_large_image","twitter_misc":{"Gesch\u00e4tzte Lesezeit":"1\u00a0Minute"},"schema":{"@context":"https:\/\/schema.org","@graph":[{"@type":"WebPage","@id":"https:\/\/realestatezajac.com\/nieruchomosc\/w-doskonalym-stanie-w-pelni-wynajety-budynek-mieszkalno-uslugowy-z-parkingiem-podziemnym-zapewniajacy-ponad-55-zwrotu-z-inwestycji\/","url":"https:\/\/realestatezajac.com\/nieruchomosc\/w-doskonalym-stanie-w-pelni-wynajety-budynek-mieszkalno-uslugowy-z-parkingiem-podziemnym-zapewniajacy-ponad-55-zwrotu-z-inwestycji\/","name":"W doskona\u0142ym stanie! W pe\u0142ni wynaj\u0119ty budynek mieszkalno-us\u0142ugowy z parkingiem podziemnym, zapewniaj\u0105cy ponad 5,5% zwrotu z inwestycji - Karolina Zaj\u0105c mi\u0119dzynarodowy agent nieruchomo\u015bci","isPartOf":{"@id":"https:\/\/realestatezajac.com\/#website"},"primaryImageOfPage":{"@id":"https:\/\/realestatezajac.com\/nieruchomosc\/w-doskonalym-stanie-w-pelni-wynajety-budynek-mieszkalno-uslugowy-z-parkingiem-podziemnym-zapewniajacy-ponad-55-zwrotu-z-inwestycji\/#primaryimage"},"image":{"@id":"https:\/\/realestatezajac.com\/nieruchomosc\/w-doskonalym-stanie-w-pelni-wynajety-budynek-mieszkalno-uslugowy-z-parkingiem-podziemnym-zapewniajacy-ponad-55-zwrotu-z-inwestycji\/#primaryimage"},"thumbnailUrl":"https:\/\/realestatezajac.com\/wp-content\/uploads\/2026\/01\/viersen-wohn-maklen-zajac-karolina1.webp","datePublished":"2026-01-12T14:58:24+00:00","dateModified":"2026-04-25T20:02:16+00:00","breadcrumb":{"@id":"https:\/\/realestatezajac.com\/nieruchomosc\/w-doskonalym-stanie-w-pelni-wynajety-budynek-mieszkalno-uslugowy-z-parkingiem-podziemnym-zapewniajacy-ponad-55-zwrotu-z-inwestycji\/#breadcrumb"},"inLanguage":"de","potentialAction":[{"@type":"ReadAction","target":["https:\/\/realestatezajac.com\/nieruchomosc\/w-doskonalym-stanie-w-pelni-wynajety-budynek-mieszkalno-uslugowy-z-parkingiem-podziemnym-zapewniajacy-ponad-55-zwrotu-z-inwestycji\/"]}]},{"@type":"ImageObject","inLanguage":"de","@id":"https:\/\/realestatezajac.com\/nieruchomosc\/w-doskonalym-stanie-w-pelni-wynajety-budynek-mieszkalno-uslugowy-z-parkingiem-podziemnym-zapewniajacy-ponad-55-zwrotu-z-inwestycji\/#primaryimage","url":"https:\/\/realestatezajac.com\/wp-content\/uploads\/2026\/01\/viersen-wohn-maklen-zajac-karolina1.webp","contentUrl":"https:\/\/realestatezajac.com\/wp-content\/uploads\/2026\/01\/viersen-wohn-maklen-zajac-karolina1.webp","width":1106,"height":737},{"@type":"BreadcrumbList","@id":"https:\/\/realestatezajac.com\/nieruchomosc\/w-doskonalym-stanie-w-pelni-wynajety-budynek-mieszkalno-uslugowy-z-parkingiem-podziemnym-zapewniajacy-ponad-55-zwrotu-z-inwestycji\/#breadcrumb","itemListElement":[{"@type":"ListItem","position":1,"name":"Strona g\u0142\u00f3wna","item":"https:\/\/realestatezajac.com\/"},{"@type":"ListItem","position":2,"name":"Nieruchomo\u015bci","item":"https:\/\/realestatezajac.com\/nieruchomosci\/"},{"@type":"ListItem","position":3,"name":"W doskona\u0142ym stanie! W pe\u0142ni wynaj\u0119ty budynek mieszkalno-us\u0142ugowy z parkingiem podziemnym, zapewniaj\u0105cy ponad 5,5% zwrotu z inwestycji"}]},{"@type":"WebSite","@id":"https:\/\/realestatezajac.com\/#website","url":"https:\/\/realestatezajac.com\/","name":"Karolina Zaj\u0105c mi\u0119dzynarodowy agent nieruchomo\u015bci","description":"agent nieruchomo\u015bci Niemcy, Polska, Cypr","potentialAction":[{"@type":"SearchAction","target":{"@type":"EntryPoint","urlTemplate":"https:\/\/realestatezajac.com\/?s={search_term_string}"},"query-input":{"@type":"PropertyValueSpecification","valueRequired":true,"valueName":"search_term_string"}}],"inLanguage":"de"}]}},"_links":{"self":[{"href":"https:\/\/realestatezajac.com\/de\/wp-json\/wp\/v2\/product\/2132","targetHints":{"allow":["GET"]}}],"collection":[{"href":"https:\/\/realestatezajac.com\/de\/wp-json\/wp\/v2\/product"}],"about":[{"href":"https:\/\/realestatezajac.com\/de\/wp-json\/wp\/v2\/types\/product"}],"version-history":[{"count":6,"href":"https:\/\/realestatezajac.com\/de\/wp-json\/wp\/v2\/product\/2132\/revisions"}],"predecessor-version":[{"id":2493,"href":"https:\/\/realestatezajac.com\/de\/wp-json\/wp\/v2\/product\/2132\/revisions\/2493"}],"wp:featuredmedia":[{"embeddable":true,"href":"https:\/\/realestatezajac.com\/de\/wp-json\/wp\/v2\/media\/2135"}],"wp:attachment":[{"href":"https:\/\/realestatezajac.com\/de\/wp-json\/wp\/v2\/media?parent=2132"}],"wp:term":[{"taxonomy":"product_brand","embeddable":true,"href":"https:\/\/realestatezajac.com\/de\/wp-json\/wp\/v2\/product_brand?post=2132"},{"taxonomy":"product_cat","embeddable":true,"href":"https:\/\/realestatezajac.com\/de\/wp-json\/wp\/v2\/product_cat?post=2132"},{"taxonomy":"product_tag","embeddable":true,"href":"https:\/\/realestatezajac.com\/de\/wp-json\/wp\/v2\/product_tag?post=2132"}],"curies":[{"name":"wp","href":"https:\/\/api.w.org\/{rel}","templated":true}]}}