{"id":2079,"date":"2025-12-11T12:37:41","date_gmt":"2025-12-11T12:37:41","guid":{"rendered":"https:\/\/realestatezajac.com\/?post_type=product&#038;p=2079"},"modified":"2026-04-27T17:07:19","modified_gmt":"2026-04-27T17:07:19","slug":"moers-deutschland-stadtzentrum-wohnung-mit-garten","status":"publish","type":"product","link":"https:\/\/realestatezajac.com\/de\/immobilie\/moers-deutschland-stadtzentrum-wohnung-mit-garten\/","title":{"rendered":"Moers, Deutschland \u2013 Stadtwohnung mit Garten"},"content":{"rendered":"","protected":false},"excerpt":{"rendered":"<p>Diese gepflegte und renovierte Wohnung befindet sich in bester Lage in Moers. Die 53 m\u00b2 gro\u00dfe Wohnung verf\u00fcgt \u00fcber einen zus\u00e4tzlichen 12 m\u00b2 gro\u00dfen Privatgarten \u2013 ein besonderes Merkmal in dieser zentralen Lage. Die Wohnung wurde komplett saniert, inklusive Bad und Wandd\u00e4mmung, und befindet sich daher in einem hervorragenden Zustand. Die K\u00fcche ist voll ausgestattet und sofort nutzbar; lediglich der Geschirrsp\u00fcler muss ersetzt werden. Die gesamte Immobilie ist in einem sehr guten Zustand und bezugsfertig.<\/p>\n<p>Die Immobilie eignet sich ideal als Kapitalanlage \u2013 sie steht derzeit leer und generiert monatliche Nettoeinnahmen von 530 \u20ac. Das Geb\u00e4ude ist ruhig und sicher, und es besteht die M\u00f6glichkeit, einen Parkplatz anzumieten.<\/p>\n<p>Die Wohnung liegt im Zentrum von Moers und bietet somit direkten Zugang zur gesamten st\u00e4dtischen Infrastruktur: Gesch\u00e4fte, Dienstleistungsbetriebe, Restaurants, Schulen und \u00f6ffentliche Verkehrsmittel. Gleichzeitig genie\u00dfen Sie dank des privaten Gartens die gr\u00fcne Umgebung, Ruhe und Entspannung \u2013 ideal zum Kaffeetrinken oder Grillen. Eine seltene Kombination aus zentraler Lage und privatem Au\u00dfenbereich.<\/p>\n<p>Moers ist eine attraktive und freundliche Stadt in Westdeutschland, die f\u00fcr ihre vielen Gr\u00fcnfl\u00e4chen, die gut ausgebaute Infrastruktur, das vielf\u00e4ltige Kulturangebot und die ruhige Atmosph\u00e4re gesch\u00e4tzt wird. Dank stabiler Nachfrage und guter Verkehrsanbindung ist sie auch ein erstklassiger Standort f\u00fcr Mietimmobilien.<\/p>\n<p>Die Lage der Immobilie bietet eine hervorragende Anbindung an die wichtigsten St\u00e4dte der Region, wie Duisburg, D\u00fcsseldorf, Krefeld und Neuss. Die nahegelegenen Autobahnen A40 und A57 erm\u00f6glichen schnelles Reisen, auch bis zur niederl\u00e4ndischen Grenze \u2013 Venlo ist nur eine kurze Autofahrt entfernt. Ein weiterer Vorteil ist die N\u00e4he der Flugh\u00e4fen D\u00fcsseldorf, Weeze und Dortmund, die bequeme internationale Verbindungen bieten.<\/p>\n<p>Dies ist ein ideales Angebot sowohl f\u00fcr Wohnungssuchende in bester Lage als auch f\u00fcr Investoren, die eine zuverl\u00e4ssige und attraktive Rendite anstreben.<\/p>","protected":false},"featured_media":2383,"template":"","meta":{"_acf_changed":false},"product_brand":[],"product_cat":[19,15],"product_tag":[],"class_list":{"0":"post-2079","1":"product","2":"type-product","3":"status-publish","4":"has-post-thumbnail","6":"product_cat-niemcy","7":"product_cat-wszystkie","9":"first","10":"outofstock","11":"shipping-taxable","12":"product-type-simple"},"acf":[],"yoast_head":"<!-- This site is optimized with the Yoast SEO plugin v27.1.1 - https:\/\/yoast.com\/product\/yoast-seo-wordpress\/ -->\n<title>Moers, Niemcy - Mieszkanie w centrum miasta z ogrodem - Karolina Zaj\u0105c mi\u0119dzynarodowy agent nieruchomo\u015bci<\/title>\n<meta name=\"robots\" content=\"index, follow, max-snippet:-1, max-image-preview:large, max-video-preview:-1\" \/>\n<link rel=\"canonical\" href=\"https:\/\/realestatezajac.com\/de\/immobilie\/moers-deutschland-stadtzentrum-wohnung-mit-garten\/\" \/>\n<meta property=\"og:locale\" content=\"de_DE\" \/>\n<meta property=\"og:type\" content=\"article\" \/>\n<meta property=\"og:title\" content=\"Moers, Niemcy - Mieszkanie w centrum miasta z ogrodem - Karolina Zaj\u0105c mi\u0119dzynarodowy agent nieruchomo\u015bci\" \/>\n<meta property=\"og:description\" content=\"Zadbane mieszkanie pomodernizacjach, zlokalizowane w znakomitej lokalizacji Moers, Niemcy. Lokal ma 53 m\u00b2 oraz dodatkowe 12 m\u00b2 prywatnego ogrodu, co stanowi wyj\u0105tkowy atut w tak centralnej cz\u0119\u015bci miasta. Mieszkanie przesz\u0142o kompletny remont, obejmuj\u0105cy m.in. \u0142azienk\u0119, izolacj\u0119 \u015bcian, dzi\u0119ki czemu znajduje si\u0119 w bardzo dobrym stanie technicznym. Kuchnia jest w pe\u0142ni wyposa\u017cona i u\u017cytkowana, a jedynym elementem wymagaj\u0105cym ewentualnej wymiany jest zmywarka. Ca\u0142o\u015b\u0107 jest zadbana i gotowa do przej\u0119cia.  Nieruchomo\u015b\u0107 idealnie nadaje si\u0119 jako inwestycja - obecnie\u00a0 nie jest wynajmowana, generuj\u0105c zysk netto na poziomie 530 EUR miesi\u0119cznie. Budynek jest spokojny i bezpieczny, a dodatkowo istnieje mo\u017cliwo\u015b\u0107 wynaj\u0119cia miejsca parkingowego.  Mieszkanie znajduje si\u0119 w centrum Moers, co zapewnia dost\u0119p do pe\u0142nej infrastruktury miasta: sklep\u00f3w, punkt\u00f3w us\u0142ugowych, restauracji, szk\u00f3\u0142 i komunikacji. Jednocze\u015bnie dzi\u0119ki prywatnemu ogrodowi mo\u017cna cieszy\u0107 si\u0119 zielonym otoczeniem, spokojem i miejscem idealnym do wyciszenia, sp\u0119dzania czasu przy kawie czy grillowania. To rzadkie po\u0142\u0105czenie centralnej lokalizacji z prywatn\u0105 przestrzeni\u0105 na \u015bwie\u017cym powietrzu.  Moers to atrakcyjne i przyjazne miasto w zachodnich Niemczech, cenione za du\u017c\u0105 ilo\u015b\u0107 teren\u00f3w zielonych, rozwini\u0119t\u0105 infrastruktur\u0119, bogat\u0105 ofert\u0119 kulturaln\u0105 i spokojn\u0105 atmosfer\u0119. Jest to tak\u017ce bardzo dobre miejsce pod inwestycje najmu, ze stabilnym popytem i wygodnym uk\u0142adem komunikacyjnym.  Lokalizacja nieruchomo\u015bci zapewnia \u015bwietny dojazd do wi\u0119kszych miast regionu, takich jak Duisburg, D\u00fcsseldorf, Krefeld czy Neuss. W pobli\u017cu znajduj\u0105 si\u0119 autostrady A40 i A57, kt\u00f3re umo\u017cliwiaj\u0105 szybki wyjazd r\u00f3wnie\u017c w kierunku granicy z Holandi\u0105 \u2013 do Venlo mo\u017cna dotrze\u0107 w kr\u00f3tkim czasie. Dodatkowym atutem jest blisko\u015b\u0107 lotnisk: D\u00fcsseldorf Airport, Weeze Airport oraz lotniska w Dortmundzie, co zapewnia wygodne po\u0142\u0105czenia mi\u0119dzynarodowe.  To idealna propozycja zar\u00f3wno dla os\u00f3b szukaj\u0105cych mieszkania w doskona\u0142ej lokalizacji, jak i dla inwestor\u00f3w poszukuj\u0105cych pewnej i atrakcyjnej stopy zwrotu.\" \/>\n<meta property=\"og:url\" content=\"https:\/\/realestatezajac.com\/de\/immobilie\/moers-deutschland-stadtzentrum-wohnung-mit-garten\/\" \/>\n<meta property=\"og:site_name\" content=\"Karolina Zaj\u0105c mi\u0119dzynarodowy agent nieruchomo\u015bci\" \/>\n<meta property=\"article:modified_time\" content=\"2026-04-27T17:07:19+00:00\" \/>\n<meta property=\"og:image\" content=\"https:\/\/realestatezajac.com\/wp-content\/uploads\/2025\/12\/VERKAUFT-moers-1024x768.png\" \/>\n\t<meta property=\"og:image:width\" content=\"1024\" \/>\n\t<meta property=\"og:image:height\" content=\"768\" \/>\n\t<meta property=\"og:image:type\" content=\"image\/png\" \/>\n<meta name=\"twitter:card\" content=\"summary_large_image\" \/>\n<meta name=\"twitter:label1\" content=\"Gesch\u00e4tzte Lesezeit\" \/>\n\t<meta name=\"twitter:data1\" content=\"1\u00a0Minute\" \/>\n<script type=\"application\/ld+json\" class=\"yoast-schema-graph\">{\"@context\":\"https:\/\/schema.org\",\"@graph\":[{\"@type\":\"WebPage\",\"@id\":\"https:\/\/realestatezajac.com\/nieruchomosc\/moers-niemcy-mieszkanie-w-centrum-miasta-z-ogrodem\/\",\"url\":\"https:\/\/realestatezajac.com\/nieruchomosc\/moers-niemcy-mieszkanie-w-centrum-miasta-z-ogrodem\/\",\"name\":\"Moers, Niemcy - Mieszkanie w centrum miasta z ogrodem - Karolina Zaj\u0105c mi\u0119dzynarodowy agent nieruchomo\u015bci\",\"isPartOf\":{\"@id\":\"https:\/\/realestatezajac.com\/#website\"},\"primaryImageOfPage\":{\"@id\":\"https:\/\/realestatezajac.com\/nieruchomosc\/moers-niemcy-mieszkanie-w-centrum-miasta-z-ogrodem\/#primaryimage\"},\"image\":{\"@id\":\"https:\/\/realestatezajac.com\/nieruchomosc\/moers-niemcy-mieszkanie-w-centrum-miasta-z-ogrodem\/#primaryimage\"},\"thumbnailUrl\":\"https:\/\/realestatezajac.com\/wp-content\/uploads\/2025\/12\/VERKAUFT-moers.png\",\"datePublished\":\"2025-12-11T12:37:41+00:00\",\"dateModified\":\"2026-04-27T17:07:19+00:00\",\"breadcrumb\":{\"@id\":\"https:\/\/realestatezajac.com\/nieruchomosc\/moers-niemcy-mieszkanie-w-centrum-miasta-z-ogrodem\/#breadcrumb\"},\"inLanguage\":\"de\",\"potentialAction\":[{\"@type\":\"ReadAction\",\"target\":[\"https:\/\/realestatezajac.com\/nieruchomosc\/moers-niemcy-mieszkanie-w-centrum-miasta-z-ogrodem\/\"]}]},{\"@type\":\"ImageObject\",\"inLanguage\":\"de\",\"@id\":\"https:\/\/realestatezajac.com\/nieruchomosc\/moers-niemcy-mieszkanie-w-centrum-miasta-z-ogrodem\/#primaryimage\",\"url\":\"https:\/\/realestatezajac.com\/wp-content\/uploads\/2025\/12\/VERKAUFT-moers.png\",\"contentUrl\":\"https:\/\/realestatezajac.com\/wp-content\/uploads\/2025\/12\/VERKAUFT-moers.png\",\"width\":1536,\"height\":1152},{\"@type\":\"BreadcrumbList\",\"@id\":\"https:\/\/realestatezajac.com\/nieruchomosc\/moers-niemcy-mieszkanie-w-centrum-miasta-z-ogrodem\/#breadcrumb\",\"itemListElement\":[{\"@type\":\"ListItem\",\"position\":1,\"name\":\"Strona g\u0142\u00f3wna\",\"item\":\"https:\/\/realestatezajac.com\/\"},{\"@type\":\"ListItem\",\"position\":2,\"name\":\"Nieruchomo\u015bci\",\"item\":\"https:\/\/realestatezajac.com\/nieruchomosci\/\"},{\"@type\":\"ListItem\",\"position\":3,\"name\":\"Moers, Niemcy &#8211; Mieszkanie w centrum miasta z ogrodem\"}]},{\"@type\":\"WebSite\",\"@id\":\"https:\/\/realestatezajac.com\/#website\",\"url\":\"https:\/\/realestatezajac.com\/\",\"name\":\"Karolina Zaj\u0105c mi\u0119dzynarodowy agent nieruchomo\u015bci\",\"description\":\"agent nieruchomo\u015bci Niemcy, Polska, Cypr\",\"potentialAction\":[{\"@type\":\"SearchAction\",\"target\":{\"@type\":\"EntryPoint\",\"urlTemplate\":\"https:\/\/realestatezajac.com\/?s={search_term_string}\"},\"query-input\":{\"@type\":\"PropertyValueSpecification\",\"valueRequired\":true,\"valueName\":\"search_term_string\"}}],\"inLanguage\":\"de\"}]}<\/script>\n<!-- \/ Yoast SEO plugin. -->","yoast_head_json":{"title":"Moers, Niemcy - Mieszkanie w centrum miasta z ogrodem - Karolina Zaj\u0105c mi\u0119dzynarodowy agent nieruchomo\u015bci","robots":{"index":"index","follow":"follow","max-snippet":"max-snippet:-1","max-image-preview":"max-image-preview:large","max-video-preview":"max-video-preview:-1"},"canonical":"https:\/\/realestatezajac.com\/de\/immobilie\/moers-deutschland-stadtzentrum-wohnung-mit-garten\/","og_locale":"de_DE","og_type":"article","og_title":"Moers, Niemcy - Mieszkanie w centrum miasta z ogrodem - Karolina Zaj\u0105c mi\u0119dzynarodowy agent nieruchomo\u015bci","og_description":"Zadbane mieszkanie pomodernizacjach, zlokalizowane w znakomitej lokalizacji Moers, Niemcy. Lokal ma 53 m\u00b2 oraz dodatkowe 12 m\u00b2 prywatnego ogrodu, co stanowi wyj\u0105tkowy atut w tak centralnej cz\u0119\u015bci miasta. Mieszkanie przesz\u0142o kompletny remont, obejmuj\u0105cy m.in. \u0142azienk\u0119, izolacj\u0119 \u015bcian, dzi\u0119ki czemu znajduje si\u0119 w bardzo dobrym stanie technicznym. Kuchnia jest w pe\u0142ni wyposa\u017cona i u\u017cytkowana, a jedynym elementem wymagaj\u0105cym ewentualnej wymiany jest zmywarka. Ca\u0142o\u015b\u0107 jest zadbana i gotowa do przej\u0119cia.  Nieruchomo\u015b\u0107 idealnie nadaje si\u0119 jako inwestycja - obecnie\u00a0 nie jest wynajmowana, generuj\u0105c zysk netto na poziomie 530 EUR miesi\u0119cznie. Budynek jest spokojny i bezpieczny, a dodatkowo istnieje mo\u017cliwo\u015b\u0107 wynaj\u0119cia miejsca parkingowego.  Mieszkanie znajduje si\u0119 w centrum Moers, co zapewnia dost\u0119p do pe\u0142nej infrastruktury miasta: sklep\u00f3w, punkt\u00f3w us\u0142ugowych, restauracji, szk\u00f3\u0142 i komunikacji. Jednocze\u015bnie dzi\u0119ki prywatnemu ogrodowi mo\u017cna cieszy\u0107 si\u0119 zielonym otoczeniem, spokojem i miejscem idealnym do wyciszenia, sp\u0119dzania czasu przy kawie czy grillowania. To rzadkie po\u0142\u0105czenie centralnej lokalizacji z prywatn\u0105 przestrzeni\u0105 na \u015bwie\u017cym powietrzu.  Moers to atrakcyjne i przyjazne miasto w zachodnich Niemczech, cenione za du\u017c\u0105 ilo\u015b\u0107 teren\u00f3w zielonych, rozwini\u0119t\u0105 infrastruktur\u0119, bogat\u0105 ofert\u0119 kulturaln\u0105 i spokojn\u0105 atmosfer\u0119. Jest to tak\u017ce bardzo dobre miejsce pod inwestycje najmu, ze stabilnym popytem i wygodnym uk\u0142adem komunikacyjnym.  Lokalizacja nieruchomo\u015bci zapewnia \u015bwietny dojazd do wi\u0119kszych miast regionu, takich jak Duisburg, D\u00fcsseldorf, Krefeld czy Neuss. W pobli\u017cu znajduj\u0105 si\u0119 autostrady A40 i A57, kt\u00f3re umo\u017cliwiaj\u0105 szybki wyjazd r\u00f3wnie\u017c w kierunku granicy z Holandi\u0105 \u2013 do Venlo mo\u017cna dotrze\u0107 w kr\u00f3tkim czasie. Dodatkowym atutem jest blisko\u015b\u0107 lotnisk: D\u00fcsseldorf Airport, Weeze Airport oraz lotniska w Dortmundzie, co zapewnia wygodne po\u0142\u0105czenia mi\u0119dzynarodowe.  To idealna propozycja zar\u00f3wno dla os\u00f3b szukaj\u0105cych mieszkania w doskona\u0142ej lokalizacji, jak i dla inwestor\u00f3w poszukuj\u0105cych pewnej i atrakcyjnej stopy zwrotu.","og_url":"https:\/\/realestatezajac.com\/de\/immobilie\/moers-deutschland-stadtzentrum-wohnung-mit-garten\/","og_site_name":"Karolina Zaj\u0105c mi\u0119dzynarodowy agent nieruchomo\u015bci","article_modified_time":"2026-04-27T17:07:19+00:00","og_image":[{"width":1024,"height":768,"url":"https:\/\/realestatezajac.com\/wp-content\/uploads\/2025\/12\/VERKAUFT-moers-1024x768.png","type":"image\/png"}],"twitter_card":"summary_large_image","twitter_misc":{"Gesch\u00e4tzte Lesezeit":"1\u00a0Minute"},"schema":{"@context":"https:\/\/schema.org","@graph":[{"@type":"WebPage","@id":"https:\/\/realestatezajac.com\/nieruchomosc\/moers-niemcy-mieszkanie-w-centrum-miasta-z-ogrodem\/","url":"https:\/\/realestatezajac.com\/nieruchomosc\/moers-niemcy-mieszkanie-w-centrum-miasta-z-ogrodem\/","name":"Moers, Niemcy - Mieszkanie w centrum miasta z ogrodem - Karolina Zaj\u0105c mi\u0119dzynarodowy agent nieruchomo\u015bci","isPartOf":{"@id":"https:\/\/realestatezajac.com\/#website"},"primaryImageOfPage":{"@id":"https:\/\/realestatezajac.com\/nieruchomosc\/moers-niemcy-mieszkanie-w-centrum-miasta-z-ogrodem\/#primaryimage"},"image":{"@id":"https:\/\/realestatezajac.com\/nieruchomosc\/moers-niemcy-mieszkanie-w-centrum-miasta-z-ogrodem\/#primaryimage"},"thumbnailUrl":"https:\/\/realestatezajac.com\/wp-content\/uploads\/2025\/12\/VERKAUFT-moers.png","datePublished":"2025-12-11T12:37:41+00:00","dateModified":"2026-04-27T17:07:19+00:00","breadcrumb":{"@id":"https:\/\/realestatezajac.com\/nieruchomosc\/moers-niemcy-mieszkanie-w-centrum-miasta-z-ogrodem\/#breadcrumb"},"inLanguage":"de","potentialAction":[{"@type":"ReadAction","target":["https:\/\/realestatezajac.com\/nieruchomosc\/moers-niemcy-mieszkanie-w-centrum-miasta-z-ogrodem\/"]}]},{"@type":"ImageObject","inLanguage":"de","@id":"https:\/\/realestatezajac.com\/nieruchomosc\/moers-niemcy-mieszkanie-w-centrum-miasta-z-ogrodem\/#primaryimage","url":"https:\/\/realestatezajac.com\/wp-content\/uploads\/2025\/12\/VERKAUFT-moers.png","contentUrl":"https:\/\/realestatezajac.com\/wp-content\/uploads\/2025\/12\/VERKAUFT-moers.png","width":1536,"height":1152},{"@type":"BreadcrumbList","@id":"https:\/\/realestatezajac.com\/nieruchomosc\/moers-niemcy-mieszkanie-w-centrum-miasta-z-ogrodem\/#breadcrumb","itemListElement":[{"@type":"ListItem","position":1,"name":"Strona g\u0142\u00f3wna","item":"https:\/\/realestatezajac.com\/"},{"@type":"ListItem","position":2,"name":"Nieruchomo\u015bci","item":"https:\/\/realestatezajac.com\/nieruchomosci\/"},{"@type":"ListItem","position":3,"name":"Moers, Niemcy &#8211; Mieszkanie w centrum miasta z ogrodem"}]},{"@type":"WebSite","@id":"https:\/\/realestatezajac.com\/#website","url":"https:\/\/realestatezajac.com\/","name":"Karolina Zaj\u0105c mi\u0119dzynarodowy agent nieruchomo\u015bci","description":"agent nieruchomo\u015bci Niemcy, Polska, Cypr","potentialAction":[{"@type":"SearchAction","target":{"@type":"EntryPoint","urlTemplate":"https:\/\/realestatezajac.com\/?s={search_term_string}"},"query-input":{"@type":"PropertyValueSpecification","valueRequired":true,"valueName":"search_term_string"}}],"inLanguage":"de"}]}},"_links":{"self":[{"href":"https:\/\/realestatezajac.com\/de\/wp-json\/wp\/v2\/product\/2079","targetHints":{"allow":["GET"]}}],"collection":[{"href":"https:\/\/realestatezajac.com\/de\/wp-json\/wp\/v2\/product"}],"about":[{"href":"https:\/\/realestatezajac.com\/de\/wp-json\/wp\/v2\/types\/product"}],"version-history":[{"count":15,"href":"https:\/\/realestatezajac.com\/de\/wp-json\/wp\/v2\/product\/2079\/revisions"}],"predecessor-version":[{"id":2496,"href":"https:\/\/realestatezajac.com\/de\/wp-json\/wp\/v2\/product\/2079\/revisions\/2496"}],"wp:featuredmedia":[{"embeddable":true,"href":"https:\/\/realestatezajac.com\/de\/wp-json\/wp\/v2\/media\/2383"}],"wp:attachment":[{"href":"https:\/\/realestatezajac.com\/de\/wp-json\/wp\/v2\/media?parent=2079"}],"wp:term":[{"taxonomy":"product_brand","embeddable":true,"href":"https:\/\/realestatezajac.com\/de\/wp-json\/wp\/v2\/product_brand?post=2079"},{"taxonomy":"product_cat","embeddable":true,"href":"https:\/\/realestatezajac.com\/de\/wp-json\/wp\/v2\/product_cat?post=2079"},{"taxonomy":"product_tag","embeddable":true,"href":"https:\/\/realestatezajac.com\/de\/wp-json\/wp\/v2\/product_tag?post=2079"}],"curies":[{"name":"wp","href":"https:\/\/api.w.org\/{rel}","templated":true}]}}