{"id":1849,"date":"2025-11-09T17:55:36","date_gmt":"2025-11-09T17:55:36","guid":{"rendered":"https:\/\/realestatezajac.com\/?post_type=product&#038;p=1849"},"modified":"2025-11-17T19:59:12","modified_gmt":"2025-11-17T19:59:12","slug":"luxusvilla-mit-meerblick-in-der-nahe-von-meereshohlen","status":"publish","type":"product","link":"https:\/\/realestatezajac.com\/de\/immobilie\/luxusvilla-mit-meerblick-in-der-nahe-von-meereshohlen\/","title":{"rendered":"Villa Sea Caves \u2013 Luxusvilla mit Meerblick"},"content":{"rendered":"","protected":false},"excerpt":{"rendered":"<p data-start=\"83\" data-end=\"142\"><strong data-start=\"83\" data-end=\"140\">Villa Sea Caves \u2013 Luxusvilla mit Meerblick<\/strong><\/p>\n<p data-start=\"144\" data-end=\"290\">Diese moderne Villa mit 5 Schlafzimmern befindet sich in einer prestigetr\u00e4chtigen Gegend. <strong data-start=\"216\" data-end=\"229\">Sea Caves<\/strong> auf Zypern, mit atemberaubenden Ausblicken auf das Meer und die Natur.<\/p>\n<p data-start=\"292\" data-end=\"575\">Im Erdgeschoss befinden sich ein ger\u00e4umiges Wohnzimmer mit Essbereich und Kochnische, ein Schlafzimmer mit eigenem Bad, ein G\u00e4ste-WC sowie ein weiterer Raum, der als Arbeits- oder Schlafzimmer genutzt werden kann. Im ersten Stock befinden sich zwei gro\u00dfe Schlafzimmer mit begehbaren Kleiderschr\u00e4nken, Badezimmern und Zugang zu Terrassen mit Meerblick.<\/p>\n<p data-start=\"577\" data-end=\"729\">Im Untergeschoss befinden sich ein Fitnessraum, eine Sauna, eine Waschk\u00fcche, ein G\u00e4stezimmer und eine Doppelgarage. Ein privater Garten mit Pool sorgt f\u00fcr absolute Entspannung und Privatsph\u00e4re.<\/p>\n<p data-start=\"731\" data-end=\"987\">Die Villa liegt nur wenige Minuten von <strong data-start=\"774\" data-end=\"807\">Cap St Georges Hotel &amp; Resort<\/strong>Privatschulen, Gesch\u00e4fte, Restaurants und Str\u00e4nde befinden sich in der N\u00e4he. Die Bewohner haben Zugang zu den Annehmlichkeiten des Resorts \u2013 einem luxuri\u00f6sen Spa, einem Restaurant, einer Caf\u00e9-Bar, Sportanlagen und bewachten Str\u00e4nden.<\/p>","protected":false},"featured_media":1851,"template":"","meta":{"_acf_changed":false},"product_brand":[],"product_cat":[21,15],"product_tag":[],"class_list":{"0":"post-1849","1":"product","2":"type-product","3":"status-publish","4":"has-post-thumbnail","6":"product_cat-cypr","7":"product_cat-wszystkie","9":"first","10":"instock","11":"shipping-taxable","12":"product-type-simple"},"acf":[],"yoast_head":"<!-- This site is optimized with the Yoast SEO plugin v27.1.1 - https:\/\/yoast.com\/product\/yoast-seo-wordpress\/ -->\n<title>Villa Sea Caves - Luksusowa willa z widokiem na morze - Karolina Zaj\u0105c mi\u0119dzynarodowy agent nieruchomo\u015bci<\/title>\n<meta name=\"robots\" content=\"index, follow, max-snippet:-1, max-image-preview:large, max-video-preview:-1\" \/>\n<link rel=\"canonical\" href=\"https:\/\/realestatezajac.com\/de\/immobilie\/luxusvilla-mit-meerblick-in-der-nahe-von-meereshohlen\/\" \/>\n<meta property=\"og:locale\" content=\"de_DE\" \/>\n<meta property=\"og:type\" content=\"article\" \/>\n<meta property=\"og:title\" content=\"Villa Sea Caves - Luksusowa willa z widokiem na morze - Karolina Zaj\u0105c mi\u0119dzynarodowy agent nieruchomo\u015bci\" \/>\n<meta property=\"og:description\" content=\"Villa Sea Caves \u2013 Luksusowa willa z widokiem na morze Ta nowoczesna willa z 5 sypialniami po\u0142o\u017cona jest w presti\u017cowej okolicy Sea Caves na Cyprze, oferuj\u0105c zachwycaj\u0105ce widoki na morze i natur\u0119. Na parterze znajduje si\u0119 przestronny salon z jadalni\u0105 i aneksem kuchennym, sypialnia z \u0142azienk\u0105, toaleta dla go\u015bci oraz dodatkowy pok\u00f3j mog\u0105cy pe\u0142ni\u0107 funkcj\u0119 gabinetu lub sypialni. Na pi\u0119trze \u2013 dwie du\u017ce sypialnie z garderobami, \u0142azienkami i wyj\u015bciem na tarasy z widokiem na morze. W piwnicy mie\u015bci si\u0119 si\u0142ownia, sauna, pralnia, sypialnia go\u015bcinna oraz gara\u017c na dwa auta. Prywatny ogr\u00f3d i basen zapewniaj\u0105 pe\u0142en relaks i prywatno\u015b\u0107. Willa znajduje si\u0119 zaledwie kilka minut od Cap St Georges Hotel &amp; Resort, prywatnych szk\u00f3\u0142, sklep\u00f3w, restauracji i pla\u017c. Mieszka\u0144cy maj\u0105 dost\u0119p do udogodnie\u0144 resortu \u2013 luksusowego spa, restauracji, klubokawiarni, obiekt\u00f3w sportowych i pla\u017c z obs\u0142ug\u0105.\" \/>\n<meta property=\"og:url\" content=\"https:\/\/realestatezajac.com\/de\/immobilie\/luxusvilla-mit-meerblick-in-der-nahe-von-meereshohlen\/\" \/>\n<meta property=\"og:site_name\" content=\"Karolina Zaj\u0105c mi\u0119dzynarodowy agent nieruchomo\u015bci\" \/>\n<meta property=\"article:modified_time\" content=\"2025-11-17T19:59:12+00:00\" \/>\n<meta property=\"og:image\" content=\"https:\/\/realestatezajac.com\/wp-content\/uploads\/2025\/11\/PIC_VSC_EXT-1.jpg\" \/>\n\t<meta property=\"og:image:width\" content=\"1024\" \/>\n\t<meta property=\"og:image:height\" content=\"576\" \/>\n\t<meta property=\"og:image:type\" content=\"image\/jpeg\" \/>\n<meta name=\"twitter:card\" content=\"summary_large_image\" \/>\n<meta name=\"twitter:label1\" content=\"Gesch\u00e4tzte Lesezeit\" \/>\n\t<meta name=\"twitter:data1\" content=\"1\u00a0Minute\" \/>\n<script type=\"application\/ld+json\" class=\"yoast-schema-graph\">{\"@context\":\"https:\/\/schema.org\",\"@graph\":[{\"@type\":\"WebPage\",\"@id\":\"https:\/\/realestatezajac.com\/nieruchomosc\/villa-sea-caves-luksusowa-willa-z-widokiem-na-morze\/\",\"url\":\"https:\/\/realestatezajac.com\/nieruchomosc\/villa-sea-caves-luksusowa-willa-z-widokiem-na-morze\/\",\"name\":\"Villa Sea Caves - Luksusowa willa z widokiem na morze - Karolina Zaj\u0105c mi\u0119dzynarodowy agent nieruchomo\u015bci\",\"isPartOf\":{\"@id\":\"https:\/\/realestatezajac.com\/#website\"},\"primaryImageOfPage\":{\"@id\":\"https:\/\/realestatezajac.com\/nieruchomosc\/villa-sea-caves-luksusowa-willa-z-widokiem-na-morze\/#primaryimage\"},\"image\":{\"@id\":\"https:\/\/realestatezajac.com\/nieruchomosc\/villa-sea-caves-luksusowa-willa-z-widokiem-na-morze\/#primaryimage\"},\"thumbnailUrl\":\"https:\/\/realestatezajac.com\/wp-content\/uploads\/2025\/11\/PIC_VSC_EXT-1.jpg\",\"datePublished\":\"2025-11-09T17:55:36+00:00\",\"dateModified\":\"2025-11-17T19:59:12+00:00\",\"breadcrumb\":{\"@id\":\"https:\/\/realestatezajac.com\/nieruchomosc\/villa-sea-caves-luksusowa-willa-z-widokiem-na-morze\/#breadcrumb\"},\"inLanguage\":\"de\",\"potentialAction\":[{\"@type\":\"ReadAction\",\"target\":[\"https:\/\/realestatezajac.com\/nieruchomosc\/villa-sea-caves-luksusowa-willa-z-widokiem-na-morze\/\"]}]},{\"@type\":\"ImageObject\",\"inLanguage\":\"de\",\"@id\":\"https:\/\/realestatezajac.com\/nieruchomosc\/villa-sea-caves-luksusowa-willa-z-widokiem-na-morze\/#primaryimage\",\"url\":\"https:\/\/realestatezajac.com\/wp-content\/uploads\/2025\/11\/PIC_VSC_EXT-1.jpg\",\"contentUrl\":\"https:\/\/realestatezajac.com\/wp-content\/uploads\/2025\/11\/PIC_VSC_EXT-1.jpg\",\"width\":1024,\"height\":576},{\"@type\":\"BreadcrumbList\",\"@id\":\"https:\/\/realestatezajac.com\/nieruchomosc\/villa-sea-caves-luksusowa-willa-z-widokiem-na-morze\/#breadcrumb\",\"itemListElement\":[{\"@type\":\"ListItem\",\"position\":1,\"name\":\"Strona g\u0142\u00f3wna\",\"item\":\"https:\/\/realestatezajac.com\/\"},{\"@type\":\"ListItem\",\"position\":2,\"name\":\"Nieruchomo\u015bci\",\"item\":\"https:\/\/realestatezajac.com\/nieruchomosci\/\"},{\"@type\":\"ListItem\",\"position\":3,\"name\":\"Villa Sea Caves &#8211; Luksusowa willa z widokiem na morze\"}]},{\"@type\":\"WebSite\",\"@id\":\"https:\/\/realestatezajac.com\/#website\",\"url\":\"https:\/\/realestatezajac.com\/\",\"name\":\"Karolina Zaj\u0105c mi\u0119dzynarodowy agent nieruchomo\u015bci\",\"description\":\"agent nieruchomo\u015bci Niemcy, Polska, Cypr\",\"potentialAction\":[{\"@type\":\"SearchAction\",\"target\":{\"@type\":\"EntryPoint\",\"urlTemplate\":\"https:\/\/realestatezajac.com\/?s={search_term_string}\"},\"query-input\":{\"@type\":\"PropertyValueSpecification\",\"valueRequired\":true,\"valueName\":\"search_term_string\"}}],\"inLanguage\":\"de\"}]}<\/script>\n<!-- \/ Yoast SEO plugin. -->","yoast_head_json":{"title":"Villa Sea Caves - Luksusowa willa z widokiem na morze - Karolina Zaj\u0105c mi\u0119dzynarodowy agent nieruchomo\u015bci","robots":{"index":"index","follow":"follow","max-snippet":"max-snippet:-1","max-image-preview":"max-image-preview:large","max-video-preview":"max-video-preview:-1"},"canonical":"https:\/\/realestatezajac.com\/de\/immobilie\/luxusvilla-mit-meerblick-in-der-nahe-von-meereshohlen\/","og_locale":"de_DE","og_type":"article","og_title":"Villa Sea Caves - Luksusowa willa z widokiem na morze - Karolina Zaj\u0105c mi\u0119dzynarodowy agent nieruchomo\u015bci","og_description":"Villa Sea Caves \u2013 Luksusowa willa z widokiem na morze Ta nowoczesna willa z 5 sypialniami po\u0142o\u017cona jest w presti\u017cowej okolicy Sea Caves na Cyprze, oferuj\u0105c zachwycaj\u0105ce widoki na morze i natur\u0119. Na parterze znajduje si\u0119 przestronny salon z jadalni\u0105 i aneksem kuchennym, sypialnia z \u0142azienk\u0105, toaleta dla go\u015bci oraz dodatkowy pok\u00f3j mog\u0105cy pe\u0142ni\u0107 funkcj\u0119 gabinetu lub sypialni. Na pi\u0119trze \u2013 dwie du\u017ce sypialnie z garderobami, \u0142azienkami i wyj\u015bciem na tarasy z widokiem na morze. W piwnicy mie\u015bci si\u0119 si\u0142ownia, sauna, pralnia, sypialnia go\u015bcinna oraz gara\u017c na dwa auta. Prywatny ogr\u00f3d i basen zapewniaj\u0105 pe\u0142en relaks i prywatno\u015b\u0107. Willa znajduje si\u0119 zaledwie kilka minut od Cap St Georges Hotel &amp; Resort, prywatnych szk\u00f3\u0142, sklep\u00f3w, restauracji i pla\u017c. Mieszka\u0144cy maj\u0105 dost\u0119p do udogodnie\u0144 resortu \u2013 luksusowego spa, restauracji, klubokawiarni, obiekt\u00f3w sportowych i pla\u017c z obs\u0142ug\u0105.","og_url":"https:\/\/realestatezajac.com\/de\/immobilie\/luxusvilla-mit-meerblick-in-der-nahe-von-meereshohlen\/","og_site_name":"Karolina Zaj\u0105c mi\u0119dzynarodowy agent nieruchomo\u015bci","article_modified_time":"2025-11-17T19:59:12+00:00","og_image":[{"width":1024,"height":576,"url":"https:\/\/realestatezajac.com\/wp-content\/uploads\/2025\/11\/PIC_VSC_EXT-1.jpg","type":"image\/jpeg"}],"twitter_card":"summary_large_image","twitter_misc":{"Gesch\u00e4tzte Lesezeit":"1\u00a0Minute"},"schema":{"@context":"https:\/\/schema.org","@graph":[{"@type":"WebPage","@id":"https:\/\/realestatezajac.com\/nieruchomosc\/villa-sea-caves-luksusowa-willa-z-widokiem-na-morze\/","url":"https:\/\/realestatezajac.com\/nieruchomosc\/villa-sea-caves-luksusowa-willa-z-widokiem-na-morze\/","name":"Villa Sea Caves - Luksusowa willa z widokiem na morze - Karolina Zaj\u0105c mi\u0119dzynarodowy agent nieruchomo\u015bci","isPartOf":{"@id":"https:\/\/realestatezajac.com\/#website"},"primaryImageOfPage":{"@id":"https:\/\/realestatezajac.com\/nieruchomosc\/villa-sea-caves-luksusowa-willa-z-widokiem-na-morze\/#primaryimage"},"image":{"@id":"https:\/\/realestatezajac.com\/nieruchomosc\/villa-sea-caves-luksusowa-willa-z-widokiem-na-morze\/#primaryimage"},"thumbnailUrl":"https:\/\/realestatezajac.com\/wp-content\/uploads\/2025\/11\/PIC_VSC_EXT-1.jpg","datePublished":"2025-11-09T17:55:36+00:00","dateModified":"2025-11-17T19:59:12+00:00","breadcrumb":{"@id":"https:\/\/realestatezajac.com\/nieruchomosc\/villa-sea-caves-luksusowa-willa-z-widokiem-na-morze\/#breadcrumb"},"inLanguage":"de","potentialAction":[{"@type":"ReadAction","target":["https:\/\/realestatezajac.com\/nieruchomosc\/villa-sea-caves-luksusowa-willa-z-widokiem-na-morze\/"]}]},{"@type":"ImageObject","inLanguage":"de","@id":"https:\/\/realestatezajac.com\/nieruchomosc\/villa-sea-caves-luksusowa-willa-z-widokiem-na-morze\/#primaryimage","url":"https:\/\/realestatezajac.com\/wp-content\/uploads\/2025\/11\/PIC_VSC_EXT-1.jpg","contentUrl":"https:\/\/realestatezajac.com\/wp-content\/uploads\/2025\/11\/PIC_VSC_EXT-1.jpg","width":1024,"height":576},{"@type":"BreadcrumbList","@id":"https:\/\/realestatezajac.com\/nieruchomosc\/villa-sea-caves-luksusowa-willa-z-widokiem-na-morze\/#breadcrumb","itemListElement":[{"@type":"ListItem","position":1,"name":"Strona g\u0142\u00f3wna","item":"https:\/\/realestatezajac.com\/"},{"@type":"ListItem","position":2,"name":"Nieruchomo\u015bci","item":"https:\/\/realestatezajac.com\/nieruchomosci\/"},{"@type":"ListItem","position":3,"name":"Villa Sea Caves &#8211; Luksusowa willa z widokiem na morze"}]},{"@type":"WebSite","@id":"https:\/\/realestatezajac.com\/#website","url":"https:\/\/realestatezajac.com\/","name":"Karolina Zaj\u0105c mi\u0119dzynarodowy agent nieruchomo\u015bci","description":"agent nieruchomo\u015bci Niemcy, Polska, Cypr","potentialAction":[{"@type":"SearchAction","target":{"@type":"EntryPoint","urlTemplate":"https:\/\/realestatezajac.com\/?s={search_term_string}"},"query-input":{"@type":"PropertyValueSpecification","valueRequired":true,"valueName":"search_term_string"}}],"inLanguage":"de"}]}},"_links":{"self":[{"href":"https:\/\/realestatezajac.com\/de\/wp-json\/wp\/v2\/product\/1849","targetHints":{"allow":["GET"]}}],"collection":[{"href":"https:\/\/realestatezajac.com\/de\/wp-json\/wp\/v2\/product"}],"about":[{"href":"https:\/\/realestatezajac.com\/de\/wp-json\/wp\/v2\/types\/product"}],"version-history":[{"count":3,"href":"https:\/\/realestatezajac.com\/de\/wp-json\/wp\/v2\/product\/1849\/revisions"}],"predecessor-version":[{"id":1877,"href":"https:\/\/realestatezajac.com\/de\/wp-json\/wp\/v2\/product\/1849\/revisions\/1877"}],"wp:featuredmedia":[{"embeddable":true,"href":"https:\/\/realestatezajac.com\/de\/wp-json\/wp\/v2\/media\/1851"}],"wp:attachment":[{"href":"https:\/\/realestatezajac.com\/de\/wp-json\/wp\/v2\/media?parent=1849"}],"wp:term":[{"taxonomy":"product_brand","embeddable":true,"href":"https:\/\/realestatezajac.com\/de\/wp-json\/wp\/v2\/product_brand?post=1849"},{"taxonomy":"product_cat","embeddable":true,"href":"https:\/\/realestatezajac.com\/de\/wp-json\/wp\/v2\/product_cat?post=1849"},{"taxonomy":"product_tag","embeddable":true,"href":"https:\/\/realestatezajac.com\/de\/wp-json\/wp\/v2\/product_tag?post=1849"}],"curies":[{"name":"wp","href":"https:\/\/api.w.org\/{rel}","templated":true}]}}