{"id":1793,"date":"2025-10-29T14:05:37","date_gmt":"2025-10-29T14:05:37","guid":{"rendered":"https:\/\/realestatezajac.com\/?post_type=product&#038;p=1793"},"modified":"2026-04-25T19:36:48","modified_gmt":"2026-04-25T19:36:48","slug":"haus-zum-verkauf-kleve","status":"publish","type":"product","link":"https:\/\/realestatezajac.com\/de\/immobilie\/haus-zum-verkauf-kleve\/","title":{"rendered":"Kleve, Deutschland \u2013 Renoviertes Haus mit gro\u00dfz\u00fcgigem Garten und Investitionspotenzial"},"content":{"rendered":"","protected":false},"excerpt":{"rendered":"<p>Kleve-Kellen \u2013 Modernisiertes Einfamilienhaus mit gro\u00dfem Garten und Potenzial Zum Verkauf steht ein charmantes Einfamilienhaus in Reihenbauweise, gelegen in einer ruhigen, familienfreundlichen Wohngegend von Kleve-Kellen. Das Geb\u00e4ude wurde im Jahr 1910 erbaut, 1970 umfassend renoviert und ab 2020 modernisiert, wodurch es klassischen Charakter mit modernem Komfort verbindet. Im Erdgeschoss befinden sich ein ger\u00e4umiges Wohnzimmer, eine moderne Einbauk\u00fcche, ein Arbeits- oder G\u00e4stezimmer sowie ein separates G\u00e4ste-WC. Im Obergeschoss befinden sich drei weitere Schlafzimmer und ein helles Badezimmer mit Fenster. Im Untergeschoss befindet sich einKeller, der zus\u00e4tzlichen Stauraum und Platz f\u00fcr Haushalts- oder Lagerm\u00f6glichkeiten bietet. Der gepflegte, private Garten mit einer Fl\u00e4che von ca. 430 m\u00b2 und Terrasse bietet ideale Bedingungen zum Entspannen, Spielen mit Kindern oder zum Schaffen einer eigenen Ruhezone. Das Haus ist sofort bezugsfertig und bietet einen hohen Ausstattungsstandard sowie komfortablen Wohnraum f\u00fcr die ganze Familie.<\/p>","protected":false},"featured_media":2116,"template":"","meta":{"_acf_changed":false},"product_brand":[],"product_cat":[19,15],"product_tag":[],"class_list":{"0":"post-1793","1":"product","2":"type-product","3":"status-publish","4":"has-post-thumbnail","6":"product_cat-niemcy","7":"product_cat-wszystkie","9":"first","10":"instock","11":"shipping-taxable","12":"product-type-simple"},"acf":[],"yoast_head":"<!-- This site is optimized with the Yoast SEO plugin v27.1.1 - https:\/\/yoast.com\/product\/yoast-seo-wordpress\/ -->\n<title>Kleve, Niemcy - Dom po modernizacji z przestronnym ogrodem i potencja\u0142em inwestycyjnym - Karolina Zaj\u0105c mi\u0119dzynarodowy agent nieruchomo\u015bci<\/title>\n<meta name=\"robots\" content=\"index, follow, max-snippet:-1, max-image-preview:large, max-video-preview:-1\" \/>\n<link rel=\"canonical\" href=\"https:\/\/realestatezajac.com\/de\/immobilie\/haus-zum-verkauf-kleve\/\" \/>\n<meta property=\"og:locale\" content=\"de_DE\" \/>\n<meta property=\"og:type\" content=\"article\" \/>\n<meta property=\"og:title\" content=\"Kleve, Niemcy - Dom po modernizacji z przestronnym ogrodem i potencja\u0142em inwestycyjnym - Karolina Zaj\u0105c mi\u0119dzynarodowy agent nieruchomo\u015bci\" \/>\n<meta property=\"og:description\" content=\"Kleve-Kellen \u2013 Zmodernizowany dom jednorodzinny z du\u017cym ogrodem i potencja\u0142em O nieruchomo\u015bci: Na sprzeda\u017c oferowany jest urokliwy dom jednorodzinny w zabudowie szeregowej, po\u0142o\u017cony w spokojnej, rodzinnej cz\u0119\u015bci Kleve-Kellen. Budynek zosta\u0142 wzniesiony w 1910 roku, gruntownie odnowiony w 1970 roku i zmodernizowany od 2020 roku, dzi\u0119ki czemu \u0142\u0105czy klasyczny charakter z nowoczesnym komfortem. Na parterze znajduje si\u0119 przestronny salon, nowoczesna kuchnia w zabudowie, gabinet lub pok\u00f3j go\u015bcinny oraz osobne WC dla go\u015bci. Na pi\u0119trze usytuowano kolejne 3 sypialnie oraz jasna \u0142azienka z oknem. Dodatkowo do dyspozycji pozostaje piwnica, zapewniaj\u0105ca praktyczn\u0105 przestrze\u0144 do przechowywania. Zadbany, prywatny ogr\u00f3d o powierzchni ok. 430 m\u00b2 z tarasem to idealne miejsce do wypoczynku, zabawy z dzie\u0107mi lub stworzenia w\u0142asnej strefy relaksu. Dom jest gotowy do wprowadzenia, oferuj\u0105c wysoki standard wyko\u0144czenia oraz komfortow\u0105 przestrze\u0144 do \u017cycia dla rodziny lub inwestora.\" \/>\n<meta property=\"og:url\" content=\"https:\/\/realestatezajac.com\/de\/immobilie\/haus-zum-verkauf-kleve\/\" \/>\n<meta property=\"og:site_name\" content=\"Karolina Zaj\u0105c mi\u0119dzynarodowy agent nieruchomo\u015bci\" \/>\n<meta property=\"article:modified_time\" content=\"2026-04-25T19:36:48+00:00\" \/>\n<meta property=\"og:image\" content=\"https:\/\/realestatezajac.com\/wp-content\/uploads\/2025\/10\/nieruchomosci-kleve-kellen-1024x768.png\" \/>\n\t<meta property=\"og:image:width\" content=\"1024\" \/>\n\t<meta property=\"og:image:height\" content=\"768\" \/>\n\t<meta property=\"og:image:type\" content=\"image\/png\" \/>\n<meta name=\"twitter:card\" content=\"summary_large_image\" \/>\n<meta name=\"twitter:label1\" content=\"Gesch\u00e4tzte Lesezeit\" \/>\n\t<meta name=\"twitter:data1\" content=\"1\u00a0Minute\" \/>\n<script type=\"application\/ld+json\" class=\"yoast-schema-graph\">{\"@context\":\"https:\/\/schema.org\",\"@graph\":[{\"@type\":\"WebPage\",\"@id\":\"https:\/\/realestatezajac.com\/nieruchomosc\/dom-na-sprzedaz-niemcy-kleve\/\",\"url\":\"https:\/\/realestatezajac.com\/nieruchomosc\/dom-na-sprzedaz-niemcy-kleve\/\",\"name\":\"Kleve, Niemcy - Dom po modernizacji z przestronnym ogrodem i potencja\u0142em inwestycyjnym - Karolina Zaj\u0105c mi\u0119dzynarodowy agent nieruchomo\u015bci\",\"isPartOf\":{\"@id\":\"https:\/\/realestatezajac.com\/#website\"},\"primaryImageOfPage\":{\"@id\":\"https:\/\/realestatezajac.com\/nieruchomosc\/dom-na-sprzedaz-niemcy-kleve\/#primaryimage\"},\"image\":{\"@id\":\"https:\/\/realestatezajac.com\/nieruchomosc\/dom-na-sprzedaz-niemcy-kleve\/#primaryimage\"},\"thumbnailUrl\":\"https:\/\/realestatezajac.com\/wp-content\/uploads\/2025\/10\/nieruchomosci-kleve-kellen-scaled.png\",\"datePublished\":\"2025-10-29T14:05:37+00:00\",\"dateModified\":\"2026-04-25T19:36:48+00:00\",\"breadcrumb\":{\"@id\":\"https:\/\/realestatezajac.com\/nieruchomosc\/dom-na-sprzedaz-niemcy-kleve\/#breadcrumb\"},\"inLanguage\":\"de\",\"potentialAction\":[{\"@type\":\"ReadAction\",\"target\":[\"https:\/\/realestatezajac.com\/nieruchomosc\/dom-na-sprzedaz-niemcy-kleve\/\"]}]},{\"@type\":\"ImageObject\",\"inLanguage\":\"de\",\"@id\":\"https:\/\/realestatezajac.com\/nieruchomosc\/dom-na-sprzedaz-niemcy-kleve\/#primaryimage\",\"url\":\"https:\/\/realestatezajac.com\/wp-content\/uploads\/2025\/10\/nieruchomosci-kleve-kellen-scaled.png\",\"contentUrl\":\"https:\/\/realestatezajac.com\/wp-content\/uploads\/2025\/10\/nieruchomosci-kleve-kellen-scaled.png\",\"width\":2560,\"height\":1920},{\"@type\":\"BreadcrumbList\",\"@id\":\"https:\/\/realestatezajac.com\/nieruchomosc\/dom-na-sprzedaz-niemcy-kleve\/#breadcrumb\",\"itemListElement\":[{\"@type\":\"ListItem\",\"position\":1,\"name\":\"Strona g\u0142\u00f3wna\",\"item\":\"https:\/\/realestatezajac.com\/\"},{\"@type\":\"ListItem\",\"position\":2,\"name\":\"Nieruchomo\u015bci\",\"item\":\"https:\/\/realestatezajac.com\/nieruchomosci\/\"},{\"@type\":\"ListItem\",\"position\":3,\"name\":\"Kleve, Niemcy &#8211; Dom po modernizacji z przestronnym ogrodem i potencja\u0142em inwestycyjnym\"}]},{\"@type\":\"WebSite\",\"@id\":\"https:\/\/realestatezajac.com\/#website\",\"url\":\"https:\/\/realestatezajac.com\/\",\"name\":\"Karolina Zaj\u0105c mi\u0119dzynarodowy agent nieruchomo\u015bci\",\"description\":\"agent nieruchomo\u015bci Niemcy, Polska, Cypr\",\"potentialAction\":[{\"@type\":\"SearchAction\",\"target\":{\"@type\":\"EntryPoint\",\"urlTemplate\":\"https:\/\/realestatezajac.com\/?s={search_term_string}\"},\"query-input\":{\"@type\":\"PropertyValueSpecification\",\"valueRequired\":true,\"valueName\":\"search_term_string\"}}],\"inLanguage\":\"de\"}]}<\/script>\n<!-- \/ Yoast SEO plugin. -->","yoast_head_json":{"title":"Kleve, Niemcy - Dom po modernizacji z przestronnym ogrodem i potencja\u0142em inwestycyjnym - Karolina Zaj\u0105c mi\u0119dzynarodowy agent nieruchomo\u015bci","robots":{"index":"index","follow":"follow","max-snippet":"max-snippet:-1","max-image-preview":"max-image-preview:large","max-video-preview":"max-video-preview:-1"},"canonical":"https:\/\/realestatezajac.com\/de\/immobilie\/haus-zum-verkauf-kleve\/","og_locale":"de_DE","og_type":"article","og_title":"Kleve, Niemcy - Dom po modernizacji z przestronnym ogrodem i potencja\u0142em inwestycyjnym - Karolina Zaj\u0105c mi\u0119dzynarodowy agent nieruchomo\u015bci","og_description":"Kleve-Kellen \u2013 Zmodernizowany dom jednorodzinny z du\u017cym ogrodem i potencja\u0142em O nieruchomo\u015bci: Na sprzeda\u017c oferowany jest urokliwy dom jednorodzinny w zabudowie szeregowej, po\u0142o\u017cony w spokojnej, rodzinnej cz\u0119\u015bci Kleve-Kellen. Budynek zosta\u0142 wzniesiony w 1910 roku, gruntownie odnowiony w 1970 roku i zmodernizowany od 2020 roku, dzi\u0119ki czemu \u0142\u0105czy klasyczny charakter z nowoczesnym komfortem. Na parterze znajduje si\u0119 przestronny salon, nowoczesna kuchnia w zabudowie, gabinet lub pok\u00f3j go\u015bcinny oraz osobne WC dla go\u015bci. Na pi\u0119trze usytuowano kolejne 3 sypialnie oraz jasna \u0142azienka z oknem. Dodatkowo do dyspozycji pozostaje piwnica, zapewniaj\u0105ca praktyczn\u0105 przestrze\u0144 do przechowywania. Zadbany, prywatny ogr\u00f3d o powierzchni ok. 430 m\u00b2 z tarasem to idealne miejsce do wypoczynku, zabawy z dzie\u0107mi lub stworzenia w\u0142asnej strefy relaksu. Dom jest gotowy do wprowadzenia, oferuj\u0105c wysoki standard wyko\u0144czenia oraz komfortow\u0105 przestrze\u0144 do \u017cycia dla rodziny lub inwestora.","og_url":"https:\/\/realestatezajac.com\/de\/immobilie\/haus-zum-verkauf-kleve\/","og_site_name":"Karolina Zaj\u0105c mi\u0119dzynarodowy agent nieruchomo\u015bci","article_modified_time":"2026-04-25T19:36:48+00:00","og_image":[{"width":1024,"height":768,"url":"https:\/\/realestatezajac.com\/wp-content\/uploads\/2025\/10\/nieruchomosci-kleve-kellen-1024x768.png","type":"image\/png"}],"twitter_card":"summary_large_image","twitter_misc":{"Gesch\u00e4tzte Lesezeit":"1\u00a0Minute"},"schema":{"@context":"https:\/\/schema.org","@graph":[{"@type":"WebPage","@id":"https:\/\/realestatezajac.com\/nieruchomosc\/dom-na-sprzedaz-niemcy-kleve\/","url":"https:\/\/realestatezajac.com\/nieruchomosc\/dom-na-sprzedaz-niemcy-kleve\/","name":"Kleve, Niemcy - Dom po modernizacji z przestronnym ogrodem i potencja\u0142em inwestycyjnym - Karolina Zaj\u0105c mi\u0119dzynarodowy agent nieruchomo\u015bci","isPartOf":{"@id":"https:\/\/realestatezajac.com\/#website"},"primaryImageOfPage":{"@id":"https:\/\/realestatezajac.com\/nieruchomosc\/dom-na-sprzedaz-niemcy-kleve\/#primaryimage"},"image":{"@id":"https:\/\/realestatezajac.com\/nieruchomosc\/dom-na-sprzedaz-niemcy-kleve\/#primaryimage"},"thumbnailUrl":"https:\/\/realestatezajac.com\/wp-content\/uploads\/2025\/10\/nieruchomosci-kleve-kellen-scaled.png","datePublished":"2025-10-29T14:05:37+00:00","dateModified":"2026-04-25T19:36:48+00:00","breadcrumb":{"@id":"https:\/\/realestatezajac.com\/nieruchomosc\/dom-na-sprzedaz-niemcy-kleve\/#breadcrumb"},"inLanguage":"de","potentialAction":[{"@type":"ReadAction","target":["https:\/\/realestatezajac.com\/nieruchomosc\/dom-na-sprzedaz-niemcy-kleve\/"]}]},{"@type":"ImageObject","inLanguage":"de","@id":"https:\/\/realestatezajac.com\/nieruchomosc\/dom-na-sprzedaz-niemcy-kleve\/#primaryimage","url":"https:\/\/realestatezajac.com\/wp-content\/uploads\/2025\/10\/nieruchomosci-kleve-kellen-scaled.png","contentUrl":"https:\/\/realestatezajac.com\/wp-content\/uploads\/2025\/10\/nieruchomosci-kleve-kellen-scaled.png","width":2560,"height":1920},{"@type":"BreadcrumbList","@id":"https:\/\/realestatezajac.com\/nieruchomosc\/dom-na-sprzedaz-niemcy-kleve\/#breadcrumb","itemListElement":[{"@type":"ListItem","position":1,"name":"Strona g\u0142\u00f3wna","item":"https:\/\/realestatezajac.com\/"},{"@type":"ListItem","position":2,"name":"Nieruchomo\u015bci","item":"https:\/\/realestatezajac.com\/nieruchomosci\/"},{"@type":"ListItem","position":3,"name":"Kleve, Niemcy &#8211; Dom po modernizacji z przestronnym ogrodem i potencja\u0142em inwestycyjnym"}]},{"@type":"WebSite","@id":"https:\/\/realestatezajac.com\/#website","url":"https:\/\/realestatezajac.com\/","name":"Karolina Zaj\u0105c mi\u0119dzynarodowy agent nieruchomo\u015bci","description":"agent nieruchomo\u015bci Niemcy, Polska, Cypr","potentialAction":[{"@type":"SearchAction","target":{"@type":"EntryPoint","urlTemplate":"https:\/\/realestatezajac.com\/?s={search_term_string}"},"query-input":{"@type":"PropertyValueSpecification","valueRequired":true,"valueName":"search_term_string"}}],"inLanguage":"de"}]}},"_links":{"self":[{"href":"https:\/\/realestatezajac.com\/de\/wp-json\/wp\/v2\/product\/1793","targetHints":{"allow":["GET"]}}],"collection":[{"href":"https:\/\/realestatezajac.com\/de\/wp-json\/wp\/v2\/product"}],"about":[{"href":"https:\/\/realestatezajac.com\/de\/wp-json\/wp\/v2\/types\/product"}],"version-history":[{"count":15,"href":"https:\/\/realestatezajac.com\/de\/wp-json\/wp\/v2\/product\/1793\/revisions"}],"predecessor-version":[{"id":2486,"href":"https:\/\/realestatezajac.com\/de\/wp-json\/wp\/v2\/product\/1793\/revisions\/2486"}],"wp:featuredmedia":[{"embeddable":true,"href":"https:\/\/realestatezajac.com\/de\/wp-json\/wp\/v2\/media\/2116"}],"wp:attachment":[{"href":"https:\/\/realestatezajac.com\/de\/wp-json\/wp\/v2\/media?parent=1793"}],"wp:term":[{"taxonomy":"product_brand","embeddable":true,"href":"https:\/\/realestatezajac.com\/de\/wp-json\/wp\/v2\/product_brand?post=1793"},{"taxonomy":"product_cat","embeddable":true,"href":"https:\/\/realestatezajac.com\/de\/wp-json\/wp\/v2\/product_cat?post=1793"},{"taxonomy":"product_tag","embeddable":true,"href":"https:\/\/realestatezajac.com\/de\/wp-json\/wp\/v2\/product_tag?post=1793"}],"curies":[{"name":"wp","href":"https:\/\/api.w.org\/{rel}","templated":true}]}}