{"id":1647,"date":"2025-09-08T21:20:27","date_gmt":"2025-09-08T21:20:27","guid":{"rendered":"https:\/\/realestatezajac.com\/?post_type=product&#038;p=1647"},"modified":"2025-12-29T14:53:05","modified_gmt":"2025-12-29T14:53:05","slug":"golden-view-style-pegeia-edition","status":"publish","type":"product","link":"https:\/\/realestatezajac.com\/de\/immobilie\/golden-view-style-pegeia-edition\/","title":{"rendered":"Golden View Style \u2013 Pegeia Edition"},"content":{"rendered":"","protected":false},"excerpt":{"rendered":"<p class=\"p1 translation-block\">Golden View Style \u2013 Pegeia Edition ist ein moderner Komplex eleganter, kompakter Villen, inspiriert vom renommierten Golden View-Design. Er vereint Komfort, Funktionalit\u00e4t und h\u00f6chste Qualit\u00e4t in einer der begehrtesten Lagen der Region Paphos.<\/p>\n<p class=\"p1\">Das Projekt umfasst eine kleine Anzahl von H\u00e4usern \u2013 jedes mit 3 Schlafzimmern, einem privaten Garten, gro\u00dfen Fensterfl\u00e4chen und Zugang zu einem Gemeinschaftspool.<br \/>\nAlle Einheiten werden komplett m\u00f6bliert und ausgestattet angeboten und sind sofort bezugsfertig oder zur Miete erh\u00e4ltlich.<\/p>\n<p class=\"p1\"><span style=\"color: #ff0000;\">Hinweis: Die verwendeten Fotos und Visualisierungen stammen aus dem Projekt Golden View und dienen als anschauliches Beispiel f\u00fcr den Ausf\u00fchrungsstil und den Investitionsstandard.<\/span><\/p>","protected":false},"featured_media":1666,"template":"","meta":{"_acf_changed":false},"product_brand":[],"product_cat":[21,15],"product_tag":[],"class_list":{"0":"post-1647","1":"product","2":"type-product","3":"status-publish","4":"has-post-thumbnail","6":"product_cat-cypr","7":"product_cat-wszystkie","9":"first","10":"instock","11":"shipping-taxable","12":"product-type-simple"},"acf":[],"yoast_head":"<!-- This site is optimized with the Yoast SEO plugin v27.1.1 - https:\/\/yoast.com\/product\/yoast-seo-wordpress\/ -->\n<title>Golden View Style \u2013 Pegeia Edition - Karolina Zaj\u0105c mi\u0119dzynarodowy agent nieruchomo\u015bci<\/title>\n<meta name=\"robots\" content=\"index, follow, max-snippet:-1, max-image-preview:large, max-video-preview:-1\" \/>\n<link rel=\"canonical\" href=\"https:\/\/realestatezajac.com\/de\/immobilie\/golden-view-style-pegeia-edition\/\" \/>\n<meta property=\"og:locale\" content=\"de_DE\" \/>\n<meta property=\"og:type\" content=\"article\" \/>\n<meta property=\"og:title\" content=\"Golden View Style \u2013 Pegeia Edition - Karolina Zaj\u0105c mi\u0119dzynarodowy agent nieruchomo\u015bci\" \/>\n<meta property=\"og:description\" content=\"Golden View Style \u2013 Pegeia Edition to nowoczesny kompleks eleganckich, kompaktowych willi inspirowanych cenionym projektem Golden View. To po\u0142\u0105czenie wygody, funkcjonalno\u015bci i wysokiej jako\u015bci w jednej z najbardziej poszukiwanych lokalizacji w regionie Pafos. Projekt obejmuje niewielk\u0105 liczb\u0119 dom\u00f3w \u2013 ka\u017cdy z 3 sypialniami, prywatnym ogr\u00f3dkiem, du\u017cymi przeszkleniami i dost\u0119pem do wsp\u00f3lnego basenu. Wszystkie jednostki oferowane s\u0105 w pe\u0142ni umeblowane i wyposa\u017cone, gotowe do zamieszkania lub wynajmu. Uwaga: wykorzystane zdj\u0119cia i wizualizacje pochodz\u0105 z projektu Golden View i s\u0142u\u017c\u0105 jako pogl\u0105dowy przyk\u0142ad stylu wyko\u0144czenia i standardu inwestycji.\" \/>\n<meta property=\"og:url\" content=\"https:\/\/realestatezajac.com\/de\/immobilie\/golden-view-style-pegeia-edition\/\" \/>\n<meta property=\"og:site_name\" content=\"Karolina Zaj\u0105c mi\u0119dzynarodowy agent nieruchomo\u015bci\" \/>\n<meta property=\"article:modified_time\" content=\"2025-12-29T14:53:05+00:00\" \/>\n<meta property=\"og:image\" content=\"https:\/\/realestatezajac.com\/wp-content\/uploads\/2025\/09\/PIC_PGV_V7-3.jpg\" \/>\n\t<meta property=\"og:image:width\" content=\"1024\" \/>\n\t<meta property=\"og:image:height\" content=\"683\" \/>\n\t<meta property=\"og:image:type\" content=\"image\/jpeg\" \/>\n<meta name=\"twitter:card\" content=\"summary_large_image\" \/>\n<meta name=\"twitter:label1\" content=\"Gesch\u00e4tzte Lesezeit\" \/>\n\t<meta name=\"twitter:data1\" content=\"1\u00a0Minute\" \/>\n<script type=\"application\/ld+json\" class=\"yoast-schema-graph\">{\"@context\":\"https:\/\/schema.org\",\"@graph\":[{\"@type\":\"WebPage\",\"@id\":\"https:\/\/realestatezajac.com\/nieruchomosc\/golden-view-style-pegeia-edition\/\",\"url\":\"https:\/\/realestatezajac.com\/nieruchomosc\/golden-view-style-pegeia-edition\/\",\"name\":\"Golden View Style \u2013 Pegeia Edition - Karolina Zaj\u0105c mi\u0119dzynarodowy agent nieruchomo\u015bci\",\"isPartOf\":{\"@id\":\"https:\/\/realestatezajac.com\/#website\"},\"primaryImageOfPage\":{\"@id\":\"https:\/\/realestatezajac.com\/nieruchomosc\/golden-view-style-pegeia-edition\/#primaryimage\"},\"image\":{\"@id\":\"https:\/\/realestatezajac.com\/nieruchomosc\/golden-view-style-pegeia-edition\/#primaryimage\"},\"thumbnailUrl\":\"https:\/\/realestatezajac.com\/wp-content\/uploads\/2025\/09\/PIC_PGV_V7-3.jpg\",\"datePublished\":\"2025-09-08T21:20:27+00:00\",\"dateModified\":\"2025-12-29T14:53:05+00:00\",\"breadcrumb\":{\"@id\":\"https:\/\/realestatezajac.com\/nieruchomosc\/golden-view-style-pegeia-edition\/#breadcrumb\"},\"inLanguage\":\"de\",\"potentialAction\":[{\"@type\":\"ReadAction\",\"target\":[\"https:\/\/realestatezajac.com\/nieruchomosc\/golden-view-style-pegeia-edition\/\"]}]},{\"@type\":\"ImageObject\",\"inLanguage\":\"de\",\"@id\":\"https:\/\/realestatezajac.com\/nieruchomosc\/golden-view-style-pegeia-edition\/#primaryimage\",\"url\":\"https:\/\/realestatezajac.com\/wp-content\/uploads\/2025\/09\/PIC_PGV_V7-3.jpg\",\"contentUrl\":\"https:\/\/realestatezajac.com\/wp-content\/uploads\/2025\/09\/PIC_PGV_V7-3.jpg\",\"width\":1024,\"height\":683},{\"@type\":\"BreadcrumbList\",\"@id\":\"https:\/\/realestatezajac.com\/nieruchomosc\/golden-view-style-pegeia-edition\/#breadcrumb\",\"itemListElement\":[{\"@type\":\"ListItem\",\"position\":1,\"name\":\"Strona g\u0142\u00f3wna\",\"item\":\"https:\/\/realestatezajac.com\/\"},{\"@type\":\"ListItem\",\"position\":2,\"name\":\"Nieruchomo\u015bci\",\"item\":\"https:\/\/realestatezajac.com\/nieruchomosci\/\"},{\"@type\":\"ListItem\",\"position\":3,\"name\":\"Golden View Style \u2013 Pegeia Edition\"}]},{\"@type\":\"WebSite\",\"@id\":\"https:\/\/realestatezajac.com\/#website\",\"url\":\"https:\/\/realestatezajac.com\/\",\"name\":\"Karolina Zaj\u0105c mi\u0119dzynarodowy agent nieruchomo\u015bci\",\"description\":\"agent nieruchomo\u015bci Niemcy, Polska, Cypr\",\"potentialAction\":[{\"@type\":\"SearchAction\",\"target\":{\"@type\":\"EntryPoint\",\"urlTemplate\":\"https:\/\/realestatezajac.com\/?s={search_term_string}\"},\"query-input\":{\"@type\":\"PropertyValueSpecification\",\"valueRequired\":true,\"valueName\":\"search_term_string\"}}],\"inLanguage\":\"de\"}]}<\/script>\n<!-- \/ Yoast SEO plugin. -->","yoast_head_json":{"title":"Golden View Style \u2013 Pegeia Edition - Karolina Zaj\u0105c mi\u0119dzynarodowy agent nieruchomo\u015bci","robots":{"index":"index","follow":"follow","max-snippet":"max-snippet:-1","max-image-preview":"max-image-preview:large","max-video-preview":"max-video-preview:-1"},"canonical":"https:\/\/realestatezajac.com\/de\/immobilie\/golden-view-style-pegeia-edition\/","og_locale":"de_DE","og_type":"article","og_title":"Golden View Style \u2013 Pegeia Edition - Karolina Zaj\u0105c mi\u0119dzynarodowy agent nieruchomo\u015bci","og_description":"Golden View Style \u2013 Pegeia Edition to nowoczesny kompleks eleganckich, kompaktowych willi inspirowanych cenionym projektem Golden View. To po\u0142\u0105czenie wygody, funkcjonalno\u015bci i wysokiej jako\u015bci w jednej z najbardziej poszukiwanych lokalizacji w regionie Pafos. Projekt obejmuje niewielk\u0105 liczb\u0119 dom\u00f3w \u2013 ka\u017cdy z 3 sypialniami, prywatnym ogr\u00f3dkiem, du\u017cymi przeszkleniami i dost\u0119pem do wsp\u00f3lnego basenu. Wszystkie jednostki oferowane s\u0105 w pe\u0142ni umeblowane i wyposa\u017cone, gotowe do zamieszkania lub wynajmu. Uwaga: wykorzystane zdj\u0119cia i wizualizacje pochodz\u0105 z projektu Golden View i s\u0142u\u017c\u0105 jako pogl\u0105dowy przyk\u0142ad stylu wyko\u0144czenia i standardu inwestycji.","og_url":"https:\/\/realestatezajac.com\/de\/immobilie\/golden-view-style-pegeia-edition\/","og_site_name":"Karolina Zaj\u0105c mi\u0119dzynarodowy agent nieruchomo\u015bci","article_modified_time":"2025-12-29T14:53:05+00:00","og_image":[{"width":1024,"height":683,"url":"https:\/\/realestatezajac.com\/wp-content\/uploads\/2025\/09\/PIC_PGV_V7-3.jpg","type":"image\/jpeg"}],"twitter_card":"summary_large_image","twitter_misc":{"Gesch\u00e4tzte Lesezeit":"1\u00a0Minute"},"schema":{"@context":"https:\/\/schema.org","@graph":[{"@type":"WebPage","@id":"https:\/\/realestatezajac.com\/nieruchomosc\/golden-view-style-pegeia-edition\/","url":"https:\/\/realestatezajac.com\/nieruchomosc\/golden-view-style-pegeia-edition\/","name":"Golden View Style \u2013 Pegeia Edition - Karolina Zaj\u0105c mi\u0119dzynarodowy agent nieruchomo\u015bci","isPartOf":{"@id":"https:\/\/realestatezajac.com\/#website"},"primaryImageOfPage":{"@id":"https:\/\/realestatezajac.com\/nieruchomosc\/golden-view-style-pegeia-edition\/#primaryimage"},"image":{"@id":"https:\/\/realestatezajac.com\/nieruchomosc\/golden-view-style-pegeia-edition\/#primaryimage"},"thumbnailUrl":"https:\/\/realestatezajac.com\/wp-content\/uploads\/2025\/09\/PIC_PGV_V7-3.jpg","datePublished":"2025-09-08T21:20:27+00:00","dateModified":"2025-12-29T14:53:05+00:00","breadcrumb":{"@id":"https:\/\/realestatezajac.com\/nieruchomosc\/golden-view-style-pegeia-edition\/#breadcrumb"},"inLanguage":"de","potentialAction":[{"@type":"ReadAction","target":["https:\/\/realestatezajac.com\/nieruchomosc\/golden-view-style-pegeia-edition\/"]}]},{"@type":"ImageObject","inLanguage":"de","@id":"https:\/\/realestatezajac.com\/nieruchomosc\/golden-view-style-pegeia-edition\/#primaryimage","url":"https:\/\/realestatezajac.com\/wp-content\/uploads\/2025\/09\/PIC_PGV_V7-3.jpg","contentUrl":"https:\/\/realestatezajac.com\/wp-content\/uploads\/2025\/09\/PIC_PGV_V7-3.jpg","width":1024,"height":683},{"@type":"BreadcrumbList","@id":"https:\/\/realestatezajac.com\/nieruchomosc\/golden-view-style-pegeia-edition\/#breadcrumb","itemListElement":[{"@type":"ListItem","position":1,"name":"Strona g\u0142\u00f3wna","item":"https:\/\/realestatezajac.com\/"},{"@type":"ListItem","position":2,"name":"Nieruchomo\u015bci","item":"https:\/\/realestatezajac.com\/nieruchomosci\/"},{"@type":"ListItem","position":3,"name":"Golden View Style \u2013 Pegeia Edition"}]},{"@type":"WebSite","@id":"https:\/\/realestatezajac.com\/#website","url":"https:\/\/realestatezajac.com\/","name":"Karolina Zaj\u0105c mi\u0119dzynarodowy agent nieruchomo\u015bci","description":"agent nieruchomo\u015bci Niemcy, Polska, Cypr","potentialAction":[{"@type":"SearchAction","target":{"@type":"EntryPoint","urlTemplate":"https:\/\/realestatezajac.com\/?s={search_term_string}"},"query-input":{"@type":"PropertyValueSpecification","valueRequired":true,"valueName":"search_term_string"}}],"inLanguage":"de"}]}},"_links":{"self":[{"href":"https:\/\/realestatezajac.com\/de\/wp-json\/wp\/v2\/product\/1647","targetHints":{"allow":["GET"]}}],"collection":[{"href":"https:\/\/realestatezajac.com\/de\/wp-json\/wp\/v2\/product"}],"about":[{"href":"https:\/\/realestatezajac.com\/de\/wp-json\/wp\/v2\/types\/product"}],"version-history":[{"count":6,"href":"https:\/\/realestatezajac.com\/de\/wp-json\/wp\/v2\/product\/1647\/revisions"}],"predecessor-version":[{"id":2125,"href":"https:\/\/realestatezajac.com\/de\/wp-json\/wp\/v2\/product\/1647\/revisions\/2125"}],"wp:featuredmedia":[{"embeddable":true,"href":"https:\/\/realestatezajac.com\/de\/wp-json\/wp\/v2\/media\/1666"}],"wp:attachment":[{"href":"https:\/\/realestatezajac.com\/de\/wp-json\/wp\/v2\/media?parent=1647"}],"wp:term":[{"taxonomy":"product_brand","embeddable":true,"href":"https:\/\/realestatezajac.com\/de\/wp-json\/wp\/v2\/product_brand?post=1647"},{"taxonomy":"product_cat","embeddable":true,"href":"https:\/\/realestatezajac.com\/de\/wp-json\/wp\/v2\/product_cat?post=1647"},{"taxonomy":"product_tag","embeddable":true,"href":"https:\/\/realestatezajac.com\/de\/wp-json\/wp\/v2\/product_tag?post=1647"}],"curies":[{"name":"wp","href":"https:\/\/api.w.org\/{rel}","templated":true}]}}