{"id":377,"date":"2025-08-23T18:29:41","date_gmt":"2025-08-23T18:29:41","guid":{"rendered":"https:\/\/www.realestatezajac.com\/?page_id=377"},"modified":"2025-09-05T18:20:08","modified_gmt":"2025-09-05T18:20:08","slug":"leistungsumfang","status":"publish","type":"page","link":"https:\/\/realestatezajac.com\/de\/leistungsumfang\/","title":{"rendered":"Mein Leistungsangebot"},"content":{"rendered":"<div data-elementor-type=\"wp-page\" data-elementor-id=\"377\" class=\"elementor elementor-377\">\n\t\t\t\t<div class=\"wd-negative-gap elementor-element elementor-element-7526ff9 wd-section-stretch e-flex e-con-boxed e-con e-parent\" data-id=\"7526ff9\" data-element_type=\"container\" data-e-type=\"container\" data-settings=\"{&quot;background_background&quot;:&quot;classic&quot;}\">\n\t\t\t\t\t<div class=\"e-con-inner\">\n\t\t<div class=\"elementor-element elementor-element-4eb53fc e-con-full e-flex e-con e-child\" data-id=\"4eb53fc\" data-element_type=\"container\" data-e-type=\"container\">\n\t\t\t\t<div class=\"elementor-element elementor-element-9410d95 elementor-widget elementor-widget-heading\" data-id=\"9410d95\" data-element_type=\"widget\" data-e-type=\"widget\" data-widget_type=\"heading.default\">\n\t\t\t\t\t<h1 class=\"elementor-heading-title elementor-size-default\">Mein Leistungsangebot<\/h1>\t\t\t\t<\/div>\n\t\t\t\t<div class=\"elementor-element elementor-element-843a76b elementor-widget elementor-widget-heading\" data-id=\"843a76b\" data-element_type=\"widget\" data-e-type=\"widget\" data-widget_type=\"heading.default\">\n\t\t\t\t\t<h1 class=\"elementor-heading-title elementor-size-default\">Angebot<\/h1>\t\t\t\t<\/div>\n\t\t\t\t<div class=\"elementor-element elementor-element-98a3251 elementor-widget__width-initial elementor-widget elementor-widget-heading\" data-id=\"98a3251\" data-element_type=\"widget\" data-e-type=\"widget\" data-widget_type=\"heading.default\">\n\t\t\t\t\t<p class=\"elementor-heading-title elementor-size-default\">Zajac Real Estate bedeutet mehr als klassische Immobilienvermittlung.\u2028 Es steht f\u00fcr strategische Begleitung, Vertrauen und Sicherheit \u2013\u2028 mit einer pers\u00f6nlichen Betreuung, die weit \u00fcber den Notartermin hinausgeht\n<\/p>\t\t\t\t<\/div>\n\t\t\t\t<\/div>\n\t\t\t\t\t<\/div>\n\t\t\t\t<\/div>\n\t\t<div class=\"wd-negative-gap elementor-element elementor-element-10a0d6d wd-section-stretch e-flex e-con-boxed e-con e-parent\" data-id=\"10a0d6d\" data-element_type=\"container\" data-e-type=\"container\">\n\t\t\t\t\t<div class=\"e-con-inner\">\n\t\t<div class=\"elementor-element elementor-element-b1be3fb e-con-full e-flex e-con e-child\" data-id=\"b1be3fb\" data-element_type=\"container\" data-e-type=\"container\" data-settings=\"{&quot;background_background&quot;:&quot;classic&quot;}\">\n\t\t\t\t<div class=\"elementor-element elementor-element-21fdbb5 elementor-widget elementor-widget-heading\" data-id=\"21fdbb5\" data-element_type=\"widget\" data-e-type=\"widget\" data-widget_type=\"heading.default\">\n\t\t\t\t\t<h2 class=\"elementor-heading-title elementor-size-default\">Investitionsberatung<\/h2>\t\t\t\t<\/div>\n\t\t\t\t<div class=\"elementor-element elementor-element-d608da0 color-scheme-inherit text-left elementor-widget elementor-widget-text-editor\" data-id=\"d608da0\" data-element_type=\"widget\" data-e-type=\"widget\" data-widget_type=\"text-editor.default\">\n\t\t\t\t\t\t\t\t\t<p>Unterst\u00fctzung bei der Definition Ihrer Ziele, beim Verst\u00e4ndnis der finanziellen M\u00f6glichkeiten und bei der Planung einer realistischen Strategie.\u2028 So entsteht eine klare Vision dessen, was m\u00f6glich ist \u2013 und eine Partnerschaft, die Sie durch jede Phase der Entscheidung begleitet.<\/p>\t\t\t\t\t\t\t\t<\/div>\n\t\t\t\t<\/div>\n\t\t<div class=\"elementor-element elementor-element-e91f61d e-con-full e-flex e-con e-child\" data-id=\"e91f61d\" data-element_type=\"container\" data-e-type=\"container\" data-settings=\"{&quot;background_background&quot;:&quot;classic&quot;}\">\n\t\t\t\t<div class=\"elementor-element elementor-element-ce015ae elementor-widget elementor-widget-heading\" data-id=\"ce015ae\" data-element_type=\"widget\" data-e-type=\"widget\" data-widget_type=\"heading.default\">\n\t\t\t\t\t<h2 class=\"elementor-heading-title elementor-size-default\">2. Begleitung beim Immobilienkauf\n<\/h2>\t\t\t\t<\/div>\n\t\t\t\t<div class=\"elementor-element elementor-element-19cdca0 color-scheme-inherit text-left elementor-widget elementor-widget-text-editor\" data-id=\"19cdca0\" data-element_type=\"widget\" data-e-type=\"widget\" data-widget_type=\"text-editor.default\">\n\t\t\t\t\t\t\t\t\t<ul><li class=\"p1\">Auswahl passender Objekte \u2013 abgestimmt auf Ihr Budget, Ihren Lebensstil und Ihren Investitionsplan.<\/li><li class=\"p1\">Organisation von Besichtigungen \u2013 vor Ort oder online, auch in Ihrer Abwesenheit.<\/li><li class=\"p1\">Verhandlung der Konditionen mit Eigent\u00fcmern und Bautr\u00e4gern \u2013 stets in Ihrem Interesse.<\/li><li class=\"p1\">Vertretung vor Ort oder aus der Ferne \u2013 mit voller Verantwortung und pers\u00f6nlichem Engagement.<\/li><\/ul>\t\t\t\t\t\t\t\t<\/div>\n\t\t\t\t<\/div>\n\t\t\t\t\t<\/div>\n\t\t\t\t<\/div>\n\t\t<div class=\"wd-negative-gap elementor-element elementor-element-60fa283 wd-section-stretch e-flex e-con-boxed e-con e-parent\" data-id=\"60fa283\" data-element_type=\"container\" data-e-type=\"container\">\n\t\t\t\t\t<div class=\"e-con-inner\">\n\t\t<div class=\"elementor-element elementor-element-b9ccb51 e-con-full e-flex e-con e-child\" data-id=\"b9ccb51\" data-element_type=\"container\" data-e-type=\"container\" data-settings=\"{&quot;background_background&quot;:&quot;classic&quot;}\">\n\t\t\t\t<div class=\"elementor-element elementor-element-b01be4d elementor-widget elementor-widget-heading\" data-id=\"b01be4d\" data-element_type=\"widget\" data-e-type=\"widget\" data-widget_type=\"heading.default\">\n\t\t\t\t\t<h2 class=\"elementor-heading-title elementor-size-default\">4  Betreuung nach dem Kauf\n<\/h2>\t\t\t\t<\/div>\n\t\t\t\t<div class=\"elementor-element elementor-element-63ae42d color-scheme-inherit text-left elementor-widget elementor-widget-text-editor\" data-id=\"63ae42d\" data-element_type=\"widget\" data-e-type=\"widget\" data-widget_type=\"text-editor.default\">\n\t\t\t\t\t\t\t\t\t<ul><li class=\"p1\">Unterst\u00fctzung bei der Vermietung, \u00dcberwachung von Renovierungen und Verwaltung der Immobilie.<\/li><li class=\"p1\">In steuerlichen Fragen Empfehlung eines vertrauensw\u00fcrdigen Buchhaltungsb\u00fcros \u2013 Steuern sind ein wichtiges und individuelles Thema.<\/li><li class=\"p1\">Europaweite Begleitung und pers\u00f6nliche Betreuung Ihrer Immobilie \u2013 auch nach dem Kauf, mit umfassendem After-Sales-Service.<\/li><\/ul>\t\t\t\t\t\t\t\t<\/div>\n\t\t\t\t<\/div>\n\t\t<div class=\"elementor-element elementor-element-c68f742 e-con-full e-flex e-con e-child\" data-id=\"c68f742\" data-element_type=\"container\" data-e-type=\"container\" data-settings=\"{&quot;background_background&quot;:&quot;classic&quot;}\">\n\t\t\t\t<div class=\"elementor-element elementor-element-2260710 elementor-widget elementor-widget-heading\" data-id=\"2260710\" data-element_type=\"widget\" data-e-type=\"widget\" data-widget_type=\"heading.default\">\n\t\t\t\t\t<h2 class=\"elementor-heading-title elementor-size-default\">3. \u00dcbersetzungen und formale Unterst\u00fctzung\n<\/h2>\t\t\t\t<\/div>\n\t\t\t\t<div class=\"elementor-element elementor-element-7c92413 color-scheme-inherit text-left elementor-widget elementor-widget-text-editor\" data-id=\"7c92413\" data-element_type=\"widget\" data-e-type=\"widget\" data-widget_type=\"text-editor.default\">\n\t\t\t\t\t\t\t\t\t<ul><li>\u00dcbersetze und erkl\u00e4re alle Dokumente, Vertr\u00e4ge und Verfahren \u2013 klar, verst\u00e4ndlich und transparent.<\/li><li>Zusammenarbeit mit Notarinnen und Notaren, Anwaltskanzleien, Banken und Beh\u00f6rden.<\/li><li>Organisation aller Formalit\u00e4ten im Zusammenhang mit Finanzierung, Anmeldung, Versorgern und Versicherungen.<\/li><\/ul>\t\t\t\t\t\t\t\t<\/div>\n\t\t\t\t<\/div>\n\t\t\t\t\t<\/div>\n\t\t\t\t<\/div>\n\t\t<div class=\"wd-negative-gap elementor-element elementor-element-0c98bf0 e-flex e-con-boxed e-con e-parent\" data-id=\"0c98bf0\" data-element_type=\"container\" data-e-type=\"container\">\n\t\t\t\t\t<div class=\"e-con-inner\">\n\t\t\t\t<div class=\"elementor-element elementor-element-f081d4f elementor-widget-divider--view-line elementor-widget elementor-widget-divider\" data-id=\"f081d4f\" data-element_type=\"widget\" data-e-type=\"widget\" data-widget_type=\"divider.default\">\n\t\t\t\t\t\t\t<div class=\"elementor-divider\">\n\t\t\t<span class=\"elementor-divider-separator\">\n\t\t\t\t\t\t<\/span>\n\t\t<\/div>\n\t\t\t\t\t\t<\/div>\n\t\t\t\t<div class=\"elementor-element elementor-element-1a45cf7 color-scheme-inherit text-left elementor-widget elementor-widget-text-editor\" data-id=\"1a45cf7\" data-element_type=\"widget\" data-e-type=\"widget\" data-widget_type=\"text-editor.default\">\n\t\t\t\t\t\t\t\t\t<p class=\"p1\">Vertrauen Sie dem Prozess, der Ihnen Ruhe schenkt.<br \/>Zajac Real Estate \u2013 umfassende Begleitung mit Klasse, ohne Grenzen.<\/p>\t\t\t\t\t\t\t\t<\/div>\n\t\t\t\t<div class=\"elementor-element elementor-element-bb63127 elementor-widget elementor-widget-wd_button\" data-id=\"bb63127\" data-element_type=\"widget\" data-e-type=\"widget\" data-widget_type=\"wd_button.default\">\n\t\t\t\t<div class=\"elementor-widget-container\">\n\t\t\t\t\t\t\t<div class=\"wd-button-wrapper text-left\" >\n\t\t\t<a class=\"btn btn-style-default btn-shape-rectangle btn-size-default btn-color-custom btn-icon-pos-right\"  href=\"https:\/\/realestatezajac.com\/de\/zusammenarbeit\/\">\n\t\t\t\t<span class=\"wd-btn-text\" data-elementor-setting-key=\"text\">\n\t\t\t\t\tSo funktioniert unsere Zusammenarbeit\t\t\t\t<\/span>\n\n\t\t\t\t\t\t\t<\/a>\n\t\t<\/div>\n\t\t\t\t\t\t<\/div>\n\t\t\t\t<\/div>\n\t\t\t\t\t<\/div>\n\t\t\t\t<\/div>\n\t\t\t\t<\/div>","protected":false},"excerpt":{"rendered":"<p>Zakres us\u0142ug Oferta Zajac Real Estate to nie tylko po\u015brednictwo. To strategiczne doradztwo, bezpiecze\u0144stwo transakcyjne i kompleksowa opieka, kt\u00f3ra nie<\/p>","protected":false},"author":1,"featured_media":0,"parent":0,"menu_order":0,"comment_status":"closed","ping_status":"closed","template":"","meta":{"_acf_changed":false,"footnotes":""},"class_list":["post-377","page","type-page","status-publish","hentry"],"acf":[],"yoast_head":"<!-- This site is optimized with the Yoast SEO plugin v27.1.1 - https:\/\/yoast.com\/product\/yoast-seo-wordpress\/ -->\n<title>Zakres us\u0142ug - Karolina Zaj\u0105c mi\u0119dzynarodowy agent nieruchomo\u015bci<\/title>\n<meta name=\"robots\" content=\"index, follow, max-snippet:-1, max-image-preview:large, max-video-preview:-1\" \/>\n<link rel=\"canonical\" href=\"https:\/\/realestatezajac.com\/de\/leistungsumfang\/\" \/>\n<meta property=\"og:locale\" content=\"de_DE\" \/>\n<meta property=\"og:type\" content=\"article\" \/>\n<meta property=\"og:title\" content=\"Zakres us\u0142ug - Karolina Zaj\u0105c mi\u0119dzynarodowy agent nieruchomo\u015bci\" \/>\n<meta property=\"og:description\" content=\"Zakres us\u0142ug Oferta Zajac Real Estate to nie tylko po\u015brednictwo. To strategiczne doradztwo, bezpiecze\u0144stwo transakcyjne i kompleksowa opieka, kt\u00f3ra nie\" \/>\n<meta property=\"og:url\" content=\"https:\/\/realestatezajac.com\/de\/leistungsumfang\/\" \/>\n<meta property=\"og:site_name\" content=\"Karolina Zaj\u0105c mi\u0119dzynarodowy agent nieruchomo\u015bci\" \/>\n<meta property=\"article:modified_time\" content=\"2025-09-05T18:20:08+00:00\" \/>\n<meta name=\"twitter:card\" content=\"summary_large_image\" \/>\n<meta name=\"twitter:label1\" content=\"Gesch\u00e4tzte Lesezeit\" \/>\n\t<meta name=\"twitter:data1\" content=\"1\u00a0Minute\" \/>\n<script type=\"application\/ld+json\" class=\"yoast-schema-graph\">{\"@context\":\"https:\/\/schema.org\",\"@graph\":[{\"@type\":\"WebPage\",\"@id\":\"https:\/\/realestatezajac.com\/zakres-uslug\/\",\"url\":\"https:\/\/realestatezajac.com\/zakres-uslug\/\",\"name\":\"Zakres us\u0142ug - Karolina Zaj\u0105c mi\u0119dzynarodowy agent nieruchomo\u015bci\",\"isPartOf\":{\"@id\":\"https:\/\/realestatezajac.com\/#website\"},\"datePublished\":\"2025-08-23T18:29:41+00:00\",\"dateModified\":\"2025-09-05T18:20:08+00:00\",\"breadcrumb\":{\"@id\":\"https:\/\/realestatezajac.com\/zakres-uslug\/#breadcrumb\"},\"inLanguage\":\"de\",\"potentialAction\":[{\"@type\":\"ReadAction\",\"target\":[\"https:\/\/realestatezajac.com\/zakres-uslug\/\"]}]},{\"@type\":\"BreadcrumbList\",\"@id\":\"https:\/\/realestatezajac.com\/zakres-uslug\/#breadcrumb\",\"itemListElement\":[{\"@type\":\"ListItem\",\"position\":1,\"name\":\"Strona g\u0142\u00f3wna\",\"item\":\"https:\/\/realestatezajac.com\/\"},{\"@type\":\"ListItem\",\"position\":2,\"name\":\"Zakres us\u0142ug\"}]},{\"@type\":\"WebSite\",\"@id\":\"https:\/\/realestatezajac.com\/#website\",\"url\":\"https:\/\/realestatezajac.com\/\",\"name\":\"Karolina Zaj\u0105c mi\u0119dzynarodowy agent nieruchomo\u015bci\",\"description\":\"agent nieruchomo\u015bci Niemcy, Polska, Cypr\",\"potentialAction\":[{\"@type\":\"SearchAction\",\"target\":{\"@type\":\"EntryPoint\",\"urlTemplate\":\"https:\/\/realestatezajac.com\/?s={search_term_string}\"},\"query-input\":{\"@type\":\"PropertyValueSpecification\",\"valueRequired\":true,\"valueName\":\"search_term_string\"}}],\"inLanguage\":\"de\"}]}<\/script>\n<!-- \/ Yoast SEO plugin. -->","yoast_head_json":{"title":"Zakres us\u0142ug - Karolina Zaj\u0105c mi\u0119dzynarodowy agent nieruchomo\u015bci","robots":{"index":"index","follow":"follow","max-snippet":"max-snippet:-1","max-image-preview":"max-image-preview:large","max-video-preview":"max-video-preview:-1"},"canonical":"https:\/\/realestatezajac.com\/de\/leistungsumfang\/","og_locale":"de_DE","og_type":"article","og_title":"Zakres us\u0142ug - Karolina Zaj\u0105c mi\u0119dzynarodowy agent nieruchomo\u015bci","og_description":"Zakres us\u0142ug Oferta Zajac Real Estate to nie tylko po\u015brednictwo. To strategiczne doradztwo, bezpiecze\u0144stwo transakcyjne i kompleksowa opieka, kt\u00f3ra nie","og_url":"https:\/\/realestatezajac.com\/de\/leistungsumfang\/","og_site_name":"Karolina Zaj\u0105c mi\u0119dzynarodowy agent nieruchomo\u015bci","article_modified_time":"2025-09-05T18:20:08+00:00","twitter_card":"summary_large_image","twitter_misc":{"Gesch\u00e4tzte Lesezeit":"1\u00a0Minute"},"schema":{"@context":"https:\/\/schema.org","@graph":[{"@type":"WebPage","@id":"https:\/\/realestatezajac.com\/zakres-uslug\/","url":"https:\/\/realestatezajac.com\/zakres-uslug\/","name":"Zakres us\u0142ug - Karolina Zaj\u0105c mi\u0119dzynarodowy agent nieruchomo\u015bci","isPartOf":{"@id":"https:\/\/realestatezajac.com\/#website"},"datePublished":"2025-08-23T18:29:41+00:00","dateModified":"2025-09-05T18:20:08+00:00","breadcrumb":{"@id":"https:\/\/realestatezajac.com\/zakres-uslug\/#breadcrumb"},"inLanguage":"de","potentialAction":[{"@type":"ReadAction","target":["https:\/\/realestatezajac.com\/zakres-uslug\/"]}]},{"@type":"BreadcrumbList","@id":"https:\/\/realestatezajac.com\/zakres-uslug\/#breadcrumb","itemListElement":[{"@type":"ListItem","position":1,"name":"Strona g\u0142\u00f3wna","item":"https:\/\/realestatezajac.com\/"},{"@type":"ListItem","position":2,"name":"Zakres us\u0142ug"}]},{"@type":"WebSite","@id":"https:\/\/realestatezajac.com\/#website","url":"https:\/\/realestatezajac.com\/","name":"Karolina Zaj\u0105c mi\u0119dzynarodowy agent nieruchomo\u015bci","description":"agent nieruchomo\u015bci Niemcy, Polska, Cypr","potentialAction":[{"@type":"SearchAction","target":{"@type":"EntryPoint","urlTemplate":"https:\/\/realestatezajac.com\/?s={search_term_string}"},"query-input":{"@type":"PropertyValueSpecification","valueRequired":true,"valueName":"search_term_string"}}],"inLanguage":"de"}]}},"_links":{"self":[{"href":"https:\/\/realestatezajac.com\/de\/wp-json\/wp\/v2\/pages\/377","targetHints":{"allow":["GET"]}}],"collection":[{"href":"https:\/\/realestatezajac.com\/de\/wp-json\/wp\/v2\/pages"}],"about":[{"href":"https:\/\/realestatezajac.com\/de\/wp-json\/wp\/v2\/types\/page"}],"author":[{"embeddable":true,"href":"https:\/\/realestatezajac.com\/de\/wp-json\/wp\/v2\/users\/1"}],"replies":[{"embeddable":true,"href":"https:\/\/realestatezajac.com\/de\/wp-json\/wp\/v2\/comments?post=377"}],"version-history":[{"count":28,"href":"https:\/\/realestatezajac.com\/de\/wp-json\/wp\/v2\/pages\/377\/revisions"}],"predecessor-version":[{"id":1300,"href":"https:\/\/realestatezajac.com\/de\/wp-json\/wp\/v2\/pages\/377\/revisions\/1300"}],"wp:attachment":[{"href":"https:\/\/realestatezajac.com\/de\/wp-json\/wp\/v2\/media?parent=377"}],"curies":[{"name":"wp","href":"https:\/\/api.w.org\/{rel}","templated":true}]}}