{"id":2146,"date":"2026-01-23T14:19:11","date_gmt":"2026-01-23T14:19:11","guid":{"rendered":"https:\/\/realestatezajac.com\/?page_id=2146"},"modified":"2026-01-23T17:52:46","modified_gmt":"2026-01-23T17:52:46","slug":"immobilien-suche-reihenfolge","status":"publish","type":"page","link":"https:\/\/realestatezajac.com\/de\/immobilien-suche-reihenfolge\/","title":{"rendered":"Zlecenie poszukiwania nieruchomo\u015bci"},"content":{"rendered":"<div data-elementor-type=\"wp-page\" data-elementor-id=\"2146\" class=\"elementor elementor-2146\">\n\t\t\t\t<div class=\"wd-negative-gap elementor-element elementor-element-87603ea wd-section-stretch e-flex e-con-boxed e-con e-parent\" data-id=\"87603ea\" data-element_type=\"container\" data-e-type=\"container\" data-settings=\"{&quot;background_background&quot;:&quot;classic&quot;}\">\n\t\t\t\t\t<div class=\"e-con-inner\">\n\t\t\t\t\t<link rel=\"stylesheet\" id=\"wd-int-elem-opt-sticky-column-css\" href=\"https:\/\/realestatezajac.com\/wp-content\/themes\/woodmart\/css\/parts\/int-elem-opt-sticky-column.min.css?ver=8.4.1\" type=\"text\/css\" media=\"all\" \/> \t\t\t<div class=\"wd-sticky-container-lg elementor-element elementor-element-1316f8d e-con-full e-flex e-con e-child\" data-id=\"1316f8d\" data-element_type=\"container\" data-e-type=\"container\">\n\t\t\t\t<div class=\"elementor-element elementor-element-b51b3e6 elementor-widget elementor-widget-heading\" data-id=\"b51b3e6\" data-element_type=\"widget\" data-e-type=\"widget\" data-widget_type=\"heading.default\">\n\t\t\t\t\t<h2 class=\"elementor-heading-title elementor-size-default\">Ich helfe Ihnen, Ihre Trauminvestition zu finden!<\/h2>\t\t\t\t<\/div>\n\t\t\t\t<div class=\"elementor-element elementor-element-aa6434d elementor-widget elementor-widget-heading\" data-id=\"aa6434d\" data-element_type=\"widget\" data-e-type=\"widget\" data-widget_type=\"heading.default\">\n\t\t\t\t\t<h1 class=\"elementor-heading-title elementor-size-default\">Immobiliensuche anfordern<\/h1>\t\t\t\t<\/div>\n\t\t\t\t<div class=\"elementor-element elementor-element-d2837c1 color-scheme-inherit text-left elementor-widget elementor-widget-text-editor\" data-id=\"d2837c1\" data-element_type=\"widget\" data-e-type=\"widget\" data-widget_type=\"text-editor.default\">\n\t\t\t\t\t\t\t\t\t<p class=\"has-text-align-center\">Indem Sie das untenstehende Formular ausf\u00fcllen, k\u00f6nnen Sie uns beauftragen, nach Ihrem Traumhaus, Ihrer Traumwohnung oder einer anderen Art von Immobilie zu suchen.<\/p>\t\t\t\t\t\t\t\t<\/div>\n\t\t\t\t<div class=\"elementor-element elementor-element-2436e9d elementor-widget elementor-widget-html\" data-id=\"2436e9d\" data-element_type=\"widget\" data-e-type=\"widget\" data-widget_type=\"html.default\">\n\t\t\t\t\t<style>\n    .cf7mls-no-moving-animation .fieldset-cf7mls-wrapper .fieldset-cf7mls {\n    transition: none;\n    padding: 0px;\n    margin: 0px;\n}\n<\/style>\t\t\t\t<\/div>\n\t\t\t\t<\/div>\n\t\t<div class=\"elementor-element elementor-element-2fa5357 e-con-full e-flex e-con e-child\" data-id=\"2fa5357\" data-element_type=\"container\" data-e-type=\"container\" data-settings=\"{&quot;background_background&quot;:&quot;classic&quot;}\">\n\t\t\t\t<div class=\"elementor-element elementor-element-48c58ee elementor-widget elementor-widget-shortcode\" data-id=\"48c58ee\" data-element_type=\"widget\" data-e-type=\"widget\" data-widget_type=\"shortcode.default\">\n\t\t\t\t\t\t\t<div class=\"elementor-shortcode\">\n<div class=\"wpcf7 no-js\" id=\"wpcf7-f2153-o1\" lang=\"pl-PL\" dir=\"ltr\" data-wpcf7-id=\"2153\">\n<div class=\"screen-reader-response\"><p role=\"status\" aria-live=\"polite\" aria-atomic=\"true\"><\/p> <ul><\/ul><\/div>\n<form action=\"\/de\/wp-json\/wp\/v2\/pages\/2146#wpcf7-f2153-o1\" method=\"post\" class=\"wpcf7-form init cf7mls-no-moving-animation\" aria-label=\"Kontaktformular\" novalidate=\"novalidate\" data-status=\"init\" data-trp-original-action=\"\/de\/wp-json\/wp\/v2\/pages\/2146#wpcf7-f2153-o1\">\n<fieldset class=\"hidden-fields-container\"><input type=\"hidden\" name=\"_wpcf7\" value=\"2153\" \/><input type=\"hidden\" name=\"_wpcf7_version\" value=\"6.1.5\" \/><input type=\"hidden\" name=\"_wpcf7_locale\" value=\"pl_PL\" \/><input type=\"hidden\" name=\"_wpcf7_unit_tag\" value=\"wpcf7-f2153-o1\" \/><input type=\"hidden\" name=\"_wpcf7_container_post\" value=\"0\" \/><input type=\"hidden\" name=\"_wpcf7_posted_data_hash\" value=\"\" \/>\n<\/fieldset>\n<div class=\"fieldset-cf7mls-wrapper\" data-transition-effects><fieldset class=\"fieldset-cf7mls cf7mls_current_fs\"><!-- ================= DANE KLIENTA ================= -->\n<div class=\"cf7-client-data\">\n\t<div class=\"row gx-5\">\n\t\t<div class=\"col-md-6\">\n\t\t\t<div class=\"row form-row\">\n\t\t\t\t<div class=\"col-5\">\n\t\t\t\t\t<p><label>Name<\/label>\n\t\t\t\t\t<\/p>\n\t\t\t\t<\/div>\n\t\t\t\t<div class=\"col-7\">\n\t\t\t\t\t<p><span class=\"wpcf7-form-control-wrap\" data-name=\"first-name\"><input size=\"40\" maxlength=\"400\" class=\"wpcf7-form-control wpcf7-text wpcf7-validates-as-required\" aria-required=\"true\" aria-invalid=\"false\" placeholder=\"*\" value=\"\" type=\"text\" name=\"first-name\" \/><\/span>\n\t\t\t\t\t<\/p>\n\t\t\t\t<\/div>\n\t\t\t<\/div>\n\t\t\t<div class=\"row form-row\">\n\t\t\t\t<div class=\"col-5\">\n\t\t\t\t\t<p><label>Nachname<\/label>\n\t\t\t\t\t<\/p>\n\t\t\t\t<\/div>\n\t\t\t\t<div class=\"col-7\">\n\t\t\t\t\t<p><span class=\"wpcf7-form-control-wrap\" data-name=\"last-name\"><input size=\"40\" maxlength=\"400\" class=\"wpcf7-form-control wpcf7-text wpcf7-validates-as-required\" aria-required=\"true\" aria-invalid=\"false\" placeholder=\"*\" value=\"\" type=\"text\" name=\"last-name\" \/><\/span>\n\t\t\t\t\t<\/p>\n\t\t\t\t<\/div>\n\t\t\t<\/div>\n\t\t\t<div class=\"row form-row\">\n\t\t\t\t<div class=\"col-5\">\n\t\t\t\t\t<p><label>E-Mail-Adresse<\/label>\n\t\t\t\t\t<\/p>\n\t\t\t\t<\/div>\n\t\t\t\t<div class=\"col-7\">\n\t\t\t\t\t<p><span class=\"wpcf7-form-control-wrap\" data-name=\"email\"><input size=\"40\" maxlength=\"400\" class=\"wpcf7-form-control wpcf7-email wpcf7-validates-as-required wpcf7-text wpcf7-validates-as-email\" aria-required=\"true\" aria-invalid=\"false\" placeholder=\"*\" value=\"\" type=\"email\" name=\"email\" \/><\/span>\n\t\t\t\t\t<\/p>\n\t\t\t\t<\/div>\n\t\t\t<\/div>\n\t\t\t<div class=\"row form-row\">\n\t\t\t\t<div class=\"col-5\">\n\t\t\t\t\t<p><label>E-Mail-Adresse wiederholen<\/label>\n\t\t\t\t\t<\/p>\n\t\t\t\t<\/div>\n\t\t\t\t<div class=\"col-7\">\n\t\t\t\t\t<p><span class=\"wpcf7-form-control-wrap\" data-name=\"email-repeat\"><input size=\"40\" maxlength=\"400\" class=\"wpcf7-form-control wpcf7-email wpcf7-validates-as-required wpcf7-text wpcf7-validates-as-email\" aria-required=\"true\" aria-invalid=\"false\" placeholder=\"*\" value=\"\" type=\"email\" name=\"email-repeat\" \/><\/span>\n\t\t\t\t\t<\/p>\n\t\t\t\t<\/div>\n\t\t\t<\/div>\n\t\t\t<div class=\"row form-row\">\n\t\t\t\t<div class=\"col-5\">\n\t\t\t\t\t<p><label>Telefonnummer<\/label>\n\t\t\t\t\t<\/p>\n\t\t\t\t<\/div>\n\t\t\t\t<div class=\"col-7\">\n\t\t\t\t\t<p><span class=\"wpcf7-form-control-wrap\" data-name=\"phone\"><input size=\"40\" maxlength=\"400\" class=\"wpcf7-form-control wpcf7-tel wpcf7-validates-as-required wpcf7-text wpcf7-validates-as-tel\" aria-required=\"true\" aria-invalid=\"false\" placeholder=\"*\" value=\"\" type=\"tel\" name=\"phone\" \/><\/span>\n\t\t\t\t\t<\/p>\n\t\t\t\t<\/div>\n\t\t\t<\/div>\n\t\t<\/div>\n\t<\/div>\n<\/div>\n<p><div class=\"cf7mls-btns\"><button type=\"button\" class=\"cf7mls_next cf7mls_btn action-button\" name=\"cf7mls_next\" id=\"cf7mls-next-btn-cf7mls_step-1\">n\u00e4chste<img decoding=\"async\" src=\"https:\/\/realestatezajac.com\/wp-content\/plugins\/cf7-multi-step\/assets\/frontend\/img\/loader.svg\" alt=\"Step Loading\" data-lazy-src=\"https:\/\/realestatezajac.com\/wp-content\/plugins\/cf7-multi-step\/assets\/frontend\/img\/loader.svg\" style=\"display: none;\" \/><\/button><\/div><p><\/p><\/fieldset><fieldset class=\"fieldset-cf7mls\"><!-- ================= DANE ZLECENIA ================= -->\n<\/p>\n<div class=\"cf7-order-data\">\n\t<div class=\"row gx-5\">\n\t\t<div class=\"col-md-6\">\n\t\t\t<div class=\"row form-row\">\n\t\t\t\t<div class=\"col-5\">\n\t\t\t\t\t<p><label>Art der Immobilie<\/label>\n\t\t\t\t\t<\/p>\n\t\t\t\t<\/div>\n\t\t\t\t<div class=\"col-7\">\n\t\t\t\t\t<p><span class=\"wpcf7-form-control-wrap\" data-name=\"property-type\"><select class=\"wpcf7-form-control wpcf7-select wpcf7-validates-as-required\" id=\"property-type\" aria-required=\"true\" aria-invalid=\"false\" name=\"property-type\"><option value=\"Mieszkanie\">Wohnung<\/option><option value=\"Dom\">Haus<\/option><option value=\"Dzia\u0142ka\">Handlung<\/option><option value=\"Lokal\">Firmengel\u00e4nde<\/option><option value=\"Obiekt\">Objekt<\/option><\/select><\/span>\n\t\t\t\t\t<\/p>\n\t\t\t\t<\/div>\n\t\t\t<\/div>\n\t\t\t<div class=\"row form-row\">\n\t\t\t\t<div class=\"col-5\">\n\t\t\t\t\t<p><label>Transaktionstyp<\/label>\n\t\t\t\t\t<\/p>\n\t\t\t\t<\/div>\n\t\t\t\t<div class=\"col-7\">\n\t\t\t\t\t<p><span class=\"wpcf7-form-control-wrap\" data-name=\"transaction-type\"><select class=\"wpcf7-form-control wpcf7-select\" aria-invalid=\"false\" name=\"transaction-type\"><option value=\"Zakup\">Zakup<\/option><option value=\"Wynajem\">Mieten<\/option><\/select><\/span>\n\t\t\t\t\t<\/p>\n\t\t\t\t<\/div>\n\t\t\t<\/div>\n\t\t\t<div class=\"row form-row\">\n\t\t\t\t<div class=\"col-5\">\n\t\t\t\t\t<p><label>Standort<\/label>\n\t\t\t\t\t<\/p>\n\t\t\t\t<\/div>\n\t\t\t\t<div class=\"col-7\">\n\t\t\t\t\t<p><span class=\"wpcf7-form-control-wrap\" data-name=\"location\"><input size=\"40\" maxlength=\"400\" class=\"wpcf7-form-control wpcf7-text\" aria-invalid=\"false\" placeholder=\"Stadt, Bezirk\" value=\"\" type=\"text\" name=\"location\" \/><\/span>\n\t\t\t\t\t<\/p>\n\t\t\t\t<\/div>\n\t\t\t<\/div>\n\t\t\t<div class=\"row form-row\">\n\t\t\t\t<div class=\"col-5\">\n\t\t\t\t\t<p><label>Oberfl\u00e4che <\/label>\n\t\t\t\t\t<\/p>\n\t\t\t\t<\/div>\n\t\t\t\t<div class=\"col-3\">\n\t\t\t\t\t<p><span class=\"wpcf7-form-control-wrap\" data-name=\"area-min\"><input class=\"wpcf7-form-control wpcf7-number wpcf7-validates-as-number\" aria-invalid=\"false\" placeholder=\"ab m\u00b2\" value=\"\" type=\"number\" name=\"area-min\" \/><\/span>\n\t\t\t\t\t<\/p>\n\t\t\t\t<\/div>\n\t\t\t\t<div class=\"col-3\">\n\t\t\t\t\t<p><span class=\"wpcf7-form-control-wrap\" data-name=\"area-max\"><input class=\"wpcf7-form-control wpcf7-number wpcf7-validates-as-number\" aria-invalid=\"false\" placeholder=\"bis zu m\u00b2\" value=\"\" type=\"number\" name=\"area-max\" \/><\/span>\n\t\t\t\t\t<\/p>\n\t\t\t\t<\/div>\n\t\t\t<\/div>\n\t\t\t<div class=\"row form-row\" id=\"cf7-rooms\">\n\t\t\t\t<div class=\"col-5\">\n\t\t\t\t\t<p><label>Anzahl der Zimmer<\/label>\n\t\t\t\t\t<\/p>\n\t\t\t\t<\/div>\n\t\t\t\t<div class=\"col-3\">\n\t\t\t\t\t<p><span class=\"wpcf7-form-control-wrap\" data-name=\"rooms-min\"><input class=\"wpcf7-form-control wpcf7-number wpcf7-validates-as-number\" aria-invalid=\"false\" placeholder=\"aus\" value=\"\" type=\"number\" name=\"rooms-min\" \/><\/span>\n\t\t\t\t\t<\/p>\n\t\t\t\t<\/div>\n\t\t\t\t<div class=\"col-3\">\n\t\t\t\t\t<p><span class=\"wpcf7-form-control-wrap\" data-name=\"rooms-max\"><input class=\"wpcf7-form-control wpcf7-number wpcf7-validates-as-number\" aria-invalid=\"false\" placeholder=\"bis\" value=\"\" type=\"number\" name=\"rooms-max\" \/><\/span>\n\t\t\t\t\t<\/p>\n\t\t\t\t<\/div>\n\t\t\t<\/div>\n\t\t\t<div class=\"row form-row\">\n\t\t\t\t<div class=\"col-5\">\n\t\t\t\t\t<p><label>Vorzugspreis<\/label>\n\t\t\t\t\t<\/p>\n\t\t\t\t<\/div>\n\t\t\t\t<div class=\"col-5\">\n\t\t\t\t\t<p><span class=\"wpcf7-form-control-wrap\" data-name=\"price-max\"><input class=\"wpcf7-form-control wpcf7-number wpcf7-validates-as-number\" aria-invalid=\"false\" placeholder=\"H\u00f6chstbetrag\" value=\"\" type=\"number\" name=\"price-max\" \/><\/span>\n\t\t\t\t\t<\/p>\n\t\t\t\t<\/div>\n\t\t\t\t<div class=\"col-2\">\n\t\t\t\t\t<p><span class=\"wpcf7-form-control-wrap\" data-name=\"currency\"><select class=\"wpcf7-form-control wpcf7-select\" aria-invalid=\"false\" name=\"currency\"><option value=\"PLN\">PLN<\/option><option value=\"EUR\">EUR<\/option><option value=\"USD\">USD<\/option><\/select><\/span>\n\t\t\t\t\t<\/p>\n\t\t\t\t<\/div>\n\t\t\t<\/div>\n\t\t<\/div>\n\t<\/div>\n\n <!-- WIADOMO\u015a\u0106 -->\n\t<div class=\"row\">\n\t\t<div class=\"col-12\">\n\t\t\t<p><label>Weitere Informationen zu der Immobilie, die Sie suchen:<\/label><br \/>\n<span class=\"wpcf7-form-control-wrap\" data-name=\"message\"><textarea cols=\"40\" rows=\"10\" maxlength=\"2000\" class=\"wpcf7-form-control wpcf7-textarea\" aria-invalid=\"false\" name=\"message\"><\/textarea><\/span>\n\t\t\t<\/p>\n\t\t<\/div>\n\t<\/div>\n\n <!-- ZGODA -->\n\t<div class=\"row\">\n\t\t<div class=\"col-12\">\n\t\t\t<p><span class=\"wpcf7-form-control-wrap\" data-name=\"privacy\"><span class=\"wpcf7-form-control wpcf7-acceptance\"><span class=\"wpcf7-list-item\"><label><input type=\"checkbox\" name=\"privacy\" value=\"1\" aria-invalid=\"false\" \/><span class=\"wpcf7-list-item-label\">Ich erkl\u00e4re hiermit, dass ich mich mit Folgendem vertraut gemacht habe\n      <a href=\"\/de\/datenschutzrichtlinie\/\" target=\"_blank\">Datenschutzrichtlinie<\/a><\/span><\/label><\/span><\/span><\/span>\n\t\t\t<\/p>\n\t\t<\/div>\n\t<\/div>\n\n <!-- SUBMIT -->\n\t<div class=\"row\">\n\t\t<div class=\"col-12\">\n\t\t\t<p><input class=\"wpcf7-form-control wpcf7-submit has-spinner\" type=\"submit\" value=\"Wir \u00fcbernehmen die Suche f\u00fcr Sie\" \/>\n\t\t\t<\/p>\n\t\t<\/div>\n\t<\/div>\n<\/div>\n<p><div class=\"cf7mls-btns cf7mls-btns-last-step\"><button type=\"button\" class=\"cf7mls_back action-button\" name=\"cf7mls_back\" id=\"cf7mls-back-btn-cf7mls_step-2\">r\u00fcckg\u00e4ngig machen<\/button><button type=\"button\" style=\"display: none;\" class=\"cf7mls_next cf7mls_btn action-button\" name=\"cf7mls_next\" id=\"cf7mls-next-btn-cf7mls_step-2\"><img decoding=\"async\" src=\"https:\/\/realestatezajac.com\/wp-content\/plugins\/cf7-multi-step\/assets\/frontend\/img\/loader.svg\" alt=\"Step Loading\" data-lazy-src=\"https:\/\/realestatezajac.com\/wp-content\/plugins\/cf7-multi-step\/assets\/frontend\/img\/loader.svg\" style=\"display: none;\" \/><\/button>\n<\/p><\/fieldset><\/div><div class=\"wpcf7-response-output\" aria-hidden=\"true\"><\/div>\n<input type=\"hidden\" name=\"trp-form-language\" value=\"de\"\/><\/form>\n<\/div>\n<\/div>\n\t\t\t\t\t\t<\/div>\n\t\t\t\t<\/div>\n\t\t\t\t\t<\/div>\n\t\t\t\t<\/div>\n\t\t\t\t<\/div>","protected":false},"excerpt":{"rendered":"<p>pomog\u0119 ci w znalezieniu wymarzonej inwestycji! Zle\u0107 poszukiwanie nieruchomo\u015bci Wype\u0142niaj\u0105c poni\u017cszy formularz, mo\u017cesz zleci\u0107 nam poszukiwanie Twojego wymarzonego domu, mieszkania<\/p>","protected":false},"author":1,"featured_media":0,"parent":0,"menu_order":0,"comment_status":"closed","ping_status":"closed","template":"","meta":{"_acf_changed":false,"footnotes":""},"class_list":["post-2146","page","type-page","status-publish","hentry"],"acf":[],"yoast_head":"<!-- This site is optimized with the Yoast SEO plugin v27.1.1 - https:\/\/yoast.com\/product\/yoast-seo-wordpress\/ -->\n<title>Zlecenie poszukiwania nieruchomo\u015bci - Karolina Zaj\u0105c mi\u0119dzynarodowy agent nieruchomo\u015bci<\/title>\n<meta name=\"robots\" content=\"index, follow, max-snippet:-1, max-image-preview:large, max-video-preview:-1\" \/>\n<link rel=\"canonical\" href=\"https:\/\/realestatezajac.com\/de\/immobilien-suche-reihenfolge\/\" \/>\n<meta property=\"og:locale\" content=\"de_DE\" \/>\n<meta property=\"og:type\" content=\"article\" \/>\n<meta property=\"og:title\" content=\"Zlecenie poszukiwania nieruchomo\u015bci - Karolina Zaj\u0105c mi\u0119dzynarodowy agent nieruchomo\u015bci\" \/>\n<meta property=\"og:description\" content=\"pomog\u0119 ci w znalezieniu wymarzonej inwestycji! Zle\u0107 poszukiwanie nieruchomo\u015bci Wype\u0142niaj\u0105c poni\u017cszy formularz, mo\u017cesz zleci\u0107 nam poszukiwanie Twojego wymarzonego domu, mieszkania\" \/>\n<meta property=\"og:url\" content=\"https:\/\/realestatezajac.com\/de\/immobilien-suche-reihenfolge\/\" \/>\n<meta property=\"og:site_name\" content=\"Karolina Zaj\u0105c mi\u0119dzynarodowy agent nieruchomo\u015bci\" \/>\n<meta property=\"article:modified_time\" content=\"2026-01-23T17:52:46+00:00\" \/>\n<meta name=\"twitter:card\" content=\"summary_large_image\" \/>\n<meta name=\"twitter:label1\" content=\"Gesch\u00e4tzte Lesezeit\" \/>\n\t<meta name=\"twitter:data1\" content=\"1\u00a0Minute\" \/>\n<script type=\"application\/ld+json\" class=\"yoast-schema-graph\">{\"@context\":\"https:\/\/schema.org\",\"@graph\":[{\"@type\":\"WebPage\",\"@id\":\"https:\/\/realestatezajac.com\/zlecenie-poszukiwania-nieruchomosci\/\",\"url\":\"https:\/\/realestatezajac.com\/zlecenie-poszukiwania-nieruchomosci\/\",\"name\":\"Zlecenie poszukiwania nieruchomo\u015bci - Karolina Zaj\u0105c mi\u0119dzynarodowy agent nieruchomo\u015bci\",\"isPartOf\":{\"@id\":\"https:\/\/realestatezajac.com\/#website\"},\"datePublished\":\"2026-01-23T14:19:11+00:00\",\"dateModified\":\"2026-01-23T17:52:46+00:00\",\"breadcrumb\":{\"@id\":\"https:\/\/realestatezajac.com\/zlecenie-poszukiwania-nieruchomosci\/#breadcrumb\"},\"inLanguage\":\"de\",\"potentialAction\":[{\"@type\":\"ReadAction\",\"target\":[\"https:\/\/realestatezajac.com\/zlecenie-poszukiwania-nieruchomosci\/\"]}]},{\"@type\":\"BreadcrumbList\",\"@id\":\"https:\/\/realestatezajac.com\/zlecenie-poszukiwania-nieruchomosci\/#breadcrumb\",\"itemListElement\":[{\"@type\":\"ListItem\",\"position\":1,\"name\":\"Strona g\u0142\u00f3wna\",\"item\":\"https:\/\/realestatezajac.com\/\"},{\"@type\":\"ListItem\",\"position\":2,\"name\":\"Zlecenie poszukiwania nieruchomo\u015bci\"}]},{\"@type\":\"WebSite\",\"@id\":\"https:\/\/realestatezajac.com\/#website\",\"url\":\"https:\/\/realestatezajac.com\/\",\"name\":\"Karolina Zaj\u0105c mi\u0119dzynarodowy agent nieruchomo\u015bci\",\"description\":\"agent nieruchomo\u015bci Niemcy, Polska, Cypr\",\"potentialAction\":[{\"@type\":\"SearchAction\",\"target\":{\"@type\":\"EntryPoint\",\"urlTemplate\":\"https:\/\/realestatezajac.com\/?s={search_term_string}\"},\"query-input\":{\"@type\":\"PropertyValueSpecification\",\"valueRequired\":true,\"valueName\":\"search_term_string\"}}],\"inLanguage\":\"de\"}]}<\/script>\n<!-- \/ Yoast SEO plugin. -->","yoast_head_json":{"title":"Zlecenie poszukiwania nieruchomo\u015bci - Karolina Zaj\u0105c mi\u0119dzynarodowy agent nieruchomo\u015bci","robots":{"index":"index","follow":"follow","max-snippet":"max-snippet:-1","max-image-preview":"max-image-preview:large","max-video-preview":"max-video-preview:-1"},"canonical":"https:\/\/realestatezajac.com\/de\/immobilien-suche-reihenfolge\/","og_locale":"de_DE","og_type":"article","og_title":"Zlecenie poszukiwania nieruchomo\u015bci - Karolina Zaj\u0105c mi\u0119dzynarodowy agent nieruchomo\u015bci","og_description":"pomog\u0119 ci w znalezieniu wymarzonej inwestycji! Zle\u0107 poszukiwanie nieruchomo\u015bci Wype\u0142niaj\u0105c poni\u017cszy formularz, mo\u017cesz zleci\u0107 nam poszukiwanie Twojego wymarzonego domu, mieszkania","og_url":"https:\/\/realestatezajac.com\/de\/immobilien-suche-reihenfolge\/","og_site_name":"Karolina Zaj\u0105c mi\u0119dzynarodowy agent nieruchomo\u015bci","article_modified_time":"2026-01-23T17:52:46+00:00","twitter_card":"summary_large_image","twitter_misc":{"Gesch\u00e4tzte Lesezeit":"1\u00a0Minute"},"schema":{"@context":"https:\/\/schema.org","@graph":[{"@type":"WebPage","@id":"https:\/\/realestatezajac.com\/zlecenie-poszukiwania-nieruchomosci\/","url":"https:\/\/realestatezajac.com\/zlecenie-poszukiwania-nieruchomosci\/","name":"Zlecenie poszukiwania nieruchomo\u015bci - Karolina Zaj\u0105c mi\u0119dzynarodowy agent nieruchomo\u015bci","isPartOf":{"@id":"https:\/\/realestatezajac.com\/#website"},"datePublished":"2026-01-23T14:19:11+00:00","dateModified":"2026-01-23T17:52:46+00:00","breadcrumb":{"@id":"https:\/\/realestatezajac.com\/zlecenie-poszukiwania-nieruchomosci\/#breadcrumb"},"inLanguage":"de","potentialAction":[{"@type":"ReadAction","target":["https:\/\/realestatezajac.com\/zlecenie-poszukiwania-nieruchomosci\/"]}]},{"@type":"BreadcrumbList","@id":"https:\/\/realestatezajac.com\/zlecenie-poszukiwania-nieruchomosci\/#breadcrumb","itemListElement":[{"@type":"ListItem","position":1,"name":"Strona g\u0142\u00f3wna","item":"https:\/\/realestatezajac.com\/"},{"@type":"ListItem","position":2,"name":"Zlecenie poszukiwania nieruchomo\u015bci"}]},{"@type":"WebSite","@id":"https:\/\/realestatezajac.com\/#website","url":"https:\/\/realestatezajac.com\/","name":"Karolina Zaj\u0105c mi\u0119dzynarodowy agent nieruchomo\u015bci","description":"agent nieruchomo\u015bci Niemcy, Polska, Cypr","potentialAction":[{"@type":"SearchAction","target":{"@type":"EntryPoint","urlTemplate":"https:\/\/realestatezajac.com\/?s={search_term_string}"},"query-input":{"@type":"PropertyValueSpecification","valueRequired":true,"valueName":"search_term_string"}}],"inLanguage":"de"}]}},"_links":{"self":[{"href":"https:\/\/realestatezajac.com\/de\/wp-json\/wp\/v2\/pages\/2146","targetHints":{"allow":["GET"]}}],"collection":[{"href":"https:\/\/realestatezajac.com\/de\/wp-json\/wp\/v2\/pages"}],"about":[{"href":"https:\/\/realestatezajac.com\/de\/wp-json\/wp\/v2\/types\/page"}],"author":[{"embeddable":true,"href":"https:\/\/realestatezajac.com\/de\/wp-json\/wp\/v2\/users\/1"}],"replies":[{"embeddable":true,"href":"https:\/\/realestatezajac.com\/de\/wp-json\/wp\/v2\/comments?post=2146"}],"version-history":[{"count":33,"href":"https:\/\/realestatezajac.com\/de\/wp-json\/wp\/v2\/pages\/2146\/revisions"}],"predecessor-version":[{"id":2295,"href":"https:\/\/realestatezajac.com\/de\/wp-json\/wp\/v2\/pages\/2146\/revisions\/2295"}],"wp:attachment":[{"href":"https:\/\/realestatezajac.com\/de\/wp-json\/wp\/v2\/media?parent=2146"}],"curies":[{"name":"wp","href":"https:\/\/api.w.org\/{rel}","templated":true}]}}