{"id":1775,"date":"2025-10-24T14:06:28","date_gmt":"2025-10-24T14:06:28","guid":{"rendered":"https:\/\/realestatezajac.com\/?page_id=1775"},"modified":"2025-12-23T11:05:45","modified_gmt":"2025-12-23T11:05:45","slug":"impressum","status":"publish","type":"page","link":"https:\/\/realestatezajac.com\/de\/impressum\/","title":{"rendered":"Impressum"},"content":{"rendered":"<p>Karolina Zajac<br>Immobilienmaklerin (IHK)<br>Loydyck 4<br>47638 Straelen<\/p>\n\n\n\n<p>Telefon: +49 (0)176 2939 1293<br>E-Mail: office@realestatezajac.com<\/p>\n\n\n\n<p><strong>Umsatzsteuer-ID<\/strong><br>Umsatzsteuer-Identifikationsnummer gem\u00e4\u00df \u00a7 27 a Umsatzsteuergesetz:<br>DE322773892<\/p>\n\n\n\n<p><strong>Aufsichtsbeh\u00f6rde<\/strong><br>Kreisverwaltung Kleve<br>Nassauerallee 15\u201323<br>47533 Kleve<br>https:\/\/www.kreis-kleve.de<\/p>\n\n\n\n<p>Industrie- und Handelskammer (IHK) Mittlerer Niederrhein \u2013 Standort Krefeld<br>Nordwall 39<br>47798 Krefeld<br>https:\/\/www.ihk-krefeld.de<\/p>\n\n\n\n<p><strong>Angaben zur Berufshaftpflichtversicherung<\/strong><br>Name und Sitz des Versicherers:<br>Generali Deutschland AG<br>Hansaring 40\u201350<br>50670 K\u00f6ln<br>Deutschland<\/p>\n\n\n\n<p><strong>Redaktionell verantwortlich<\/strong><br>Karolina Zajac<\/p>\n\n\n\n<p><strong>Verbraucherstreitbeilegung\/Universalschlichtungsstelle<\/strong><br>Wir sind nicht bereit oder verpflichtet, an Streitbeilegungsverfahren vor einer Verbraucherschlichtungsstelle teilzunehmen.<\/p>\n\n\n\n<p><strong>Angaben gem\u00e4\u00df \u00a7 5 Telemediengesetz \u2013 Diensteanbieterin<\/strong><\/p>\n\n\n\n<p>Karolina Zajac<br>Immobilienmaklerin (IHK)<br><br>Tel.: +49 (0)176 2939 1293<br>E-Mail: office@realestatezajac.com<br>Homepage: www.realestatezajac.com<br>USt-IdNr.: DE322773892<\/p>\n\n\n\n<p>Verantwortlich f\u00fcr den Inhalt nach \u00a7 55 Abs. 2 RStV:<br>Karolina Zajac<\/p>\n\n\n\n<p><strong>Haftungsausschluss<\/strong><\/p>\n\n\n\n<p><em>Haftung f\u00fcr Inhalte<\/em><br>Die Inhalte dieser Seiten wurden mit gr\u00f6\u00dfter Sorgfalt erstellt. F\u00fcr die Richtigkeit, Vollst\u00e4ndigkeit und Aktualit\u00e4t der Inhalte k\u00f6nnen wir jedoch keine Gew\u00e4hr \u00fcbernehmen. Als Diensteanbieter sind wir gem\u00e4\u00df \u00a7 7 Abs. 1 TMG f\u00fcr eigene Inhalte auf diesen Seiten nach den allgemeinen Gesetzen verantwortlich. Nach \u00a7\u00a7 8 bis 10 TMG sind wir als Diensteanbieter jedoch nicht verpflichtet, \u00fcbermittelte oder gespeicherte fremde Informationen zu \u00fcberwachen oder nach Umst\u00e4nden zu forschen, die auf eine rechtswidrige T\u00e4tigkeit hinweisen. Verpflichtungen zur Entfernung oder Sperrung der Nutzung von Informationen nach den allgemeinen Gesetzen bleiben hiervon unber\u00fchrt. Eine diesbez\u00fcgliche Haftung ist jedoch erst ab dem Zeitpunkt der Kenntnis einer konkreten Rechtsverletzung m\u00f6glich. Bei Bekanntwerden von entsprechenden Rechtsverletzungen werden wir diese Inhalte umgehend entfernen.<\/p>\n\n\n\n<p><em>Haftung f\u00fcr Links<\/em><br>Unser Angebot enth\u00e4lt Links zu externen Webseiten Dritter, auf deren Inhalte wir keinen Einfluss haben. Deshalb k\u00f6nnen wir f\u00fcr diese fremden Inhalte auch keine Gew\u00e4hr \u00fcbernehmen. F\u00fcr die Inhalte der verlinkten Seiten ist stets der jeweilige Anbieter oder Betreiber der Seiten verantwortlich. Die verlinkten Seiten wurden zum Zeitpunkt der Verlinkung auf m\u00f6gliche Rechtsverst\u00f6\u00dfe \u00fcberpr\u00fcft. Rechtswidrige Inhalte waren zum Zeitpunkt der Verlinkung nicht erkennbar. Eine permanente inhaltliche Kontrolle der verlinkten Seiten ist jedoch ohne konkrete Anhaltspunkte einer Rechtsverletzung nicht zumutbar. Bei Bekanntwerden von Rechtsverletzungen werden wir derartige Links umgehend entfernen.<\/p>\n\n\n\n<p><strong>Urheberrecht<\/strong><br>Die durch die Diensteanbieterin erstellten Inhalte und Werke auf diesen Seiten unterliegen dem deutschen Urheberrecht. Die Vervielf\u00e4ltigung, Bearbeitung, Verbreitung und jede Art der Verwertung au\u00dferhalb der Grenzen des Urheberrechtes bed\u00fcrfen der schriftlichen Zustimmung des jeweiligen Autors bzw. Erstellers. Downloads und Kopien dieser Seite sind nur f\u00fcr den privaten, nicht kommerziellen Gebrauch gestattet. Soweit die Inhalte auf dieser Seite nicht vom Betreiber erstellt wurden, werden die Urheberrechte Dritter beachtet. Insbesondere werden Inhalte Dritter als solche gekennzeichnet. Sollten Sie trotzdem auf eine Urheberrechtsverletzung aufmerksam werden, bitten wir um einen entsprechenden Hinweis. Bei Bekanntwerden von Rechtsverletzungen werden wir derartige Inhalte umgehend entfernen.<\/p>\n\n\n\n<p><strong>Bilder- und Videorechte<\/strong><br>F\u00fcr diese Website wurden Bilder und Videos aus folgenden Quellen verwendet:<br>Adobe Stock \u00a9 <a href=\"https:\/\/stock.adobe.com\">https:\/\/stock.adobe.com<\/a><\/p>","protected":false},"excerpt":{"rendered":"<p>Karolina ZajacImmobilienmaklerin (IHK)Loydyck 447638 Straelen Telefon: +49 (0)176 2939 1293E-Mail: office@realestatezajac.com Umsatzsteuer-IDUmsatzsteuer-Identifikationsnummer gem\u00e4\u00df \u00a7 27 a Umsatzsteuergesetz:DE322773892 Aufsichtsbeh\u00f6rdeKreisverwaltung KleveNassauerallee 15\u20132347533<\/p>","protected":false},"author":2,"featured_media":0,"parent":0,"menu_order":0,"comment_status":"closed","ping_status":"closed","template":"","meta":{"_acf_changed":false,"footnotes":""},"class_list":["post-1775","page","type-page","status-publish","hentry"],"acf":[],"yoast_head":"<!-- This site is optimized with the Yoast SEO plugin v27.1.1 - https:\/\/yoast.com\/product\/yoast-seo-wordpress\/ -->\n<title>Impressum - Karolina Zaj\u0105c mi\u0119dzynarodowy agent nieruchomo\u015bci<\/title>\n<meta name=\"robots\" content=\"index, follow, max-snippet:-1, max-image-preview:large, max-video-preview:-1\" \/>\n<link rel=\"canonical\" href=\"https:\/\/realestatezajac.com\/de\/impressum\/\" \/>\n<meta property=\"og:locale\" content=\"de_DE\" \/>\n<meta property=\"og:type\" content=\"article\" \/>\n<meta property=\"og:title\" content=\"Impressum - Karolina Zaj\u0105c mi\u0119dzynarodowy agent nieruchomo\u015bci\" \/>\n<meta property=\"og:description\" content=\"Karolina ZajacImmobilienmaklerin (IHK)Loydyck 447638 Straelen Telefon: +49 (0)176 2939 1293E-Mail: office@realestatezajac.com Umsatzsteuer-IDUmsatzsteuer-Identifikationsnummer gem\u00e4\u00df \u00a7 27 a Umsatzsteuergesetz:DE322773892 Aufsichtsbeh\u00f6rdeKreisverwaltung KleveNassauerallee 15\u20132347533\" \/>\n<meta property=\"og:url\" content=\"https:\/\/realestatezajac.com\/de\/impressum\/\" \/>\n<meta property=\"og:site_name\" content=\"Karolina Zaj\u0105c mi\u0119dzynarodowy agent nieruchomo\u015bci\" \/>\n<meta property=\"article:modified_time\" content=\"2025-12-23T11:05:45+00:00\" \/>\n<meta name=\"twitter:card\" content=\"summary_large_image\" \/>\n<meta name=\"twitter:label1\" content=\"Gesch\u00e4tzte Lesezeit\" \/>\n\t<meta name=\"twitter:data1\" content=\"3\u00a0Minuten\" \/>\n<script type=\"application\/ld+json\" class=\"yoast-schema-graph\">{\"@context\":\"https:\/\/schema.org\",\"@graph\":[{\"@type\":\"WebPage\",\"@id\":\"https:\/\/realestatezajac.com\/impressum\/\",\"url\":\"https:\/\/realestatezajac.com\/impressum\/\",\"name\":\"Impressum - Karolina Zaj\u0105c mi\u0119dzynarodowy agent nieruchomo\u015bci\",\"isPartOf\":{\"@id\":\"https:\/\/realestatezajac.com\/#website\"},\"datePublished\":\"2025-10-24T14:06:28+00:00\",\"dateModified\":\"2025-12-23T11:05:45+00:00\",\"breadcrumb\":{\"@id\":\"https:\/\/realestatezajac.com\/impressum\/#breadcrumb\"},\"inLanguage\":\"de\",\"potentialAction\":[{\"@type\":\"ReadAction\",\"target\":[\"https:\/\/realestatezajac.com\/impressum\/\"]}]},{\"@type\":\"BreadcrumbList\",\"@id\":\"https:\/\/realestatezajac.com\/impressum\/#breadcrumb\",\"itemListElement\":[{\"@type\":\"ListItem\",\"position\":1,\"name\":\"Strona g\u0142\u00f3wna\",\"item\":\"https:\/\/realestatezajac.com\/\"},{\"@type\":\"ListItem\",\"position\":2,\"name\":\"Impressum\"}]},{\"@type\":\"WebSite\",\"@id\":\"https:\/\/realestatezajac.com\/#website\",\"url\":\"https:\/\/realestatezajac.com\/\",\"name\":\"Karolina Zaj\u0105c mi\u0119dzynarodowy agent nieruchomo\u015bci\",\"description\":\"agent nieruchomo\u015bci Niemcy, Polska, Cypr\",\"potentialAction\":[{\"@type\":\"SearchAction\",\"target\":{\"@type\":\"EntryPoint\",\"urlTemplate\":\"https:\/\/realestatezajac.com\/?s={search_term_string}\"},\"query-input\":{\"@type\":\"PropertyValueSpecification\",\"valueRequired\":true,\"valueName\":\"search_term_string\"}}],\"inLanguage\":\"de\"}]}<\/script>\n<!-- \/ Yoast SEO plugin. -->","yoast_head_json":{"title":"Impressum - Karolina Zaj\u0105c mi\u0119dzynarodowy agent nieruchomo\u015bci","robots":{"index":"index","follow":"follow","max-snippet":"max-snippet:-1","max-image-preview":"max-image-preview:large","max-video-preview":"max-video-preview:-1"},"canonical":"https:\/\/realestatezajac.com\/de\/impressum\/","og_locale":"de_DE","og_type":"article","og_title":"Impressum - Karolina Zaj\u0105c mi\u0119dzynarodowy agent nieruchomo\u015bci","og_description":"Karolina ZajacImmobilienmaklerin (IHK)Loydyck 447638 Straelen Telefon: +49 (0)176 2939 1293E-Mail: office@realestatezajac.com Umsatzsteuer-IDUmsatzsteuer-Identifikationsnummer gem\u00e4\u00df \u00a7 27 a Umsatzsteuergesetz:DE322773892 Aufsichtsbeh\u00f6rdeKreisverwaltung KleveNassauerallee 15\u20132347533","og_url":"https:\/\/realestatezajac.com\/de\/impressum\/","og_site_name":"Karolina Zaj\u0105c mi\u0119dzynarodowy agent nieruchomo\u015bci","article_modified_time":"2025-12-23T11:05:45+00:00","twitter_card":"summary_large_image","twitter_misc":{"Gesch\u00e4tzte Lesezeit":"3\u00a0Minuten"},"schema":{"@context":"https:\/\/schema.org","@graph":[{"@type":"WebPage","@id":"https:\/\/realestatezajac.com\/impressum\/","url":"https:\/\/realestatezajac.com\/impressum\/","name":"Impressum - Karolina Zaj\u0105c mi\u0119dzynarodowy agent nieruchomo\u015bci","isPartOf":{"@id":"https:\/\/realestatezajac.com\/#website"},"datePublished":"2025-10-24T14:06:28+00:00","dateModified":"2025-12-23T11:05:45+00:00","breadcrumb":{"@id":"https:\/\/realestatezajac.com\/impressum\/#breadcrumb"},"inLanguage":"de","potentialAction":[{"@type":"ReadAction","target":["https:\/\/realestatezajac.com\/impressum\/"]}]},{"@type":"BreadcrumbList","@id":"https:\/\/realestatezajac.com\/impressum\/#breadcrumb","itemListElement":[{"@type":"ListItem","position":1,"name":"Strona g\u0142\u00f3wna","item":"https:\/\/realestatezajac.com\/"},{"@type":"ListItem","position":2,"name":"Impressum"}]},{"@type":"WebSite","@id":"https:\/\/realestatezajac.com\/#website","url":"https:\/\/realestatezajac.com\/","name":"Karolina Zaj\u0105c mi\u0119dzynarodowy agent nieruchomo\u015bci","description":"agent nieruchomo\u015bci Niemcy, Polska, Cypr","potentialAction":[{"@type":"SearchAction","target":{"@type":"EntryPoint","urlTemplate":"https:\/\/realestatezajac.com\/?s={search_term_string}"},"query-input":{"@type":"PropertyValueSpecification","valueRequired":true,"valueName":"search_term_string"}}],"inLanguage":"de"}]}},"_links":{"self":[{"href":"https:\/\/realestatezajac.com\/de\/wp-json\/wp\/v2\/pages\/1775","targetHints":{"allow":["GET"]}}],"collection":[{"href":"https:\/\/realestatezajac.com\/de\/wp-json\/wp\/v2\/pages"}],"about":[{"href":"https:\/\/realestatezajac.com\/de\/wp-json\/wp\/v2\/types\/page"}],"author":[{"embeddable":true,"href":"https:\/\/realestatezajac.com\/de\/wp-json\/wp\/v2\/users\/2"}],"replies":[{"embeddable":true,"href":"https:\/\/realestatezajac.com\/de\/wp-json\/wp\/v2\/comments?post=1775"}],"version-history":[{"count":2,"href":"https:\/\/realestatezajac.com\/de\/wp-json\/wp\/v2\/pages\/1775\/revisions"}],"predecessor-version":[{"id":2124,"href":"https:\/\/realestatezajac.com\/de\/wp-json\/wp\/v2\/pages\/1775\/revisions\/2124"}],"wp:attachment":[{"href":"https:\/\/realestatezajac.com\/de\/wp-json\/wp\/v2\/media?parent=1775"}],"curies":[{"name":"wp","href":"https:\/\/api.w.org\/{rel}","templated":true}]}}